{"id":234645,"date":"2024-11-28T14:57:44","date_gmt":"2024-11-28T14:57:44","guid":{"rendered":"https:\/\/abela.shop\/rs\/?post_type=product&#038;p=234645"},"modified":"2026-04-16T01:59:40","modified_gmt":"2026-04-16T00:59:40","slug":"bebicol-sa-cinkom-kapi-10-ml","status":"publish","type":"product","link":"https:\/\/abela.shop\/rs\/en\/proizvod\/bebicol-sa-cinkom-kapi-10-ml\/","title":{"rendered":"BebiCol\u00ae sa cinkom i vitaminom D3, kapi 10 ml"},"content":{"rendered":"<p><strong>BebiCol<sup>\u00ae<\/sup>\u00a0sa cinkom i vitaminom D3<\/strong> rastvor za oralnu upotrebu je dodatak ishrani koji sadr\u017ei probiotsku kulturu <em>Lacticaseibacillus rhamnosus GG<\/em> u dokazano efikasnoj dozi od 10 milijardi \u017eivih \u0107elija, koja doprinosi stabilnosti i zdravlju digestivnog trakta va\u0161e bebe, kao i cink i vitamin D3, koji doprinose op\u0161tem ja\u010danju imuniteta i prevenciji i tretmanu <a href=\"https:\/\/propomucil.rs\/proizvod\/propomucil-sprej-za-alergije\/\" target=\"_blank\" rel=\"noopener\"><strong>alergija<\/strong><\/a> i atopijskog dermatititisa va\u0161e bebe.<\/p>\n<p><strong>BebiCol<sup>\u00ae <\/sup>sa cinkom i vitaminom D3 se posebno preporu\u010duju kod novoro\u0111en\u010dadi i dece u slu\u010daju:<\/strong><br \/>\n\u2022 akutne dijareje i dijareje izazvane antibioticima<br \/>\n\u2022 atopijskog dermatitisa<br \/>\n\u2022 za ja\u010danje <a href=\"https:\/\/abela.shop\/rs\/proizvod\/bivits-activa-immunity-junior-60-tableta-za-zvakanje\/\"><strong>imuniteta<\/strong><\/a><br \/>\n\u2022 za odr\u017eavanje balansa crevne mikrobiote<\/p>\n<h2>Sastav proizvoda:<\/h2>\n<p>Liofolizovana kultura <em>Lacticaseibacillus rhamnosus GG<\/em>, cink-citrat, holekalciferol, antioksidans \u03b1-tokoferol, suncokretovo ulje.<\/p>\n<h2>Na\u010din upotrebe za novoro\u0111en\u010dad, odoj\u010dad i decu:<\/h2>\n<p>\u2022 14 kapi jednom dnevno.<br \/>\nPre upotrebe obavezno promu\u0107kati. Opalescentan (zamu\u0107en) izgled kapi nakon mu\u0107kanja je uobi\u010dajen i o\u010dekivan. Najbolje je uzeti kapi samostalno na ka\u0161i\u010dici. Kapi se mogu pome\u0161ati sa hranom ili napicima i tako popiti. Pipeta ne treba da se upotrebljava za me\u0161anje BebiCol\u00ae kapi sa drugom te\u010dno\u0161\u0107u ili hranom.<\/p>\n","protected":false},"excerpt":{"rendered":"<p><span class=\"opis-proizvoda\"><i class=\"fa-solid fa-circle-check check-opis-proizvoda\"><\/i>Savr\u0161ena doza dobrih bakterija za zdrav stomak va\u0161e bebe<\/span><br \/>\n<span class=\"opis-proizvoda\"><i class=\"fa-solid fa-circle-check check-opis-proizvoda\"><\/i>Sadr\u017ei jednu od najbolje ispitanih probiotskih kultura na svetu \u2013 <em>Lacticaseibacillus rhamnosus GG<\/em><\/span><br \/>\n<span class=\"opis-proizvoda\"><i class=\"fa-solid fa-circle-check check-opis-proizvoda\"><\/i>Doprinosi celokupnom zdravlju i funkciji digestivnog trakta novoro\u0111en\u010deta, kao i vitamin D3 i cink, koji doprinosi ja\u010danju imuniteta va\u0161e bebe<\/span><br \/>\n<span class=\"opis-proizvoda\"><i class=\"fa-solid fa-circle-check check-opis-proizvoda\"><\/i>Prva preporuka pedijatara za spre\u010davanje dijareja i regulisanje crevne flore novoro\u0111en\u010dadi, beba i dece, sa akcentom na op\u0161te ja\u010danje imuniteta, prevenciju i tretman alergija i atopijskog dermatitisa<\/span><br \/>\n<span class=\"opis-proizvoda\"><i class=\"fa-solid fa-circle-check check-opis-proizvoda\"><\/i>Prevenciju respiratornih infekcija dece u kolektivu<\/span><\/p>\n","protected":false},"featured_media":234678,"comment_status":"open","ping_status":"closed","template":"","meta":{"_acf_changed":false},"product_brand":[],"product_cat":[133,127,72],"product_tag":[],"class_list":{"0":"post-234645","1":"product","2":"type-product","3":"status-publish","4":"has-post-thumbnail","6":"product_cat-akcije","7":"product_cat-imunitet","8":"product_cat-probiotici","10":"first","11":"instock","12":"sale","13":"shipping-taxable","14":"purchasable","15":"product-type-simple"},"acf":[],"jetpack_sharing_enabled":true,"_links":{"self":[{"href":"https:\/\/abela.shop\/rs\/en\/wp-json\/wp\/v2\/product\/234645","targetHints":{"allow":["GET"]}}],"collection":[{"href":"https:\/\/abela.shop\/rs\/en\/wp-json\/wp\/v2\/product"}],"about":[{"href":"https:\/\/abela.shop\/rs\/en\/wp-json\/wp\/v2\/types\/product"}],"replies":[{"embeddable":true,"href":"https:\/\/abela.shop\/rs\/en\/wp-json\/wp\/v2\/comments?post=234645"}],"version-history":[{"count":23,"href":"https:\/\/abela.shop\/rs\/en\/wp-json\/wp\/v2\/product\/234645\/revisions"}],"predecessor-version":[{"id":247850,"href":"https:\/\/abela.shop\/rs\/en\/wp-json\/wp\/v2\/product\/234645\/revisions\/247850"}],"wp:featuredmedia":[{"embeddable":true,"href":"https:\/\/abela.shop\/rs\/en\/wp-json\/wp\/v2\/media\/234678"}],"wp:attachment":[{"href":"https:\/\/abela.shop\/rs\/en\/wp-json\/wp\/v2\/media?parent=234645"}],"wp:term":[{"taxonomy":"product_brand","embeddable":true,"href":"https:\/\/abela.shop\/rs\/en\/wp-json\/wp\/v2\/product_brand?post=234645"},{"taxonomy":"product_cat","embeddable":true,"href":"https:\/\/abela.shop\/rs\/en\/wp-json\/wp\/v2\/product_cat?post=234645"},{"taxonomy":"product_tag","embeddable":true,"href":"https:\/\/abela.shop\/rs\/en\/wp-json\/wp\/v2\/product_tag?post=234645"}],"curies":[{"name":"wp","href":"https:\/\/api.w.org\/{rel}","templated":true}]}}