{"id":234655,"date":"2024-11-28T14:57:47","date_gmt":"2024-11-28T14:57:47","guid":{"rendered":"https:\/\/abela.shop\/rs\/?post_type=product&#038;p=234655"},"modified":"2026-04-16T06:59:31","modified_gmt":"2026-04-16T05:59:31","slug":"propomucil-600-5-kesica","status":"publish","type":"product","link":"https:\/\/abela.shop\/rs\/en\/proizvod\/propomucil-600-5-kesica\/","title":{"rendered":"PropoMucil\u00ae 600, 5 kesica"},"content":{"rendered":"<p><strong>PropoMucil<sup>\u00ae <\/sup>600<\/strong> je dodatak ishrani sa ekstraktom propolisa bogatim polifenolima i prirodno fermentisanim N-acetilcisteinom. Propolis bogat polifenolima ima antibakterijsko, antivirusno, antioksidativno delovanje. Prirodni antimikrobik koji dodatano smiruje iritirane sluznice, uni\u0161tava viruse, bakterije i gljivice, bez alergena i glutena. Prirodni N-acetilcistein je sna\u017ean <a href=\"https:\/\/bivits.com\/proizvod\/alfa-lipoinska-kiselina-300\/\" target=\"_blank\" rel=\"noopener\"><strong>antioksidans<\/strong><\/a> i mukolitik, poma\u017ee u tretmanu simptoma oboljenja disajnih puteva pra\u0107enih stvaranjem \u0161lajma, smanjuje viskoznost mukoznog sekreta, razla\u017ee i olak\u0161ava izbacivanje \u0161lajma.<\/p>\n<p><strong>PropoMucil<sup>\u00ae <\/sup>600<\/strong> klini\u010dki dokazano poma\u017ee izbacivanje sekreta iz disajnih puteva, smanjuje upalna stanja, spre\u010dava infekcije i ja\u010da <a href=\"https:\/\/abela.shop\/rs\/proizvod\/bivits-activa-immunity-booster-30-kesica\/\"><strong>imunitet<\/strong><\/a>. Zna\u010dajna pomo\u0107 za va\u0161e disajne probleme. Poma\u017ee kod akutnih i hroni\u010dnih infekcija donjih i gornjih disajnih puteva.<\/p>\n<h2>Sastav proizvoda:<\/h2>\n<p>Prirodno fermentisani N-acetilcistein, suvi ekstrakt propolisa standardizovan na 12% ukupnih polifenola, sredstvo za pove\u0107anje zapremine: sorbitol, aroma limuna, zasla\u0111iva\u010d: acesulfam K.<\/p>\n<h2>Na\u010din upotrebe:<\/h2>\n<p>Odrasli i deca starija od 14 godina: 1 puta dnevno po kesicu pra\u0161ka, rastvorenog u vodi. Sadr\u017eaj kesice rastvoriti u \u010da\u0161i vode, prome\u0161ati ka\u0161i\u010dicom i popiti odmah.<\/p>\n","protected":false},"excerpt":{"rendered":"<p><span class=\"opis-proizvoda\"><i class=\"fa-solid fa-circle-check check-opis-proizvoda\"><\/i><strong>Olak\u0161ava izbacivanje sekreta iz disajnih puteva<\/strong><\/span><br \/>\n<span class=\"opis-proizvoda\"><i class=\"fa-solid fa-circle-check check-opis-proizvoda\"><\/i>Smanjuje upalna stanja<\/span><br \/>\n<span class=\"opis-proizvoda\"><i class=\"fa-solid fa-circle-check check-opis-proizvoda\"><\/i>Deluje antioksidantno<\/span><br \/>\n<span class=\"opis-proizvoda\"><i class=\"fa-solid fa-circle-check check-opis-proizvoda\"><\/i>Poja\u010dava imuni odgovor organizma<\/span><\/p>\n","protected":false},"featured_media":237895,"comment_status":"open","ping_status":"closed","template":"","meta":{"_acf_changed":false},"product_brand":[],"product_cat":[73],"product_tag":[],"class_list":{"0":"post-234655","1":"product","2":"type-product","3":"status-publish","4":"has-post-thumbnail","6":"product_cat-respiratorni-sistem","8":"first","9":"instock","10":"shipping-taxable","11":"purchasable","12":"product-type-simple"},"acf":[],"jetpack_sharing_enabled":true,"_links":{"self":[{"href":"https:\/\/abela.shop\/rs\/en\/wp-json\/wp\/v2\/product\/234655","targetHints":{"allow":["GET"]}}],"collection":[{"href":"https:\/\/abela.shop\/rs\/en\/wp-json\/wp\/v2\/product"}],"about":[{"href":"https:\/\/abela.shop\/rs\/en\/wp-json\/wp\/v2\/types\/product"}],"replies":[{"embeddable":true,"href":"https:\/\/abela.shop\/rs\/en\/wp-json\/wp\/v2\/comments?post=234655"}],"version-history":[{"count":17,"href":"https:\/\/abela.shop\/rs\/en\/wp-json\/wp\/v2\/product\/234655\/revisions"}],"predecessor-version":[{"id":247728,"href":"https:\/\/abela.shop\/rs\/en\/wp-json\/wp\/v2\/product\/234655\/revisions\/247728"}],"wp:featuredmedia":[{"embeddable":true,"href":"https:\/\/abela.shop\/rs\/en\/wp-json\/wp\/v2\/media\/237895"}],"wp:attachment":[{"href":"https:\/\/abela.shop\/rs\/en\/wp-json\/wp\/v2\/media?parent=234655"}],"wp:term":[{"taxonomy":"product_brand","embeddable":true,"href":"https:\/\/abela.shop\/rs\/en\/wp-json\/wp\/v2\/product_brand?post=234655"},{"taxonomy":"product_cat","embeddable":true,"href":"https:\/\/abela.shop\/rs\/en\/wp-json\/wp\/v2\/product_cat?post=234655"},{"taxonomy":"product_tag","embeddable":true,"href":"https:\/\/abela.shop\/rs\/en\/wp-json\/wp\/v2\/product_tag?post=234655"}],"curies":[{"name":"wp","href":"https:\/\/api.w.org\/{rel}","templated":true}]}}