{"id":234656,"date":"2024-11-28T14:57:47","date_gmt":"2024-11-28T14:57:47","guid":{"rendered":"https:\/\/abela.shop\/rs\/?post_type=product&#038;p=234656"},"modified":"2026-04-16T05:00:10","modified_gmt":"2026-04-16T04:00:10","slug":"propomucil-pretprehlada-5-kesica","status":"publish","type":"product","link":"https:\/\/abela.shop\/rs\/en\/proizvod\/propomucil-pretprehlada-5-kesica\/","title":{"rendered":"PropoMucil\u00ae Pretprehlada, 5 kesica"},"content":{"rendered":"<p><strong>PropoMucil<sup>\u00ae <\/sup>P<\/strong><strong>retprehlada<\/strong>, pra\u0161ak za pripremu napitka je dodatak ishrani sa ekstraktom \u0111umbira, propolisa i ploda acerole, N-acetilcisteinom, medom i <a href=\"https:\/\/abela.shop\/rs\/proizvod\/bivits-activa-cink-60-tableta\/\"><strong>cinkom<\/strong><\/a>. Propolis predstavlja prvu liniju odbrane protiv virusa i bakterija, poma\u017eu\u0107i u odr\u017eavanju optimalne funkcije imunolo\u0161kog sistema. N-acetilcistein kao <a href=\"https:\/\/bivits.com\/proizvod\/alfa-lipoinska-kiselina-300\/\" target=\"_blank\" rel=\"noopener\"><strong>antioksidans<\/strong><\/a> i sna\u017ean mukolitik smanjuje viskoznost mukoznog sekreta, razla\u017ee i olak\u0161ava izbacivanje \u0161lajma. \u0110umbir doprinosi prirodnoj odbrani organizma, odr\u017eavanju zdravlja disajnih puteva, podizanju imuniteta i antioksidativnom delovanju. Organski med svojim prirodnim antimikrobnim svojstvima doprinosi eliminaciji virusa i bakterija. Vitamin C igra klju\u010dnu ulogu u ja\u010danju imunolo\u0161kog sistema. Cink igra vitalnu ulogu u odbrani od infekcija, podsti\u010du\u0107i produkciju belih krvnih zrnaca i ja\u010daju\u0107i op\u0161tu otpornost organizma.<\/p>\n<h2>Sastav proizvoda:<\/h2>\n<p>Suvi ekstrakt ploda acerole, suvi ekstrakt ploda acerola, suvi ekstrakt rizoma \u0111umbira, med, sme\u0161a sa 20% subog ekstrakta propolisa standardizovanog na 12% ukupnih polifenola i sa 20% N-acetilcisteina, aroma limuna, limunska kiselina, arome: ruzmarina, limete, zasla\u0111iva\u010d: acesulfam K, cink citrat, sredstvo za pove\u0107anje zapremine, sorbitol.<\/p>\n<h2>Na\u010din upotrebe:<\/h2>\n<p>Odrasli i deca starija od 6 godina: 1 kesica dva puta dnevno. Sadr\u017eaj kesice rastvoriti u \u010da\u0161i vode, prome\u0161ati i popiti odmah.<\/p>\n","protected":false},"excerpt":{"rendered":"<p><span class=\"opis-proizvoda\"><i class=\"fa-solid fa-circle-check check-opis-proizvoda\"><\/i><strong>Brzo i efikasno spre\u010dava prehladu jo\u0161 kod prvih simptoma (kijanje, curenje sekreta iz nosa, ka\u0161alj, jeza, bolno grlo i peckanje u grlu)<\/strong><\/span><br \/>\n<span class=\"opis-proizvoda\"><i class=\"fa-solid fa-circle-check check-opis-proizvoda\"><\/i>Prirodna inovativna kombinacija propolisa i N-acetilcisteina uz dodatak acerole (prirodni vitamin C), \u0111umbira, organskog meda i cinka spre\u010dava prehladu jo\u0161 u za\u010detku<\/span><br \/>\n<span class=\"opis-proizvoda\"><i class=\"fa-solid fa-circle-check check-opis-proizvoda\"><\/i>Ja\u010da imuni sistem<\/span><br \/>\n<span class=\"opis-proizvoda\"><i class=\"fa-solid fa-circle-check check-opis-proizvoda\"><\/i>Spre\u010dava \u0161irenje virusnih, bakterijskih i gljivi\u010dnih infekcija<\/span><br \/>\n<span class=\"opis-proizvoda\"><i class=\"fa-solid fa-circle-check check-opis-proizvoda\"><\/i>Poma\u017ee da se prehlada spre\u010di u za\u010detku \u2013 uzmite na prve znake prehlade<\/span><\/p>\n","protected":false},"featured_media":234700,"comment_status":"open","ping_status":"closed","template":"","meta":{"_acf_changed":false},"product_brand":[],"product_cat":[73],"product_tag":[],"class_list":{"0":"post-234656","1":"product","2":"type-product","3":"status-publish","4":"has-post-thumbnail","6":"product_cat-respiratorni-sistem","8":"first","9":"instock","10":"shipping-taxable","11":"purchasable","12":"product-type-simple"},"acf":[],"jetpack_sharing_enabled":true,"_links":{"self":[{"href":"https:\/\/abela.shop\/rs\/en\/wp-json\/wp\/v2\/product\/234656","targetHints":{"allow":["GET"]}}],"collection":[{"href":"https:\/\/abela.shop\/rs\/en\/wp-json\/wp\/v2\/product"}],"about":[{"href":"https:\/\/abela.shop\/rs\/en\/wp-json\/wp\/v2\/types\/product"}],"replies":[{"embeddable":true,"href":"https:\/\/abela.shop\/rs\/en\/wp-json\/wp\/v2\/comments?post=234656"}],"version-history":[{"count":17,"href":"https:\/\/abela.shop\/rs\/en\/wp-json\/wp\/v2\/product\/234656\/revisions"}],"predecessor-version":[{"id":247736,"href":"https:\/\/abela.shop\/rs\/en\/wp-json\/wp\/v2\/product\/234656\/revisions\/247736"}],"wp:featuredmedia":[{"embeddable":true,"href":"https:\/\/abela.shop\/rs\/en\/wp-json\/wp\/v2\/media\/234700"}],"wp:attachment":[{"href":"https:\/\/abela.shop\/rs\/en\/wp-json\/wp\/v2\/media?parent=234656"}],"wp:term":[{"taxonomy":"product_brand","embeddable":true,"href":"https:\/\/abela.shop\/rs\/en\/wp-json\/wp\/v2\/product_brand?post=234656"},{"taxonomy":"product_cat","embeddable":true,"href":"https:\/\/abela.shop\/rs\/en\/wp-json\/wp\/v2\/product_cat?post=234656"},{"taxonomy":"product_tag","embeddable":true,"href":"https:\/\/abela.shop\/rs\/en\/wp-json\/wp\/v2\/product_tag?post=234656"}],"curies":[{"name":"wp","href":"https:\/\/api.w.org\/{rel}","templated":true}]}}