{"id":234659,"date":"2024-11-28T14:57:48","date_gmt":"2024-11-28T14:57:48","guid":{"rendered":"https:\/\/abela.shop\/rs\/?post_type=product&#038;p=234659"},"modified":"2026-04-16T05:00:09","modified_gmt":"2026-04-16T04:00:09","slug":"propomucil-physio-hypertonic-30-ml","status":"publish","type":"product","link":"https:\/\/abela.shop\/rs\/en\/proizvod\/propomucil-physio-hypertonic-30-ml\/","title":{"rendered":"PropoMucil\u00ae PHYSIO hypertonic, 30 ml"},"content":{"rendered":"<p><strong>PropoMucil<sup>\u00ae <\/sup>PHYSIO hypertonic<\/strong> je prirodan proizvod namenjen ispiranju nosne sluzoko\u017ee i nosne \u0161upljine. Zahvalju\u0107i bogatim sastojcima &#8211; propolisu bogatom polifenolima, sa prirodnim N-acetilcisteinom, etarskim uljima nane i eukaliptusa u hipertoni\u010dnom fiziolo\u0161kom rastvoru,<\/p>\n<p><strong>PropoMucil<sup>\u00ae <\/sup>PHYSIO hypertonic<\/strong> \u010disti nos i olak\u0161ava disanje i pritisak u sinusima i nosu, pru\u017ea <a href=\"https:\/\/propomucil.rs\/alergije\/\" target=\"_blank\" rel=\"noopener\"><strong>za\u0161titu od alergenih \u010destica<\/strong><\/a> i reguli\u0161e vla\u017enost nosne sluzoko\u017ee.<\/p>\n<p>Prirodni propolis predstavlja prvu liniju odbrane protiv virusa i bakterija, poma\u017ee u odr\u017eavanju optimalne funkcije <a href=\"https:\/\/abela.shop\/rs\/proizvod\/bivits-activa-immunity-booster-30-kesica\/\"><strong>imunolo\u0161kog sistema<\/strong><\/a> i pru\u017ea olak\u0161anje od neprijatnih simptoma prehlade. Prirodni N-acetilcistein kao sna\u017ean antioksidans i mukolitik smanjuje viskoznost mukoznog sekreta, razla\u017ee i olak\u0161ava izbacivanje sekreta. Etarsko ulje nane uspe\u0161no doprinosi otpu\u0161avanju i izbacivanju sekreta iz nosa \u010dime olak\u0161ava disanje. Etarsko ulje eukaliptusa ima dekongestivno dejstvo, \u0161iri disajne puteve i olak\u0161ava disanje.<\/p>\n<h2>Sastav proizvoda:<\/h2>\n<p>Pre\u010di\u0161\u0107ena voda, sorbitol, natrijum hlorid, natrijum EDTA, sme\u0161a sa 20% suvog ekstrakta propolisa standardizovanog na 12% ukupnih polifenola i sa 20% N- acetilcisteina, tween 20, etarsko ulje nane, natrijum hidrogen karbonat, benzalkonijum hlorid, etarsko ulje eukaliptusa.<\/p>\n<h2>Na\u010din upotrebe:<\/h2>\n<p>Vi\u0161e puta u toku dana naprskati sprej u nosnu duplju, po potrebi.<\/p>\n","protected":false},"excerpt":{"rendered":"<p>Prva preporuka za svakodnevnu toaletu nosa.<\/p>\n<p>Prirodni inovativni proizvod propolisa sa prirodnim N-acetilcisteinom, uz dodatak etarskih ulja nane i eukaliptusa u fiziolo\u0161kom rastvoru hypertonic efikasno poma\u017ee u ubla\u017eavanju simptoma sinuzitisa, alergijskog rinitisa i prehlade, pru\u017eaju\u0107i brz oporavak<\/p>\n<p><span class=\"opis-proizvoda\"><i class=\"fa-solid fa-circle-check check-opis-proizvoda\"><\/i><strong>\u010cisti nos i olak\u0161ava disanje<\/strong><\/span><br \/>\n<span class=\"opis-proizvoda\"><i class=\"fa-solid fa-circle-check check-opis-proizvoda\"><\/i>Olak\u0161ava pritisak u sinusima i nosu<\/span><br \/>\n<span class=\"opis-proizvoda\"><i class=\"fa-solid fa-circle-check check-opis-proizvoda\"><\/i>Pru\u017ea za\u0161titu od alergena<\/span><br \/>\n<span class=\"opis-proizvoda\"><i class=\"fa-solid fa-circle-check check-opis-proizvoda\"><\/i>Reguli\u0161e vla\u017enost nosne sluzoko\u017ee<\/span><\/p>\n","protected":false},"featured_media":234706,"comment_status":"open","ping_status":"closed","template":"","meta":{"_acf_changed":false},"product_brand":[],"product_cat":[73],"product_tag":[124],"class_list":{"0":"post-234659","1":"product","2":"type-product","3":"status-publish","4":"has-post-thumbnail","6":"product_cat-respiratorni-sistem","7":"product_tag-propomucil-physio","9":"first","10":"instock","11":"shipping-taxable","12":"purchasable","13":"product-type-simple"},"acf":[],"jetpack_sharing_enabled":true,"_links":{"self":[{"href":"https:\/\/abela.shop\/rs\/en\/wp-json\/wp\/v2\/product\/234659","targetHints":{"allow":["GET"]}}],"collection":[{"href":"https:\/\/abela.shop\/rs\/en\/wp-json\/wp\/v2\/product"}],"about":[{"href":"https:\/\/abela.shop\/rs\/en\/wp-json\/wp\/v2\/types\/product"}],"replies":[{"embeddable":true,"href":"https:\/\/abela.shop\/rs\/en\/wp-json\/wp\/v2\/comments?post=234659"}],"version-history":[{"count":21,"href":"https:\/\/abela.shop\/rs\/en\/wp-json\/wp\/v2\/product\/234659\/revisions"}],"predecessor-version":[{"id":247734,"href":"https:\/\/abela.shop\/rs\/en\/wp-json\/wp\/v2\/product\/234659\/revisions\/247734"}],"wp:featuredmedia":[{"embeddable":true,"href":"https:\/\/abela.shop\/rs\/en\/wp-json\/wp\/v2\/media\/234706"}],"wp:attachment":[{"href":"https:\/\/abela.shop\/rs\/en\/wp-json\/wp\/v2\/media?parent=234659"}],"wp:term":[{"taxonomy":"product_brand","embeddable":true,"href":"https:\/\/abela.shop\/rs\/en\/wp-json\/wp\/v2\/product_brand?post=234659"},{"taxonomy":"product_cat","embeddable":true,"href":"https:\/\/abela.shop\/rs\/en\/wp-json\/wp\/v2\/product_cat?post=234659"},{"taxonomy":"product_tag","embeddable":true,"href":"https:\/\/abela.shop\/rs\/en\/wp-json\/wp\/v2\/product_tag?post=234659"}],"curies":[{"name":"wp","href":"https:\/\/api.w.org\/{rel}","templated":true}]}}