{"id":234660,"date":"2024-11-28T14:57:48","date_gmt":"2024-11-28T14:57:48","guid":{"rendered":"https:\/\/abela.shop\/rs\/?post_type=product&#038;p=234660"},"modified":"2026-04-16T05:00:09","modified_gmt":"2026-04-16T04:00:09","slug":"propomucil-physio-isotonic-30-ml","status":"publish","type":"product","link":"https:\/\/abela.shop\/rs\/en\/proizvod\/propomucil-physio-isotonic-30-ml\/","title":{"rendered":"PropoMucil\u00ae PHYSIO isotonic, 30 ml"},"content":{"rendered":"<p><strong>PropoMucil<sup>\u00ae <\/sup>PHYSIO isotonic<\/strong> je prirodan proizvod namenjen ispiranju nosne sluzoko\u017ee i nosne \u0161upljine. Zahvalju\u0107i bogatim sastojcima &#8211; propolisu bogatom polifenolima, sa prirodnim N-acetilcisteinom, etarskim uljima nane i eukaliptusa u fiziolo\u0161kom rastvoru isotonic, <strong>PropoMucil<sup>\u00ae <\/sup>PHYSIO isotonic<\/strong> <a href=\"https:\/\/abela.shop\/rs\/proizvod\/propomucil-extra-strong-sprej-za-nos-20-ml\/\"><strong>\u010disti nos<\/strong><\/a> i olak\u0161ava disanje i pritisak u sinusima i nosu, pru\u017ea<a href=\"https:\/\/propomucil.rs\/zapusen-nos\/\" target=\"_blank\" rel=\"noopener\"> <strong>za\u0161titu od alergenih \u010destica<\/strong><\/a> i reguli\u0161e vla\u017enost nosne sluzoko\u017ee.<\/p>\n<p>Prirodni propolis predstavlja prvu liniju odbrane protiv virusa i bakterija, poma\u017ee u odr\u017eavanju optimalne funkcije imunolo\u0161kog sistema i pru\u017ea olak\u0161anje od neprijatnih simptoma prehlade. Prirodni N-acetilcistein kao sna\u017ean antioksidans i mukolitik smanjuje viskoznost mukoznog sekreta, razla\u017ee i olak\u0161ava izbacivanje sekreta. Etarsko ulje nane uspe\u0161no doprinosi otpu\u0161avanju i izbacivanju sekreta iz nosa \u010dime olak\u0161ava disanje. Etarsko ulje eukaliptusa ima dekongestivno dejstvo, \u0161iri disajne puteve i olak\u0161ava disanje.<\/p>\n<h2>Sastav proizvoda:<\/h2>\n<p>Pre\u010di\u0161\u0107ena voda, sorbitol, natrijum hlorid, natrijum EDTA, sme\u0161a sa 20% suvog ekstrakta propolisa standardizovanog na 12% ukupnih polifenola i sa 20% N- acetilcisteina, tween 20, etarsko ulje nane, natrijum hidrogen karbonat, benzalkonijum hlorid, etarsko ulje eukaliptusa.<\/p>\n","protected":false},"excerpt":{"rendered":"<p><span class=\"opis-proizvoda\"><i class=\"fa-solid fa-circle-check check-opis-proizvoda\"><\/i><strong>Prva preporuka za svakodnevnu toaletu nosa<\/strong><\/span><br \/>\n<span class=\"opis-proizvoda\"><i class=\"fa-solid fa-circle-check check-opis-proizvoda\"><\/i>Prirodni inovativni proizvod propolisa sa prirodnim N-acetilcisteinom uz dodatak etarskih ulja nane i eukaliptusa u fiziolo\u0161kom rastvoru isotonic<\/span><br \/>\n<span class=\"opis-proizvoda\"><i class=\"fa-solid fa-circle-check check-opis-proizvoda\"><\/i>Slu\u017ei ne samo za higijenu nosa, ve\u0107 i za odr\u017eavanje zdravlja nosne \u0161upljine<\/span><br \/>\n<span class=\"opis-proizvoda\"><i class=\"fa-solid fa-circle-check check-opis-proizvoda\"><\/i>Formulisan kao isotonic, pru\u017ea delikatno \u010di\u0161\u0107enje i vla\u017eenje nosne sluznice<\/span><\/p>\n","protected":false},"featured_media":234708,"comment_status":"open","ping_status":"closed","template":"","meta":{"_acf_changed":false},"product_brand":[],"product_cat":[73],"product_tag":[124],"class_list":{"0":"post-234660","1":"product","2":"type-product","3":"status-publish","4":"has-post-thumbnail","6":"product_cat-respiratorni-sistem","7":"product_tag-propomucil-physio","9":"first","10":"outofstock","11":"shipping-taxable","12":"purchasable","13":"product-type-simple"},"acf":[],"jetpack_sharing_enabled":true,"_links":{"self":[{"href":"https:\/\/abela.shop\/rs\/en\/wp-json\/wp\/v2\/product\/234660","targetHints":{"allow":["GET"]}}],"collection":[{"href":"https:\/\/abela.shop\/rs\/en\/wp-json\/wp\/v2\/product"}],"about":[{"href":"https:\/\/abela.shop\/rs\/en\/wp-json\/wp\/v2\/types\/product"}],"replies":[{"embeddable":true,"href":"https:\/\/abela.shop\/rs\/en\/wp-json\/wp\/v2\/comments?post=234660"}],"version-history":[{"count":21,"href":"https:\/\/abela.shop\/rs\/en\/wp-json\/wp\/v2\/product\/234660\/revisions"}],"predecessor-version":[{"id":247735,"href":"https:\/\/abela.shop\/rs\/en\/wp-json\/wp\/v2\/product\/234660\/revisions\/247735"}],"wp:featuredmedia":[{"embeddable":true,"href":"https:\/\/abela.shop\/rs\/en\/wp-json\/wp\/v2\/media\/234708"}],"wp:attachment":[{"href":"https:\/\/abela.shop\/rs\/en\/wp-json\/wp\/v2\/media?parent=234660"}],"wp:term":[{"taxonomy":"product_brand","embeddable":true,"href":"https:\/\/abela.shop\/rs\/en\/wp-json\/wp\/v2\/product_brand?post=234660"},{"taxonomy":"product_cat","embeddable":true,"href":"https:\/\/abela.shop\/rs\/en\/wp-json\/wp\/v2\/product_cat?post=234660"},{"taxonomy":"product_tag","embeddable":true,"href":"https:\/\/abela.shop\/rs\/en\/wp-json\/wp\/v2\/product_tag?post=234660"}],"curies":[{"name":"wp","href":"https:\/\/api.w.org\/{rel}","templated":true}]}}