{"id":234732,"date":"2024-11-28T14:58:14","date_gmt":"2024-11-28T14:58:14","guid":{"rendered":"https:\/\/abela.shop\/rs\/?post_type=product&#038;p=234732"},"modified":"2026-04-16T05:00:08","modified_gmt":"2026-04-16T04:00:08","slug":"herbiko-250-ml","status":"publish","type":"product","link":"https:\/\/abela.shop\/rs\/en\/proizvod\/herbiko-250-ml\/","title":{"rendered":"HERBIKO\u00ae, 250 ml"},"content":{"rendered":"<h2><strong>HERBIKO<sup>\u00ae<\/sup><\/strong><\/h2>\n<p><strong>HERBIKO<sup>\u00ae\u00a0<\/sup><\/strong> je dodatak ishrani sa biljnim sastojcima ekstrakom belog sleza, korena jagor\u010devine, cvasti kamilice, lista bosiljka i vitamina C, namenjen primeni i kod suvog i kod produktivnog ka\u0161lja. Zahvaljuju\u0107i zajedni\u010dkom delovanju prirodnih aktivnih sastojaka doprinosi pozitivnom uticaju na sluzoko\u017eu disajnih puteva, obla\u017ee sluzoko\u017eu <a href=\"https:\/\/propomucil.rs\/proizvod\/sprej-za-grlo-za-decu-i-odrasle\/\" target=\"_blank\" rel=\"noopener\"><strong>grla<\/strong><\/a>, umiruje napade ka\u0161lja, otvara disajne puteve, razla\u017ee gust sekret i olak\u0161ava iska\u0161ljavanje.<\/p>\n<p>Beli slez ima antibakterijska svojstva, obla\u017ee sluzoko\u017eu \u017edrela, \u0161titi je od nadra\u017eaja i umiruje ka\u0161alj. Jagor\u010devina doprinosi smirivanju nadra\u017eenosti grla, \u017edrela i glasnih \u017eica, i iska\u0161ljavanju bronhijalnog sekreta. Kamilica deluje protivupalno, antisepti\u010dno i antibakterijski, smanjuje iritacije na sluznicama disajnih puteva. Bosiljak ima antiupalno dejstvo i spre\u010dava razvoj infekcija.<a href=\"https:\/\/abela.shop\/rs\/proizvod\/bivits-activa-vitamin-c-1000-acerola-60-tableta\/\"><strong> Vitamin C<\/strong><\/a> doprinosi otpornosti i spre\u010davanju razvoja infekcija.<\/p>\n<h2>Sastav proizvoda:<\/h2>\n<p>Te\u010dni ekstrakt korena belog sleza, te\u010dni ekstrakt korena jagor\u010devine, te\u010dni ekstrakt cvasti kamilice, te\u010dni ekstrakt lista bosiljka, vitamin C, pre\u010di\u0161\u0107ena voda, zgu\u0161njiva\u010d sorbitol, konzervans: natrijum benzoat, zasla\u0111iva\u010d acesulfam K.<\/p>\n<h2>Na\u010din upotrebe:<\/h2>\n<p>Odrasli i deca starija od 12 godina: Tri puta dnevno po jednu veliku ka\u0161iku (15 ml). Deca od 4 do 12 godina tri puta dnevno po jednu malu ka\u0161iku. Doza se mo\u017ee odmeriti i prilo\u017eenom graduisanom mericom. Pre upotrebe promu\u0107kati!<\/p>\n","protected":false},"excerpt":{"rendered":"<p><span class=\"opis-proizvoda\"><i class=\"fa-solid fa-circle-check check-opis-proizvoda\"><\/i><strong>Prirodan vi\u0161ekomponentni preparat koji poma\u017ee i kod suvog i kod produktivnog ka\u0161lja<\/strong><\/span><br \/>\n<span class=\"opis-proizvoda\"><i class=\"fa-solid fa-circle-check check-opis-proizvoda\"><\/i>U velikom porodi\u010dnom pakovanju i bez \u0161e\u0107era<\/span><br \/>\n<span class=\"opis-proizvoda\"><i class=\"fa-solid fa-circle-check check-opis-proizvoda\"><\/i>Razre\u0111uje sekret<\/span><br \/>\n<span class=\"opis-proizvoda\"><i class=\"fa-solid fa-circle-check check-opis-proizvoda\"><\/i>Poma\u017ee izbacivanje sekreta<\/span><br \/>\n<span class=\"opis-proizvoda\"><i class=\"fa-solid fa-circle-check check-opis-proizvoda\"><\/i>Spre\u010dava napade i nadra\u017eaj na ka\u0161alj<\/span><br \/>\n<span class=\"opis-proizvoda\"><i class=\"fa-solid fa-circle-check check-opis-proizvoda\"><\/i>Olak\u0161ava disanje<\/span><br \/>\n<span class=\"opis-proizvoda\"><i class=\"fa-solid fa-circle-check check-opis-proizvoda\"><\/i>Obla\u017ee sluzoko\u017eu<\/span><br \/>\n<span class=\"opis-proizvoda\"><i class=\"fa-solid fa-circle-check check-opis-proizvoda\"><\/i>Umiruje upale disajnih puteva<\/span><\/p>\n","protected":false},"featured_media":236874,"comment_status":"open","ping_status":"closed","template":"","meta":{"_acf_changed":false},"product_brand":[],"product_cat":[73],"product_tag":[],"class_list":{"0":"post-234732","1":"product","2":"type-product","3":"status-publish","4":"has-post-thumbnail","6":"product_cat-respiratorni-sistem","8":"first","9":"instock","10":"shipping-taxable","11":"purchasable","12":"product-type-simple"},"acf":[],"jetpack_sharing_enabled":true,"_links":{"self":[{"href":"https:\/\/abela.shop\/rs\/en\/wp-json\/wp\/v2\/product\/234732","targetHints":{"allow":["GET"]}}],"collection":[{"href":"https:\/\/abela.shop\/rs\/en\/wp-json\/wp\/v2\/product"}],"about":[{"href":"https:\/\/abela.shop\/rs\/en\/wp-json\/wp\/v2\/types\/product"}],"replies":[{"embeddable":true,"href":"https:\/\/abela.shop\/rs\/en\/wp-json\/wp\/v2\/comments?post=234732"}],"version-history":[{"count":28,"href":"https:\/\/abela.shop\/rs\/en\/wp-json\/wp\/v2\/product\/234732\/revisions"}],"predecessor-version":[{"id":247865,"href":"https:\/\/abela.shop\/rs\/en\/wp-json\/wp\/v2\/product\/234732\/revisions\/247865"}],"wp:featuredmedia":[{"embeddable":true,"href":"https:\/\/abela.shop\/rs\/en\/wp-json\/wp\/v2\/media\/236874"}],"wp:attachment":[{"href":"https:\/\/abela.shop\/rs\/en\/wp-json\/wp\/v2\/media?parent=234732"}],"wp:term":[{"taxonomy":"product_brand","embeddable":true,"href":"https:\/\/abela.shop\/rs\/en\/wp-json\/wp\/v2\/product_brand?post=234732"},{"taxonomy":"product_cat","embeddable":true,"href":"https:\/\/abela.shop\/rs\/en\/wp-json\/wp\/v2\/product_cat?post=234732"},{"taxonomy":"product_tag","embeddable":true,"href":"https:\/\/abela.shop\/rs\/en\/wp-json\/wp\/v2\/product_tag?post=234732"}],"curies":[{"name":"wp","href":"https:\/\/api.w.org\/{rel}","templated":true}]}}