{"id":234735,"date":"2024-11-28T14:58:15","date_gmt":"2024-11-28T14:58:15","guid":{"rendered":"https:\/\/abela.shop\/rs\/?post_type=product&#038;p=234735"},"modified":"2026-04-16T05:00:08","modified_gmt":"2026-04-16T04:00:08","slug":"amucil-600-10-kesica","status":"publish","type":"product","link":"https:\/\/abela.shop\/rs\/en\/proizvod\/amucil-600-10-kesica\/","title":{"rendered":"Amucil\u00ae 600, 10 kesica"},"content":{"rendered":"<h2><strong>Amucil<sup>\u00ae <\/sup>600<\/strong><\/h2>\n<p><strong>Amucil<sup>\u00ae <\/sup>600,<\/strong> <strong>pra\u0161ak za pripremu napitka<\/strong> je dodatak ishrani sa prirodno fermentisanim N-acetilcisteinom (NAC). NAC predstavlja bioaktivno jedinjenje i to derivat amino kiseline i L-cisteina. <a href=\"https:\/\/propomucil.rs\/kasalj\/\" target=\"_blank\" rel=\"noopener\"><strong>Olak\u0161ava iska\u0161ljavanje<\/strong><\/a> i poma\u017ee organizmu da se izbori sa pove\u0107anim <a href=\"https:\/\/abela.shop\/rs\/proizvod\/bivits-activa-alfa-lipoinska-kiselina-300-60-kapsula\/\"><strong>oksidativnim stresom<\/strong><\/a>.<\/p>\n<h2>Sastav proizvoda:<\/h2>\n<p>N-acetilcistein, aroma limuna, sredstvo za pove\u0107anje zapremine: sorbitol, zasla\u0111iva\u010d: acesulfam K.<\/p>\n<h2>Na\u010din upotrebe:<\/h2>\n<p>Odrasli i deca uzrasta iznad 14 godina: Jednom dnevno sadr\u017eaj kesice rastvoriti u \u010da\u0161i vode, prome\u0161ati i odmah popiti.<\/p>\n","protected":false},"excerpt":{"rendered":"<p><span class=\"opis-proizvoda\"><i class=\"fa-solid fa-circle-check check-opis-proizvoda\"><\/i><strong>Prirodno fermentisani N-acetilcistein<\/strong><\/span><br \/>\n<span class=\"opis-proizvoda\"><i class=\"fa-solid fa-circle-check check-opis-proizvoda\"><\/i>Sna\u017ean antioksidans<\/span><br \/>\n<span class=\"opis-proizvoda\"><i class=\"fa-solid fa-circle-check check-opis-proizvoda\"><\/i>Olak\u0161ava iska\u0161ljavanje<\/span><br \/>\n<span class=\"opis-proizvoda\"><i class=\"fa-solid fa-circle-check check-opis-proizvoda\"><\/i>Deluje protivupalno<\/span><br \/>\n<span class=\"opis-proizvoda\"><i class=\"fa-solid fa-circle-check check-opis-proizvoda\"><\/i>Smanjuje infekcije disajnih puteva<\/span><\/p>\n","protected":false},"featured_media":234765,"comment_status":"open","ping_status":"closed","template":"","meta":{"_acf_changed":false},"product_brand":[],"product_cat":[73],"product_tag":[],"class_list":{"0":"post-234735","1":"product","2":"type-product","3":"status-publish","4":"has-post-thumbnail","6":"product_cat-respiratorni-sistem","8":"first","9":"instock","10":"shipping-taxable","11":"purchasable","12":"product-type-simple"},"acf":[],"jetpack_sharing_enabled":true,"_links":{"self":[{"href":"https:\/\/abela.shop\/rs\/en\/wp-json\/wp\/v2\/product\/234735","targetHints":{"allow":["GET"]}}],"collection":[{"href":"https:\/\/abela.shop\/rs\/en\/wp-json\/wp\/v2\/product"}],"about":[{"href":"https:\/\/abela.shop\/rs\/en\/wp-json\/wp\/v2\/types\/product"}],"replies":[{"embeddable":true,"href":"https:\/\/abela.shop\/rs\/en\/wp-json\/wp\/v2\/comments?post=234735"}],"version-history":[{"count":20,"href":"https:\/\/abela.shop\/rs\/en\/wp-json\/wp\/v2\/product\/234735\/revisions"}],"predecessor-version":[{"id":247845,"href":"https:\/\/abela.shop\/rs\/en\/wp-json\/wp\/v2\/product\/234735\/revisions\/247845"}],"wp:featuredmedia":[{"embeddable":true,"href":"https:\/\/abela.shop\/rs\/en\/wp-json\/wp\/v2\/media\/234765"}],"wp:attachment":[{"href":"https:\/\/abela.shop\/rs\/en\/wp-json\/wp\/v2\/media?parent=234735"}],"wp:term":[{"taxonomy":"product_brand","embeddable":true,"href":"https:\/\/abela.shop\/rs\/en\/wp-json\/wp\/v2\/product_brand?post=234735"},{"taxonomy":"product_cat","embeddable":true,"href":"https:\/\/abela.shop\/rs\/en\/wp-json\/wp\/v2\/product_cat?post=234735"},{"taxonomy":"product_tag","embeddable":true,"href":"https:\/\/abela.shop\/rs\/en\/wp-json\/wp\/v2\/product_tag?post=234735"}],"curies":[{"name":"wp","href":"https:\/\/api.w.org\/{rel}","templated":true}]}}