{"id":234739,"date":"2024-11-28T14:58:15","date_gmt":"2024-11-28T14:58:15","guid":{"rendered":"https:\/\/abela.shop\/rs\/?post_type=product&#038;p=234739"},"modified":"2026-04-16T08:59:28","modified_gmt":"2026-04-16T07:59:28","slug":"serelys-meno-30-kapsula","status":"publish","type":"product","link":"https:\/\/abela.shop\/rs\/en\/proizvod\/serelys-meno-30-kapsula\/","title":{"rendered":"S\u00e9r\u00e9lys\u00ae MENO, 30 kapsula"},"content":{"rendered":"<p><strong>S\u00e9r\u00e9lys<sup>\u00ae <\/sup>MENO<\/strong> je dodatak ishrani sa ekstraktom polena i vitaminom E, namenjen \u017eenama u menopauzi. Sastoji se od me\u0161avine pre\u010di\u0161\u0107enog citoplazmatskog ekstrakta i specifi\u010dnih polena u obliku PureCyTonin\u00ae kompleksa. Polen doprinosi ubla\u017eavanju tegoba menopauze, otpornosti, tonusu organizma, mentalnom stanju, mentalnim performansama i <a href=\"https:\/\/abela.shop\/rs\/proizvod\/bivits-activa-immunity-booster-30-kesica\/\"><strong>imunitetu<\/strong><\/a> zahvalju\u0107i enzimima i vitaminima koje sadr\u017ei. Tako\u0111e, polen doprinosi blagostanju tokom menopauze smanjuju\u0107i valunge i privremeni umor. <a href=\"https:\/\/bivits.com\/proizvod\/vitamin-e-100-iu\/\" target=\"_blank\" rel=\"noopener\"><strong>Vitamin E<\/strong><\/a> doprinosi za\u0161titi \u0107elija od oksidativnog stresa.<\/p>\n<p><strong>S\u00e9r\u00e9lys<sup>\u00ae <\/sup>MENO<\/strong> je jedinstveni preparat na tr\u017ei\u0161tu koji se isti\u010de po svom sastavu i klini\u010dkim dokazima. Jedini preparat bez fitoestrogena, bez hormona i estrogenske aktivnosti, preporu\u010duje se \u017eenama u perimenopauzi i menopauzi koje tra\u017ee prirodno re\u0161enje za smanjenje valunga i umora, kao i posledi\u010dno pobolj\u0161anje kvaliteta \u017eivota. Bezbedan je i kod \u017eena koje imaju ili su imale karcinom dojke.<\/p>\n<h2>Sastav proizvoda:<\/h2>\n<p>pre\u010di\u0161\u0107eni ektrakt polena, D-\u03b1-tokoferil-acetat (vitamin E), zgu\u0161njiva\u010d: hidroksipropil-metilceluloza, krompirov skrob, sredstvo za pove\u0107anje zapremine: mikrokristalna celuloza, sredstvo protiv zgrudvavanja: magnezijum stearat.<\/p>\n<h2>Na\u010din upotrebe:<\/h2>\n<p>Odrasli: Jednom dnevno ujutru ili uve\u010de, popiti 1 kapsulu.<\/p>\n","protected":false},"excerpt":{"rendered":"<p><span class=\"opis-proizvoda\"><i class=\"fa-solid fa-circle-check check-opis-proizvoda\"><\/i><strong>Jedinstven prirodan preparat na tr\u017ei\u0161tu koji ubla\u017eava tegobe menopauze<\/strong><\/span><br \/>\n<span class=\"opis-proizvoda\"><i class=\"fa-solid fa-circle-check check-opis-proizvoda\"><\/i>Bez hormona, bez fitoestrogena i estrogenske aktivnosti<\/span><br \/>\n<span class=\"opis-proizvoda\"><i class=\"fa-solid fa-circle-check check-opis-proizvoda\"><\/i>S\u00e9r\u00e9lys\u00ae MENO sadr\u017ei i vitamin E koji \u0161titi \u0107elije od oksidativnog stresa. Ekstrakt polena doprinosi blagostanju tokom menopauze, smanjuju\u0107i valunge i privremeni umor<\/span><br \/>\n<span class=\"opis-proizvoda\"><i class=\"fa-solid fa-circle-check check-opis-proizvoda\"><\/i>Namenjen \u017eenama u svim fazama menopauze<\/span><\/p>\n","protected":false},"featured_media":234772,"comment_status":"open","ping_status":"closed","template":"","meta":{"_acf_changed":false},"product_brand":[],"product_cat":[74,147],"product_tag":[],"class_list":{"0":"post-234739","1":"product","2":"type-product","3":"status-publish","4":"has-post-thumbnail","6":"product_cat-intimno-zdravlje-zena","7":"product_cat-istaknuto","9":"first","10":"instock","11":"shipping-taxable","12":"purchasable","13":"product-type-simple"},"acf":[],"jetpack_sharing_enabled":true,"_links":{"self":[{"href":"https:\/\/abela.shop\/rs\/en\/wp-json\/wp\/v2\/product\/234739","targetHints":{"allow":["GET"]}}],"collection":[{"href":"https:\/\/abela.shop\/rs\/en\/wp-json\/wp\/v2\/product"}],"about":[{"href":"https:\/\/abela.shop\/rs\/en\/wp-json\/wp\/v2\/types\/product"}],"replies":[{"embeddable":true,"href":"https:\/\/abela.shop\/rs\/en\/wp-json\/wp\/v2\/comments?post=234739"}],"version-history":[{"count":22,"href":"https:\/\/abela.shop\/rs\/en\/wp-json\/wp\/v2\/product\/234739\/revisions"}],"predecessor-version":[{"id":258886,"href":"https:\/\/abela.shop\/rs\/en\/wp-json\/wp\/v2\/product\/234739\/revisions\/258886"}],"wp:featuredmedia":[{"embeddable":true,"href":"https:\/\/abela.shop\/rs\/en\/wp-json\/wp\/v2\/media\/234772"}],"wp:attachment":[{"href":"https:\/\/abela.shop\/rs\/en\/wp-json\/wp\/v2\/media?parent=234739"}],"wp:term":[{"taxonomy":"product_brand","embeddable":true,"href":"https:\/\/abela.shop\/rs\/en\/wp-json\/wp\/v2\/product_brand?post=234739"},{"taxonomy":"product_cat","embeddable":true,"href":"https:\/\/abela.shop\/rs\/en\/wp-json\/wp\/v2\/product_cat?post=234739"},{"taxonomy":"product_tag","embeddable":true,"href":"https:\/\/abela.shop\/rs\/en\/wp-json\/wp\/v2\/product_tag?post=234739"}],"curies":[{"name":"wp","href":"https:\/\/api.w.org\/{rel}","templated":true}]}}