{"id":234740,"date":"2024-11-28T14:58:16","date_gmt":"2024-11-28T14:58:16","guid":{"rendered":"https:\/\/abela.shop\/rs\/?post_type=product&#038;p=234740"},"modified":"2026-04-16T01:59:38","modified_gmt":"2026-04-16T00:59:38","slug":"serelys-pms-30-kapsula","status":"publish","type":"product","link":"https:\/\/abela.shop\/rs\/en\/proizvod\/serelys-pms-30-kapsula\/","title":{"rendered":"S\u00e9r\u00e9lys\u00ae PMS, 30 kapsula"},"content":{"rendered":"<h2><strong>S\u00e9r\u00e9lys<sup>\u00ae<\/sup> PMS<\/strong><\/h2>\n<p><strong>S\u00e9r\u00e9lys<sup>\u00ae<\/sup> PMS<\/strong> je dodatak ishrani sa ekstraktom polena, ekstraktom cveta \u0161afrana i vitamin E, namenjen \u017eenama u cilju lak\u0161eg prevazila\u017eenja menstrualnih tegoba. Sastojci proizvoda na slede\u0107i na\u010din doprinose ubla\u017eavanju propratnih menstrualnih neprijatnosti: \u0161afran doprinosi ubla\u017eavanju menstrualnih tegoba, fertilitetu (plodnosti) i mentalnom zdravlju. Polen zahvalju\u0107i enzimima i vitaminima koje sadr\u017ei doprinosi otpornosti i tonusu organizma, metalnom stanju i performansama, kao i <a href=\"https:\/\/bivits.com\/proizvod\/immunity-booster\/\" target=\"_blank\" rel=\"noopener\"><strong>imunitetu organizma<\/strong><\/a>. <a href=\"https:\/\/abela.shop\/rs\/proizvod\/bivits-activa-vitamin-e-100-iu-60-kapsula\/\"><strong>Vitamin E<\/strong><\/a> doprinosi za\u0161titi \u0107elija od oksidativnog stresa.<\/p>\n<h2>Sastav proizvoda:<\/h2>\n<p>pre\u010di\u0161\u0107eni ekstrakt polena, zgu\u0161njiva\u010d: hidroksipropilmetilceluloza, sredstvo za pove\u0107anje zapremine: mikrokristalna celuloza, krompirov skrob, ekstrakt cveta \u0161afrana, D-\u03b1-tokoferil-acetat, sredstvo protiv zgrudvavanja: magnezijum-stearat.<\/p>\n<h2>Na\u010din upotrebe:<\/h2>\n<p>Odrasli: Jednom dnevno popiti 1 kapsulu tokom 2 menstrualna ciklusa.<\/p>\n<h2>Od tre\u0107eg ciklusa:<\/h2>\n<p>1 kapsula dnevno nedelju dana pre i nedelju dana tokom menstruacije.<\/p>\n","protected":false},"excerpt":{"rendered":"<p><span class=\"opis-proizvoda\"><i class=\"fa-solid fa-circle-check check-opis-proizvoda\"><\/i><strong>Da svaki menstrualni ciklus pro\u0111e bez uobi\u010dajenih te\u0161ko\u0107a<\/strong><\/span><br \/>\n<span class=\"opis-proizvoda\"><i class=\"fa-solid fa-circle-check check-opis-proizvoda\"><\/i>Potpuno prirodan proizvod na bazi pre\u010di\u0161\u0107enog i specifi\u010dnog citoplazmati\u010dnog ekstrakta polena, cveta \u0161afrana i vitamina E<\/span><br \/>\n<span class=\"opis-proizvoda\"><i class=\"fa-solid fa-circle-check check-opis-proizvoda\"><\/i>Namenjen \u017eenama za zna\u010dajno smanjenje svih menstrualnih tegoba, posebno kod \u017eena kod kojih je razdra\u017eljivost glavni simptom<\/span><br \/>\n<span class=\"opis-proizvoda\"><i class=\"fa-solid fa-circle-check check-opis-proizvoda\"><\/i>Klini\u010dki ispitan<\/span><\/p>\n","protected":false},"featured_media":239320,"comment_status":"open","ping_status":"closed","template":"","meta":{"_acf_changed":false},"product_brand":[],"product_cat":[133,74,148],"product_tag":[],"class_list":{"0":"post-234740","1":"product","2":"type-product","3":"status-publish","4":"has-post-thumbnail","6":"product_cat-akcije","7":"product_cat-intimno-zdravlje-zena","8":"product_cat-top-deal","10":"first","11":"instock","12":"shipping-taxable","13":"purchasable","14":"product-type-simple"},"acf":[],"jetpack_sharing_enabled":true,"_links":{"self":[{"href":"https:\/\/abela.shop\/rs\/en\/wp-json\/wp\/v2\/product\/234740","targetHints":{"allow":["GET"]}}],"collection":[{"href":"https:\/\/abela.shop\/rs\/en\/wp-json\/wp\/v2\/product"}],"about":[{"href":"https:\/\/abela.shop\/rs\/en\/wp-json\/wp\/v2\/types\/product"}],"replies":[{"embeddable":true,"href":"https:\/\/abela.shop\/rs\/en\/wp-json\/wp\/v2\/comments?post=234740"}],"version-history":[{"count":24,"href":"https:\/\/abela.shop\/rs\/en\/wp-json\/wp\/v2\/product\/234740\/revisions"}],"predecessor-version":[{"id":258883,"href":"https:\/\/abela.shop\/rs\/en\/wp-json\/wp\/v2\/product\/234740\/revisions\/258883"}],"wp:featuredmedia":[{"embeddable":true,"href":"https:\/\/abela.shop\/rs\/en\/wp-json\/wp\/v2\/media\/239320"}],"wp:attachment":[{"href":"https:\/\/abela.shop\/rs\/en\/wp-json\/wp\/v2\/media?parent=234740"}],"wp:term":[{"taxonomy":"product_brand","embeddable":true,"href":"https:\/\/abela.shop\/rs\/en\/wp-json\/wp\/v2\/product_brand?post=234740"},{"taxonomy":"product_cat","embeddable":true,"href":"https:\/\/abela.shop\/rs\/en\/wp-json\/wp\/v2\/product_cat?post=234740"},{"taxonomy":"product_tag","embeddable":true,"href":"https:\/\/abela.shop\/rs\/en\/wp-json\/wp\/v2\/product_tag?post=234740"}],"curies":[{"name":"wp","href":"https:\/\/api.w.org\/{rel}","templated":true}]}}