{"id":234742,"date":"2024-11-28T14:58:16","date_gmt":"2024-11-28T14:58:16","guid":{"rendered":"https:\/\/abela.shop\/rs\/?post_type=product&#038;p=234742"},"modified":"2026-04-16T05:00:08","modified_gmt":"2026-04-16T04:00:08","slug":"exedol-zglobex-30-kapsula","status":"publish","type":"product","link":"https:\/\/abela.shop\/rs\/en\/proizvod\/exedol-zglobex-30-kapsula\/","title":{"rendered":"EXEDOL\u00ae ZGLOBEX, 30 kapsula"},"content":{"rendered":"<h2><strong>EXEDOL\u00ae ZGLOBEX<\/strong><\/h2>\n<p><strong>EXEDOL<sup>\u00ae <\/sup>ZGLOBEX<\/strong>\u00a0je inovativni preparat koji, zahvaljuju\u0107i revolucionarnoj formuli koju \u010dine 6 sinergijskih aktivnih sastojaka- glukozamin-sulfat, hondroitin-sulfat, S-adenozilmetionin (SAM-e), <a href=\"https:\/\/abela.shop\/rs\/proizvod\/bivits-activa-vitamin-c-1000-acerola-60-tableta\/\"><strong>vitamin C<\/strong><\/a>, <a href=\"https:\/\/bivits.com\/proizvod\/vitamin-d3-2000-iu\/\" target=\"_blank\" rel=\"noopener\"><strong>vitamin D<\/strong><\/a> i mangan, pru\u017ea neuporedivo olak\u0161anje bolova mi\u0161i\u0107a i kostiju, smanjuje uko\u010denost, pove\u0107ava pokretljivost zglobova, odr\u017eava normalnu funkciju mi\u0161i\u0107a i kostiju i podr\u017eava normalno formiranje vezivnog tkiva.<\/p>\n<h2>Sastav proizvoda:<\/h2>\n<p>glukozamin sulfat, hondroitin sulfat (dobijen mikrobnom fermentacijom i sulfatiranjem), SAM-e, vitamin D3, mangan glukonat, kapsula (hidroksipropilmetilceluloza, boja: titan-dioksid), skrob (kukuruzni), sredstvo protiv zgrudvavanja: talk; L-askorbinska kiselina, sredstvo protiv zgrudvavanja: magnezijum stearat; silicijum dioksid.<\/p>\n<h2>Na\u010din upotrebe:<\/h2>\n<p>Odrasli: 1-2 kapsule dnevno<\/p>\n","protected":false},"excerpt":{"rendered":"<p><span class=\"opis-proizvoda\"><i class=\"fa-solid fa-circle-check check-opis-proizvoda\"><\/i><strong>Bioaktivni kompleks koji smanjuje i olak\u0161ava bol kod mi\u0161i\u0107a i kostiju<\/strong><\/span><br \/>\n<span class=\"opis-proizvoda\"><i class=\"fa-solid fa-circle-check check-opis-proizvoda\"><\/i>Smanjuje uko\u010denost<\/span><br \/>\n<span class=\"opis-proizvoda\"><i class=\"fa-solid fa-circle-check check-opis-proizvoda\"><\/i>Pobolj\u0161ava pokretljivost va\u0161ih zglobova<\/span><br \/>\n<span class=\"opis-proizvoda\"><i class=\"fa-solid fa-circle-check check-opis-proizvoda\"><\/i>Prvi izbor za prevenciju i le\u010denje osteoartritisa<\/span><\/p>\n","protected":false},"featured_media":234778,"comment_status":"open","ping_status":"closed","template":"","meta":{"_acf_changed":false},"product_brand":[],"product_cat":[75],"product_tag":[],"class_list":{"0":"post-234742","1":"product","2":"type-product","3":"status-publish","4":"has-post-thumbnail","6":"product_cat-kosti-zglobovi-i-misici","8":"first","9":"outofstock","10":"shipping-taxable","11":"purchasable","12":"product-type-simple"},"acf":[],"jetpack_sharing_enabled":true,"_links":{"self":[{"href":"https:\/\/abela.shop\/rs\/en\/wp-json\/wp\/v2\/product\/234742","targetHints":{"allow":["GET"]}}],"collection":[{"href":"https:\/\/abela.shop\/rs\/en\/wp-json\/wp\/v2\/product"}],"about":[{"href":"https:\/\/abela.shop\/rs\/en\/wp-json\/wp\/v2\/types\/product"}],"replies":[{"embeddable":true,"href":"https:\/\/abela.shop\/rs\/en\/wp-json\/wp\/v2\/comments?post=234742"}],"version-history":[{"count":21,"href":"https:\/\/abela.shop\/rs\/en\/wp-json\/wp\/v2\/product\/234742\/revisions"}],"predecessor-version":[{"id":247299,"href":"https:\/\/abela.shop\/rs\/en\/wp-json\/wp\/v2\/product\/234742\/revisions\/247299"}],"wp:featuredmedia":[{"embeddable":true,"href":"https:\/\/abela.shop\/rs\/en\/wp-json\/wp\/v2\/media\/234778"}],"wp:attachment":[{"href":"https:\/\/abela.shop\/rs\/en\/wp-json\/wp\/v2\/media?parent=234742"}],"wp:term":[{"taxonomy":"product_brand","embeddable":true,"href":"https:\/\/abela.shop\/rs\/en\/wp-json\/wp\/v2\/product_brand?post=234742"},{"taxonomy":"product_cat","embeddable":true,"href":"https:\/\/abela.shop\/rs\/en\/wp-json\/wp\/v2\/product_cat?post=234742"},{"taxonomy":"product_tag","embeddable":true,"href":"https:\/\/abela.shop\/rs\/en\/wp-json\/wp\/v2\/product_tag?post=234742"}],"curies":[{"name":"wp","href":"https:\/\/api.w.org\/{rel}","templated":true}]}}