{"id":234748,"date":"2024-11-28T14:58:18","date_gmt":"2024-11-28T14:58:18","guid":{"rendered":"https:\/\/abela.shop\/rs\/?post_type=product&#038;p=234748"},"modified":"2026-04-15T23:59:30","modified_gmt":"2026-04-15T22:59:30","slug":"arteroprotect-forte-20-kapsula","status":"publish","type":"product","link":"https:\/\/abela.shop\/rs\/en\/proizvod\/arteroprotect-forte-20-kapsula\/","title":{"rendered":"ARTEROprotect\u00ae Forte, 20 kapsula"},"content":{"rendered":"<p><strong>ARTEROprotect<sup>\u00ae <\/sup>Forte<\/strong> je dijetetski suplement sa ekstraktom crvenog pirin\u010da i vitamina B1, C i K2, namenjen kardiovaskularnom sistemu: reguli\u0161e nivo holesterola, doprinosi spre\u010davanju talo\u017eenja kalcijuma u krvnim sudovima, kao i elasti\u010dnosti i prohodnosti krvnih sudova. Ekstrakt crvenog pirin\u010da sadr\u017ei Monakolin K koji doprinosi smanjenom stvaranju holesterola. <a href=\"https:\/\/k2d3.com\/k2d3-viva\/\" target=\"_blank\" rel=\"noopener\"><strong>Vitamin K2<\/strong><\/a> doprinosi spre\u010davanju talo\u017eenja kalcijuma na zidovima krvnih sudova.<\/p>\n<h2>Namena proizvoda:<\/h2>\n<p><strong>ARTEROprotect<sup>\u00ae <\/sup>Forte<\/strong> je dijetetski suplement sa ekstraktom crvenog pirin\u010da i vitamina B1, C i K2, namenjen kardiovaskularnom sistemu. <a href=\"https:\/\/abela.shop\/rs\/proizvod\/bivits-activa-vitamin-c-1000-acerola-60-tableta\/\"><strong>Vitamin C<\/strong><\/a> doprinosi normalnom formiranju kolagena potrebnog za normalnu funkciju krvnih sudova, normalnoj funkciji imunskog sistema, odr\u017eavanju normalnog energetskog metabolizma, smanjenju umora i iscrpljenosti i za\u0161titi od oksidativnog stresa.<\/p>\n<p>Vitamin B1 (tiamin) doprinosi normalnoj funkciji srca, odr\u017eavanju normalnog energetskog metabolizma i normalnoj funkciji nervnog sistema. Vitamin K doprinosi normalnoj koagulaciji krvi i odr\u017eavanju normalnih kostiju.<\/p>\n<h2>Sastav proizvoda:<\/h2>\n<p>ekstrakt semena crvenog pirin\u010da, hidroksipropil-metilceluloza (kapsula), kalcijum-karbonat (boja), skrob-natrijum-oktenilsukcinat (stabilizator), L-askorbinska kiselina, mikrokristalna celuloza (sredstvo protiv zgrudvavanja), kukuruzni skrob, menahinon-7; magnezijum-stearat i silicijum-dioksid (sredstvo protiv zgrudvavanja), tiamin-hidrohlorid.<\/p>\n<h2>Na\u010din upotrebe:<\/h2>\n<p>Jednom dnevno popiti jednu kapsulu.<\/p>\n","protected":false},"excerpt":{"rendered":"<p><strong>Prva preporuka za \u010diste arterije i krvne sudove <\/strong><\/p>\n<p><span class=\"opis-proizvoda\"><i class=\"fa-solid fa-circle-check check-opis-proizvoda\"><\/i><strong>Poma\u017ee regulaciji nivoa holesterola<\/strong><\/span><br \/>\n<span class=\"opis-proizvoda\"><i class=\"fa-solid fa-circle-check check-opis-proizvoda\"><\/i>Doprinosi spre\u010davanju talo\u017eenja kalcijuma u krvnim sudovima<\/span><br \/>\n<span class=\"opis-proizvoda\"><i class=\"fa-solid fa-circle-check check-opis-proizvoda\"><\/i>Doprinosi elasti\u010dnosti i op\u0161tem stanju krvnih sudova i kardiovaskularnog sistema<\/span><br \/>\n<span class=\"opis-proizvoda\"><i class=\"fa-solid fa-circle-check check-opis-proizvoda\"><\/i>Smanjuje rizik za nastanak sr\u010danog i mo\u017edanog udara<\/span><\/p>\n","protected":false},"featured_media":234789,"comment_status":"open","ping_status":"closed","template":"","meta":{"_acf_changed":false},"product_brand":[],"product_cat":[77],"product_tag":[],"class_list":{"0":"post-234748","1":"product","2":"type-product","3":"status-publish","4":"has-post-thumbnail","6":"product_cat-srce-i-krvni-sudovi","8":"first","9":"instock","10":"sale","11":"shipping-taxable","12":"purchasable","13":"product-type-simple"},"acf":[],"jetpack_sharing_enabled":true,"_links":{"self":[{"href":"https:\/\/abela.shop\/rs\/en\/wp-json\/wp\/v2\/product\/234748","targetHints":{"allow":["GET"]}}],"collection":[{"href":"https:\/\/abela.shop\/rs\/en\/wp-json\/wp\/v2\/product"}],"about":[{"href":"https:\/\/abela.shop\/rs\/en\/wp-json\/wp\/v2\/types\/product"}],"replies":[{"embeddable":true,"href":"https:\/\/abela.shop\/rs\/en\/wp-json\/wp\/v2\/comments?post=234748"}],"version-history":[{"count":19,"href":"https:\/\/abela.shop\/rs\/en\/wp-json\/wp\/v2\/product\/234748\/revisions"}],"predecessor-version":[{"id":262002,"href":"https:\/\/abela.shop\/rs\/en\/wp-json\/wp\/v2\/product\/234748\/revisions\/262002"}],"wp:featuredmedia":[{"embeddable":true,"href":"https:\/\/abela.shop\/rs\/en\/wp-json\/wp\/v2\/media\/234789"}],"wp:attachment":[{"href":"https:\/\/abela.shop\/rs\/en\/wp-json\/wp\/v2\/media?parent=234748"}],"wp:term":[{"taxonomy":"product_brand","embeddable":true,"href":"https:\/\/abela.shop\/rs\/en\/wp-json\/wp\/v2\/product_brand?post=234748"},{"taxonomy":"product_cat","embeddable":true,"href":"https:\/\/abela.shop\/rs\/en\/wp-json\/wp\/v2\/product_cat?post=234748"},{"taxonomy":"product_tag","embeddable":true,"href":"https:\/\/abela.shop\/rs\/en\/wp-json\/wp\/v2\/product_tag?post=234748"}],"curies":[{"name":"wp","href":"https:\/\/api.w.org\/{rel}","templated":true}]}}