{"id":234750,"date":"2024-11-28T14:58:18","date_gmt":"2024-11-28T14:58:18","guid":{"rendered":"https:\/\/abela.shop\/rs\/?post_type=product&#038;p=234750"},"modified":"2026-04-15T21:59:31","modified_gmt":"2026-04-15T20:59:31","slug":"herbiko-cardiovitamin-30-kapsula","status":"publish","type":"product","link":"https:\/\/abela.shop\/rs\/en\/proizvod\/herbiko-cardiovitamin-30-kapsula\/","title":{"rendered":"HERBIKO CARDIOvitamin\u00ae, 30 kapsula"},"content":{"rendered":"<h2><strong>HERBIKO CARDIOvitamin<sup>\u00ae<\/sup><\/strong><\/h2>\n<p><strong>HERBIKO CARDIOvitamin<sup>\u00ae<\/sup><\/strong> je dodatak ishrani, namenjen za prevenciju i tretman kardiovaskularnih oboljenja. Sadr\u017ei optimalnu kombinaciju vitamina B grupe, <a href=\"https:\/\/abela.shop\/rs\/proizvod\/bivits-activa-vitamin-c-500-acerola-60-tableta\/\"><strong>C<\/strong><\/a> i D, koji deluju na smanjenje homocisteina u krvi. Homocistein mo\u017ee dovesti do o\u0161te\u0107enja krvnih sudova, do mo\u017edanog udara i infarkta srca. Na njegov nivo mo\u017ee se delovati kombinacijom <a href=\"https:\/\/bivits.com\/proizvod\/vitamin-b-complex\/\" target=\"_blank\" rel=\"noopener\"><strong>vitamina B grupe<\/strong><\/a> (B6, B12 i folne kiseline).<\/p>\n<p><strong>HERBIKO CARDIOvitamin<sup>\u00ae<\/sup><\/strong> sadr\u017ei aktivnu folnu kiselinu koja sni\u017eava nivo homocisteina u krvi, \u0161to doprinosi smanjenju rizika za nastanak sr\u010danog i mo\u017edanog udara i drugih kardiovaskularnih bolesti. Ovaj preparat se posebno preporu\u010duje u kombinaciji sa preparatima acetilsalicilne kiseline, jer zajedni\u010dkim delovanjem \u010duva krvne sudove od o\u0161te\u0107enja. Pored toga, uti\u010de na ja\u010danje funkcije glatkih mi\u0161i\u0107nih \u0107elija krvnog suda i ja\u010danje sr\u010danog mi\u0161i\u0107a.<\/p>\n<h2>Sastav proizvoda:<\/h2>\n<p>Vitamin B1 (tiamin-hidrohlorid), vitamin B6 (piridoksin-hidrohlorid), vitamin B12 (cijanokobalamin), folna kiselina (kalcijum-R.S-metilfolat), vitamin C (L.askorbinska kiselina), vitamin D (holeskalciferol) sredstvo za pove\u0107anje zapremine E460(i), sorbitol, kapsula (hidromeloza, boja: kalcijumkarbonat)skrob natrijum-oktenilsukcinat.<\/p>\n<h2>Na\u010din upotrebe:<\/h2>\n<p>Jednom dnevno popiti jednu kapsulu.<\/p>\n","protected":false},"excerpt":{"rendered":"<p><span class=\"opis-proizvoda\"><i class=\"fa-solid fa-circle-check check-opis-proizvoda\"><\/i><strong>Poma\u017ee kod kardiovaskularnih oboljenja<\/strong><\/span><br \/>\n<span class=\"opis-proizvoda\"><i class=\"fa-solid fa-circle-check check-opis-proizvoda\"><\/i>Sadr\u017ei optimalnu kombinaciju vitamina \u2013 B grupe, C i D, koji deluju na smanjenje homocisteina (koji dovodi do o\u0161te\u0107enja krvnih sudova) u krvi<\/span><br \/>\n<span class=\"opis-proizvoda\"><i class=\"fa-solid fa-circle-check check-opis-proizvoda\"><\/i>Posebno se preporu\u010duje u kombinaciji sa preparatima acetilsalicilne kiseline (npr. aspirin) zbog zajedni\u010dkog delovanja<\/span><\/p>\n","protected":false},"featured_media":234793,"comment_status":"open","ping_status":"closed","template":"","meta":{"_acf_changed":false},"product_brand":[],"product_cat":[77],"product_tag":[],"class_list":{"0":"post-234750","1":"product","2":"type-product","3":"status-publish","4":"has-post-thumbnail","6":"product_cat-srce-i-krvni-sudovi","8":"first","9":"instock","10":"shipping-taxable","11":"purchasable","12":"product-type-simple"},"acf":[],"jetpack_sharing_enabled":true,"_links":{"self":[{"href":"https:\/\/abela.shop\/rs\/en\/wp-json\/wp\/v2\/product\/234750","targetHints":{"allow":["GET"]}}],"collection":[{"href":"https:\/\/abela.shop\/rs\/en\/wp-json\/wp\/v2\/product"}],"about":[{"href":"https:\/\/abela.shop\/rs\/en\/wp-json\/wp\/v2\/types\/product"}],"replies":[{"embeddable":true,"href":"https:\/\/abela.shop\/rs\/en\/wp-json\/wp\/v2\/comments?post=234750"}],"version-history":[{"count":21,"href":"https:\/\/abela.shop\/rs\/en\/wp-json\/wp\/v2\/product\/234750\/revisions"}],"predecessor-version":[{"id":235687,"href":"https:\/\/abela.shop\/rs\/en\/wp-json\/wp\/v2\/product\/234750\/revisions\/235687"}],"wp:featuredmedia":[{"embeddable":true,"href":"https:\/\/abela.shop\/rs\/en\/wp-json\/wp\/v2\/media\/234793"}],"wp:attachment":[{"href":"https:\/\/abela.shop\/rs\/en\/wp-json\/wp\/v2\/media?parent=234750"}],"wp:term":[{"taxonomy":"product_brand","embeddable":true,"href":"https:\/\/abela.shop\/rs\/en\/wp-json\/wp\/v2\/product_brand?post=234750"},{"taxonomy":"product_cat","embeddable":true,"href":"https:\/\/abela.shop\/rs\/en\/wp-json\/wp\/v2\/product_cat?post=234750"},{"taxonomy":"product_tag","embeddable":true,"href":"https:\/\/abela.shop\/rs\/en\/wp-json\/wp\/v2\/product_tag?post=234750"}],"curies":[{"name":"wp","href":"https:\/\/api.w.org\/{rel}","templated":true}]}}