{"id":234752,"date":"2024-11-28T14:58:18","date_gmt":"2024-11-28T14:58:18","guid":{"rendered":"https:\/\/abela.shop\/rs\/?post_type=product&#038;p=234752"},"modified":"2026-04-16T01:59:37","modified_gmt":"2026-04-16T00:59:37","slug":"naturoplex-brusnica-20-kapsula","status":"publish","type":"product","link":"https:\/\/abela.shop\/rs\/en\/proizvod\/naturoplex-brusnica-20-kapsula\/","title":{"rendered":"NATUROPLEX\u00ae brusnica, 20 kapsula"},"content":{"rendered":"<h2><strong>NATUROPLEX\u00ae brusnica<\/strong><\/h2>\n<p><strong>NATUROPLEX<sup>\u00ae<\/sup>\u00a0 brusnica<\/strong> je dodatak ishrani namenjen odr\u017eavanju zdravlja urinarnog trakta i prevenciju ponovnih <a href=\"https:\/\/abela.shop\/rs\/proizvod\/naturoplex-36-film-tableta\/\"><strong>urinarnih infekcija<\/strong><\/a>. Sadr\u017ei spra\u0161eni plod Severnoameri\u010dke brusnice bogat proantocijanidinima (PAC). Proantocijanidini su aktivne supstance koje ometaju E\u0161erihiju i druge bakterije da se zaka\u010de za sluzoko\u017eu mokra\u0107nih puteva.<\/p>\n<p>Dokazi iz studija sprovedenih 2011. i 2012. godine potvr\u0111uju da aktivni sastojci iz <strong>NATUROPLEX<sup>\u00ae<\/sup>\u00a0 brusnice<\/strong> provereno deluju i spre\u010davaju vezivanje <a href=\"https:\/\/naturoplex.com\/o-urinarnim-infekcijama\/#koje-bakterije\" target=\"_blank\" rel=\"noopener\"><strong>bakterija<\/strong><\/a> u urinarnom traktu \u010dak i 24h nakon primene, dok ekstrakti brusnice prestaju da deluju nakon 10h. Rezultati ovih studija pokazali su i da je <strong>NATUROPLEX\u00ae\u00a0 brusnica<\/strong> u\u010dinkovita u spre\u010davanju nastanka urinarnih infekcija.<\/p>\n<h2>Sastav proizvoda:<\/h2>\n<p>Spra\u0161eni plod brusnice, kapsula (hidroksipropilmetilceluloza), laktoza, skrob (kukuruzni), sredstvo protiv zgrudnjavanja: talk, magnezijum stearat, silicijum dioksid.<\/p>\n<h2>Na\u010din upotrebe:<\/h2>\n<p>Odrasli i deca starija od 6 godina: Tri puta dnevno popiti po jednu kapsulu<\/p>\n","protected":false},"excerpt":{"rendered":"<p><span class=\"opis-proizvoda\"><i class=\"fa-solid fa-circle-check check-opis-proizvoda\"><\/i><strong>Dodatak ishrani namenjen za odr\u017eavanje zdravlja urinarnog trakta i prevenciju urinarnih infekcija<\/strong><\/span><br \/>\n<span class=\"opis-proizvoda\"><i class=\"fa-solid fa-circle-check check-opis-proizvoda\"><\/i>Sadr\u017ei celi plod Severnoameri\u010dke brusnice u kom se nalazi pulpa, seme, sok i kora brusnice<\/span><br \/>\n<span class=\"opis-proizvoda\"><i class=\"fa-solid fa-circle-check check-opis-proizvoda\"><\/i>Bogat proantocijanidinima (PAC), aktivnima supstancama koje ometaju E\u0161erihiju i druge bakterije da se zaka\u010de za sluzoko\u017eu mokra\u0107nih puteva<\/span><br \/>\n<span class=\"opis-proizvoda\"><i class=\"fa-solid fa-circle-check check-opis-proizvoda\"><\/i>Dokazano doprinosi smanjenju u\u010destalosti urinarnih infekcija<\/span><\/p>\n","protected":false},"featured_media":234797,"comment_status":"open","ping_status":"closed","template":"","meta":{"_acf_changed":false},"product_brand":[],"product_cat":[133,78],"product_tag":[],"class_list":{"0":"post-234752","1":"product","2":"type-product","3":"status-publish","4":"has-post-thumbnail","6":"product_cat-akcije","7":"product_cat-urinarni-sistem","9":"first","10":"instock","11":"sale","12":"shipping-taxable","13":"purchasable","14":"product-type-simple"},"acf":[],"jetpack_sharing_enabled":true,"_links":{"self":[{"href":"https:\/\/abela.shop\/rs\/en\/wp-json\/wp\/v2\/product\/234752","targetHints":{"allow":["GET"]}}],"collection":[{"href":"https:\/\/abela.shop\/rs\/en\/wp-json\/wp\/v2\/product"}],"about":[{"href":"https:\/\/abela.shop\/rs\/en\/wp-json\/wp\/v2\/types\/product"}],"replies":[{"embeddable":true,"href":"https:\/\/abela.shop\/rs\/en\/wp-json\/wp\/v2\/comments?post=234752"}],"version-history":[{"count":24,"href":"https:\/\/abela.shop\/rs\/en\/wp-json\/wp\/v2\/product\/234752\/revisions"}],"predecessor-version":[{"id":247891,"href":"https:\/\/abela.shop\/rs\/en\/wp-json\/wp\/v2\/product\/234752\/revisions\/247891"}],"wp:featuredmedia":[{"embeddable":true,"href":"https:\/\/abela.shop\/rs\/en\/wp-json\/wp\/v2\/media\/234797"}],"wp:attachment":[{"href":"https:\/\/abela.shop\/rs\/en\/wp-json\/wp\/v2\/media?parent=234752"}],"wp:term":[{"taxonomy":"product_brand","embeddable":true,"href":"https:\/\/abela.shop\/rs\/en\/wp-json\/wp\/v2\/product_brand?post=234752"},{"taxonomy":"product_cat","embeddable":true,"href":"https:\/\/abela.shop\/rs\/en\/wp-json\/wp\/v2\/product_cat?post=234752"},{"taxonomy":"product_tag","embeddable":true,"href":"https:\/\/abela.shop\/rs\/en\/wp-json\/wp\/v2\/product_tag?post=234752"}],"curies":[{"name":"wp","href":"https:\/\/api.w.org\/{rel}","templated":true}]}}