{"id":234866,"date":"2024-12-11T13:02:13","date_gmt":"2024-12-11T13:02:13","guid":{"rendered":"https:\/\/abela.shop\/rs\/\u043f\u0440\u043e\u0438\u0437\u0432\u043e\u0434\/bivits-activa-actifolic-tablete\/"},"modified":"2026-04-15T21:59:26","modified_gmt":"2026-04-15T20:59:26","slug":"bivits-activa-actifolic-60-tableta","status":"publish","type":"product","link":"https:\/\/abela.shop\/rs\/en\/proizvod\/bivits-activa-actifolic-60-tableta\/","title":{"rendered":"BiVits\u00ae ACTIVA Actifolic, 60 tableta"},"content":{"rendered":"<p><strong>BiVits<sup>\u00ae <\/sup>ACTIVA Actifolic tablete je dijetetski proizvod<\/strong> &#8211; hrana sa posebnom medicinskom namenom sa vitaminom B9 (folnom kiselinom) namenjena osobama u stanjima se deficitom ili u stanjima kada je pove\u0107ana potreba za ovim nutrijentom. Posebna formulacija koja u jednoj tableti obezbedjuje 800 \u00b5g 5-metiltetrahidrofolata, aktivnog oblika folne kiseline koji obezbe\u0111uje maksimalnu iskoristljivost i biolo\u0161ku raspolo\u017eivost u organizmu.<\/p>\n<p><strong>BiVits<sup>\u00ae <\/sup>ACTIVA Actifolic doprinosi:<\/strong><\/p>\n<p>\u2022 Normalnom razvoju i funkciji <a href=\"https:\/\/tensilen.com\/\" target=\"_blank\" rel=\"noopener\"><strong>nervnog sistema<\/strong><\/a><br \/>\n\u2022 Normalnoj produkciji crvenih krvnih zrnaca<br \/>\n\u2022 Pravilnoj deobi \u0107elije i sintezi DNK<br \/>\n\u2022 Regulaciji normalnog nivoa homocisteina i <a href=\"https:\/\/abela.shop\/rs\/proizvod\/cardiovitamin-fd3-paket\/\"><strong>zdravlju srca i krvnih sudova<\/strong><\/a><\/p>\n<h2>Namena proizvoda:<\/h2>\n<p>Dodatak folne kiseline je namenjen: 1. \u017eenama koje planiraju trudno\u0107u sa utvr\u0111enim rizikom od neurolo\u0161kih defekata ploda i tokom trudno\u0107e (spina bifida i drugi poreme\u0107aji neuralne tube) 2. \u017eenama u periodu trudno\u0107e i laktacije, posebno ako je unos folne kiseline hranom nedovoljan 3. svim osobama kao profilaksa i nadoknada deficita folata (zbog nedovoljnog uno\u0161enja hranom, u toku ili posle primene lekova koji ote\u017eavaju iskori\u0161\u0107avanje ili ometaju metabolizam folata) 4. kao profilaksa kod osoba sa povi\u0161enim nivoom homocisteina 5. kao profilaksa kod osoba sa hroni\u010dnim hemoliti\u010dkim stanjima ili kod osoba na hemodijalizi 6. osobama koje imaju deficit enzima metilen-tetrahidrofolat reduktaze.<\/p>\n<h2>Sastav proizvoda:<\/h2>\n<p>6S-5-metiltetrahidrofolna kiselina, so glukozamina, sredstva za pove\u0107anje zapremine: manitol, mikrokristalna celuloza, skrob (kukuruzni), sredstvo protiv zgrudvavanja : magnezijum-stearat.<\/p>\n","protected":false},"excerpt":{"rendered":"<p><span class=\"opis-proizvoda\"><i class=\"fa-solid fa-circle-check check-opis-proizvoda\"><\/i>Najbolji oblik folne kiseline za \u017eene koje planiraju trudno\u0107u, trudnice i dojilje<\/span><br \/>\n<span class=\"opis-proizvoda\"><i class=\"fa-solid fa-circle-check check-opis-proizvoda\"><\/i>800 \u00b5g 5-metiltetrahidrofolata, aktivnog oblika folne kiseline u jednoj tableti dnevno<br \/>\n<\/span><br \/>\n<span class=\"opis-proizvoda\"><i class=\"fa-solid fa-circle-check check-opis-proizvoda\"><\/i>Obezbe\u0111uje maksimalnu iskoristljivost i biolo\u0161ku raspolo\u017eivost u organizmu<\/span><\/p>\n","protected":false},"featured_media":234948,"comment_status":"open","ping_status":"closed","template":"","meta":{"_acf_changed":false},"product_brand":[],"product_cat":[133,88],"product_tag":[],"class_list":{"0":"post-234866","1":"product","2":"type-product","3":"status-publish","4":"has-post-thumbnail","6":"product_cat-akcije","7":"product_cat-vitamini-i-minerali","9":"first","10":"instock","11":"sale","12":"shipping-taxable","13":"purchasable","14":"product-type-simple"},"acf":[],"jetpack_sharing_enabled":true,"_links":{"self":[{"href":"https:\/\/abela.shop\/rs\/en\/wp-json\/wp\/v2\/product\/234866","targetHints":{"allow":["GET"]}}],"collection":[{"href":"https:\/\/abela.shop\/rs\/en\/wp-json\/wp\/v2\/product"}],"about":[{"href":"https:\/\/abela.shop\/rs\/en\/wp-json\/wp\/v2\/types\/product"}],"replies":[{"embeddable":true,"href":"https:\/\/abela.shop\/rs\/en\/wp-json\/wp\/v2\/comments?post=234866"}],"version-history":[{"count":29,"href":"https:\/\/abela.shop\/rs\/en\/wp-json\/wp\/v2\/product\/234866\/revisions"}],"predecessor-version":[{"id":256941,"href":"https:\/\/abela.shop\/rs\/en\/wp-json\/wp\/v2\/product\/234866\/revisions\/256941"}],"wp:featuredmedia":[{"embeddable":true,"href":"https:\/\/abela.shop\/rs\/en\/wp-json\/wp\/v2\/media\/234948"}],"wp:attachment":[{"href":"https:\/\/abela.shop\/rs\/en\/wp-json\/wp\/v2\/media?parent=234866"}],"wp:term":[{"taxonomy":"product_brand","embeddable":true,"href":"https:\/\/abela.shop\/rs\/en\/wp-json\/wp\/v2\/product_brand?post=234866"},{"taxonomy":"product_cat","embeddable":true,"href":"https:\/\/abela.shop\/rs\/en\/wp-json\/wp\/v2\/product_cat?post=234866"},{"taxonomy":"product_tag","embeddable":true,"href":"https:\/\/abela.shop\/rs\/en\/wp-json\/wp\/v2\/product_tag?post=234866"}],"curies":[{"name":"wp","href":"https:\/\/api.w.org\/{rel}","templated":true}]}}