{"id":234869,"date":"2024-12-11T13:02:14","date_gmt":"2024-12-11T13:02:14","guid":{"rendered":"https:\/\/abela.shop\/rs\/\u043f\u0440\u043e\u0438\u0437\u0432\u043e\u0434\/bivits-activa-hrom\/"},"modified":"2026-04-15T21:59:31","modified_gmt":"2026-04-15T20:59:31","slug":"bivits-activa-hrom-60-tableta","status":"publish","type":"product","link":"https:\/\/abela.shop\/rs\/en\/proizvod\/bivits-activa-hrom-60-tableta\/","title":{"rendered":"BiVits\u00aeACTIVA Hrom, 60 tableta"},"content":{"rendered":"<p><strong>BiVits<sup>\u00ae<\/sup>ACTIVA Hrom tablete<\/strong> je dodatak ishrani koji sadr\u017ei hrom, tj. hromom oboga\u0107eni kvasac, oblik koji obezbedjuje bolju apsorpciju i raspolo\u017eivost hroma u organizmu u pore\u0111enju sa neorganskim oblicima.<\/p>\n<p><strong>BiVits<sup>\u00ae<\/sup>ACTIVA Hrom doprinosi:<\/strong><br \/>\n\u2022 Odr\u017eavanju normalnog nivoa glukoze u krvi<br \/>\n\u2022 Normalnom metabolizmu masti, ugljenih hidrata i proteina<br \/>\n\u2022 Regulaciji apetita<br \/>\n\u2022 Pravilnom <a href=\"https:\/\/abela.shop\/rs\/proizvod\/bivits-activa-magnezijum-citrat-sa-vitaminom-b6-60-tableta\/\"><strong>energetskom<\/strong><\/a> metabolizmu<\/p>\n<h2>Namena proizvoda:<\/h2>\n<p><strong>BiVits<sup>\u00ae<\/sup>ACTIVA Hrom se posebno preporu\u010duje kod:<\/strong><br \/>\n\u2022 Insulinske rezistencije<br \/>\n\u2022 Dijabetesa melitusa tip 2<br \/>\n\u2022 <a href=\"https:\/\/herbafast.com\/\" target=\"_blank\" rel=\"noopener\"><strong>Prekomerne telesne mase<\/strong><\/a> i gojaznosti<br \/>\n\u2022 Intenzivnog fizi\u010dkog napora i sporta<\/p>\n<h2>Sastav proizvoda:<\/h2>\n<p>hromom oboga\u0107eni kvasac, sredstva za pove\u0107anje zapremine: manitol, mikrokristalna celuloza, stabilizator: polivinilpirolidon, sredstvo protiv zgrudvavanja: magnezijum-stearat.<\/p>\n<h2>Na\u010din upotrebe:<\/h2>\n<p>Odrasli i deca uzrasta iznad 3 godine: Jednom dnevno popiti jednu tabletu.<\/p>\n","protected":false},"excerpt":{"rendered":"<p>Prvi izbor za:<\/p>\n<p><span class=\"opis-proizvoda\"><i class=\"fa-solid fa-circle-check check-opis-proizvoda\"><\/i><strong>odr\u017eavanje normalnog nivoa glukoze (\u0161e\u0107era) u krvi<\/strong><\/span><br \/>\n<span class=\"opis-proizvoda\"><i class=\"fa-solid fa-circle-check check-opis-proizvoda\"><\/i>normalizovanje metabolizma<\/span><br \/>\n<span class=\"opis-proizvoda\"><i class=\"fa-solid fa-circle-check check-opis-proizvoda\"><\/i>regulisanje apetita i energije<\/span><\/p>\n","protected":false},"featured_media":234960,"comment_status":"open","ping_status":"closed","template":"","meta":{"_acf_changed":false},"product_brand":[],"product_cat":[88],"product_tag":[],"class_list":{"0":"post-234869","1":"product","2":"type-product","3":"status-publish","4":"has-post-thumbnail","6":"product_cat-vitamini-i-minerali","8":"first","9":"instock","10":"shipping-taxable","11":"purchasable","12":"product-type-simple"},"acf":[],"jetpack_sharing_enabled":true,"_links":{"self":[{"href":"https:\/\/abela.shop\/rs\/en\/wp-json\/wp\/v2\/product\/234869","targetHints":{"allow":["GET"]}}],"collection":[{"href":"https:\/\/abela.shop\/rs\/en\/wp-json\/wp\/v2\/product"}],"about":[{"href":"https:\/\/abela.shop\/rs\/en\/wp-json\/wp\/v2\/types\/product"}],"replies":[{"embeddable":true,"href":"https:\/\/abela.shop\/rs\/en\/wp-json\/wp\/v2\/comments?post=234869"}],"version-history":[{"count":22,"href":"https:\/\/abela.shop\/rs\/en\/wp-json\/wp\/v2\/product\/234869\/revisions"}],"predecessor-version":[{"id":249392,"href":"https:\/\/abela.shop\/rs\/en\/wp-json\/wp\/v2\/product\/234869\/revisions\/249392"}],"wp:featuredmedia":[{"embeddable":true,"href":"https:\/\/abela.shop\/rs\/en\/wp-json\/wp\/v2\/media\/234960"}],"wp:attachment":[{"href":"https:\/\/abela.shop\/rs\/en\/wp-json\/wp\/v2\/media?parent=234869"}],"wp:term":[{"taxonomy":"product_brand","embeddable":true,"href":"https:\/\/abela.shop\/rs\/en\/wp-json\/wp\/v2\/product_brand?post=234869"},{"taxonomy":"product_cat","embeddable":true,"href":"https:\/\/abela.shop\/rs\/en\/wp-json\/wp\/v2\/product_cat?post=234869"},{"taxonomy":"product_tag","embeddable":true,"href":"https:\/\/abela.shop\/rs\/en\/wp-json\/wp\/v2\/product_tag?post=234869"}],"curies":[{"name":"wp","href":"https:\/\/api.w.org\/{rel}","templated":true}]}}