{"id":234871,"date":"2024-12-11T13:02:14","date_gmt":"2024-12-11T13:02:14","guid":{"rendered":"https:\/\/abela.shop\/rs\/\u043f\u0440\u043e\u0438\u0437\u0432\u043e\u0434\/bivits-activa-calcium-vitamin-d3\/"},"modified":"2026-04-15T23:59:29","modified_gmt":"2026-04-15T22:59:29","slug":"bivits-activa-calcium-vitamin-d3-1000-iu-60-tableta","status":"publish","type":"product","link":"https:\/\/abela.shop\/rs\/en\/proizvod\/bivits-activa-calcium-vitamin-d3-1000-iu-60-tableta\/","title":{"rendered":"BiVits\u00ae ACTIVA Calcium Vitamin D3 1000 IU, 60 tableta"},"content":{"rendered":"<p><strong>BiVits<sup>\u00ae <\/sup>ACTIVA Calcium Vitamin D3 1000 IU tablete<\/strong> je dijetetski proizvod \u2013 hrana za posebne medicinske namene sa kalcijumom i vitaminom D3, namenjena upotrebi kod osoba sa deficitom ovih nutrijenata: kod osoba sa osteomalacijom, osteopenijom i <a href=\"https:\/\/abela.shop\/rs\/proizvod\/k2d3-viva-90-paket\/\"><strong>osteoporozom<\/strong><\/a>, osoba sa autoimunim, kardiovaskularnim i malignim oboljenjima, osoba sa <a href=\"https:\/\/bivits.com\/proizvod\/immunity-booster\/\" target=\"_blank\" rel=\"noopener\"><strong>oslabljenim imunitetom<\/strong><\/a> i starijih osoba.<\/p>\n<p><strong>Bivits<sup>\u00ae <\/sup>ACTIVA Calcium Vitamin D3 1000 IU<\/strong> predstavlja formulu koja u jednoj tableti sadr\u017ei 400 mg kalcijuma i 1000 IU vitamina D3 i sinergijskim efektom doprinosi normalnoj gustini i strukturi kostiju, pravilnoj funkciji mi\u0161i\u0107a, kardiovaskularnog i imunolo\u0161kog sistema.<\/p>\n<p><strong>BiVits<sup>\u00ae <\/sup>ACTIVA Calcium Vitamin D3 1000 IU doprinosi:<\/strong><\/p>\n<p>\u2022 Normalnoj gustini i zdravlju kostiju<br \/>\n\u2022 Normalnom tonusu i funkciji mi\u0161i\u0107a<br \/>\n\u2022 Zdravlju srca i krvnih sudova<br \/>\n\u2022 Normalnoj nervnoj funkciji<br \/>\n\u2022 Ja\u010danju imunolo\u0161ke funkcije organizma<\/p>\n<h2>Namena proizvoda:<\/h2>\n<p><strong>BiVits<sup>\u00ae<\/sup> ACTIVA Calcium Vitamin D3 1000 IU se preporu\u010duje:<\/strong><br \/>\n\u2022 Kod osteopenije i osteoporoze<br \/>\n\u2022 Kod prisutnog nedostatka nekog od nutrijenata<br \/>\n\u2022 \u017denama u periodu menopauze<br \/>\n\u2022 Kod starijih osoba<br \/>\n\u2022 Kod autoimunskih oboljenja<\/p>\n<h2>Sastav proizvoda:<\/h2>\n<p>Kalcijum-karbonat, sredstva za pove\u0107anje zapremine: mikrokristalna celuloza, stabilizator: polivinilpirolidon, sredstvo protiv zgrudvavanja: magnezijum-stearat.<\/p>\n<h2>Upotreba:<\/h2>\n<p>Odrasli: Popiti jednu tabletu dnevno.<\/p>\n","protected":false},"excerpt":{"rendered":"<p><span class=\"opis-proizvoda\"><i class=\"fa-solid fa-circle-check check-opis-proizvoda\"><\/i>Sinergijski efekat kalcijuma i vitamina D3<\/span><br \/>\n<span class=\"opis-proizvoda\"><i class=\"fa-solid fa-circle-check check-opis-proizvoda\"><\/i>Prvi izbor za ja\u010danje gustine i strukture kostiju!<\/span><br \/>\n<span class=\"opis-proizvoda\"><i class=\"fa-solid fa-circle-check check-opis-proizvoda\"><\/i>Preporu\u010duje se kod osoba sa osteomalacijom, osteopenijom i osteoporozom.<\/span><\/p>\n","protected":false},"featured_media":234954,"comment_status":"open","ping_status":"closed","template":"","meta":{"_acf_changed":false},"product_brand":[],"product_cat":[127,88],"product_tag":[],"class_list":{"0":"post-234871","1":"product","2":"type-product","3":"status-publish","4":"has-post-thumbnail","6":"product_cat-imunitet","7":"product_cat-vitamini-i-minerali","9":"first","10":"instock","11":"shipping-taxable","12":"purchasable","13":"product-type-simple"},"acf":[],"jetpack_sharing_enabled":true,"_links":{"self":[{"href":"https:\/\/abela.shop\/rs\/en\/wp-json\/wp\/v2\/product\/234871","targetHints":{"allow":["GET"]}}],"collection":[{"href":"https:\/\/abela.shop\/rs\/en\/wp-json\/wp\/v2\/product"}],"about":[{"href":"https:\/\/abela.shop\/rs\/en\/wp-json\/wp\/v2\/types\/product"}],"replies":[{"embeddable":true,"href":"https:\/\/abela.shop\/rs\/en\/wp-json\/wp\/v2\/comments?post=234871"}],"version-history":[{"count":26,"href":"https:\/\/abela.shop\/rs\/en\/wp-json\/wp\/v2\/product\/234871\/revisions"}],"predecessor-version":[{"id":256949,"href":"https:\/\/abela.shop\/rs\/en\/wp-json\/wp\/v2\/product\/234871\/revisions\/256949"}],"wp:featuredmedia":[{"embeddable":true,"href":"https:\/\/abela.shop\/rs\/en\/wp-json\/wp\/v2\/media\/234954"}],"wp:attachment":[{"href":"https:\/\/abela.shop\/rs\/en\/wp-json\/wp\/v2\/media?parent=234871"}],"wp:term":[{"taxonomy":"product_brand","embeddable":true,"href":"https:\/\/abela.shop\/rs\/en\/wp-json\/wp\/v2\/product_brand?post=234871"},{"taxonomy":"product_cat","embeddable":true,"href":"https:\/\/abela.shop\/rs\/en\/wp-json\/wp\/v2\/product_cat?post=234871"},{"taxonomy":"product_tag","embeddable":true,"href":"https:\/\/abela.shop\/rs\/en\/wp-json\/wp\/v2\/product_tag?post=234871"}],"curies":[{"name":"wp","href":"https:\/\/api.w.org\/{rel}","templated":true}]}}