{"id":234873,"date":"2024-12-11T13:02:15","date_gmt":"2024-12-11T13:02:15","guid":{"rendered":"https:\/\/abela.shop\/rs\/\u043f\u0440\u043e\u0438\u0437\u0432\u043e\u0434\/bivits-activa-immunity-booster\/"},"modified":"2026-04-15T20:59:32","modified_gmt":"2026-04-15T19:59:32","slug":"bivits-activa-immunity-booster-30-kesica","status":"publish","type":"product","link":"https:\/\/abela.shop\/rs\/en\/proizvod\/bivits-activa-immunity-booster-30-kesica\/","title":{"rendered":"BiVits\u00ae ACTIVA Immunity Booster, 30 kesica"},"content":{"rendered":"<p><strong>BiVits<sup>\u00ae <\/sup>ACTIVA Immunity Booster<\/strong>, pra\u0161ak za pripremu napitka je dijetetski proizvod &#8211; hrana za posebne namene za ishranu osoba sa oslabljenim imunitetom razli\u010dite etiologije, osoba sa respiratornim infekcijama, starijih osoba, osoba izlo\u017eenih stresnim situacijama i fizi\u010dkim naporima, osoba izlo\u017eenih stalnom kontaktu sa ve\u0107im brojem ljudi, osoba sa <a href=\"https:\/\/propomucil.rs\/proizvod\/propomucil-pretprehlada\/\" target=\"_blank\" rel=\"noopener\"><strong>prehladom<\/strong><\/a>, gripom i drugim stanjima sa oslabljenim imunitetom.<\/p>\n<p>Formulacija koja u jednoj kesici omogu\u0107ava uravnote\u017eeni sinergisti\u010dki efekat svih neophodnih vitamina, <a href=\"https:\/\/abela.shop\/rs\/proizvod\/bivits-activa-alfa-lipoinska-kiselina-300-60-kapsula\/\"><strong>antioksidanasa<\/strong><\/a>, minerala i fitonutrijenata koji pru\u017eaju idealnu pod\u0161ku imunom sistemu odraslih i omogu\u0107avaju bolju za\u0161titu organizma i vi\u0161e energije.<\/p>\n<p><strong>BiVits\u00ae ACTIVA Immunity Booster<\/strong> je komforan za primenu, prijatnog ukusa limuna gde svaki gutljaj omogu\u0107ava dnevno preporu\u010dene doze mikronutijenta u kompleksnom sastavu \u2013 12 vitamina, 9 minerala i 3 fitonutrijenta. Da bi zadovoljili posebno pove\u0107ane potrebe za mikronutrijentima, preporu\u010dujemo da se BiVits\u00ae Activa Immunity Booster uzima dugoro\u010dno.<\/p>\n<p><strong>BiVits<sup>\u00ae <\/sup>ACTIVA Immunity BOOSTER doprinosi:<\/strong><br \/>\n\u2022 Ja\u010danju imuniteta i antioksidativnoj za\u0161titi<br \/>\n\u2022 Za\u0161titi ko\u017ee i mukoznih membrana<br \/>\n\u2022 Smanjenju umora i iscprljenosti<br \/>\n\u2022 Normalnom transportu kiseonika kroz organizam<br \/>\n\u2022 Normalnoj nervnoj funkciji, pam\u0107enju i koncentraciji<br \/>\n\u2022 Normalnom formiranju hemoglobina i crvenih krvnih zrnaca<\/p>\n<h2>Namena proizvoda:<\/h2>\n<p><strong>BiVits<sup>\u00ae <\/sup>ACTIVA Immunity BOOSTER se preporu\u010duje:<\/strong><br \/>\n\u2022 Za o\u010duvanje dobrog op\u0161teg zdravlja organizma<br \/>\n\u2022 Za ja\u010danje imuniteta kod oslabljenog imuniteta razli\u010dite etiologije<br \/>\n\u2022 Za prevenciju respiratornih infekcija u sezoni viremija<br \/>\n\u2022 Kod osoba koje su izlo\u017eene stresnim situacijama i te\u0161kim fizi\u010dkim naporima<br \/>\n\u2022 Kod osoba koje su u stalnom kontaktu sa velikim brojem ljudi<br \/>\n\u2022 Kod osoba sa akutnim i hroni\u010dnih infekcija (prehlada, grip, pneumonija, HPV infekcije)<br \/>\n\u2022 Kod osoba sa hroni\u010dnim oboljenjima (astma, alergijski rinitis, hroni\u010dna opstruktivna bolest plu\u0107a)<br \/>\n\u2022 Pre i posle hirur\u0161kih intervencija.<\/p>\n<h2>Sastav proizvoda:<\/h2>\n<p>Vitamin C (L-askorbinska kiselina i natrijum-L-askorbat), Vitamin E (DL-\u03b1-tokoferol-acetat), Vitamin B3 (nikotinamid), Vitamin B1 (tiamin-hidrohlorid), Vitamin B2 (riboflavin), Vitamin B6 (piridoksin-hidrohlorid), Vitamin B5 (kalcijum-D-pantotenat), Cink (cink-citrat), Gvo\u017e\u0111e (gvo\u017e\u0111e-glukonat), Vitamin A (\u03b2-karoten), Citrusni biflavonoidi (<em>Citrus aurantii<\/em>), Mangan (mangan-glukonat), Vitamin B9 (kalcijum-5&#8242;-metil tetrahidrofolat), Lutein iz ekstrakta cveta kadifice (<em>Tegetus erecta<\/em>), Bakar (bakar-sulfat), Likopen iz paradajza, Biotin (D-biotin), Jod (kalijum-jodat), Vitamin K2 (menahinon-7), Molibden (natrijum-molibdat), Selen (L-seleno-metionin), Hrom (Hrom-III-hlorid), Vitamin D (holekalciferol), Vitamin B12 (cijanokobalamin).<\/p>\n<h2>Na\u010din upotrebe:<\/h2>\n<p>Odrasli: jednom dnevno rastvoriti sadr\u017eaj kesice u \u010da\u0161i vode i popiti.<\/p>\n","protected":false},"excerpt":{"rendered":"<p><span class=\"opis-proizvoda\"><i class=\"fa-solid fa-circle-check check-opis-proizvoda\"><\/i>Prvi izbor za najkompletniju za\u0161titu i ja\u010danje imuniteta organizma<\/span><br \/>\n<span class=\"opis-proizvoda\"><i class=\"fa-solid fa-circle-check check-opis-proizvoda\"><\/i>Formulacija sa \u010dak 12 vitamina, 9 minerala i 3 fitonutrijenta<\/span><br \/>\n<span class=\"opis-proizvoda\"><i class=\"fa-solid fa-circle-check check-opis-proizvoda\"><\/i>Komforan za primenu, prijatnog ukusa limuna<\/span><\/p>\n","protected":false},"featured_media":234961,"comment_status":"open","ping_status":"closed","template":"","meta":{"_acf_changed":false},"product_brand":[],"product_cat":[127,88],"product_tag":[],"class_list":{"0":"post-234873","1":"product","2":"type-product","3":"status-publish","4":"has-post-thumbnail","6":"product_cat-imunitet","7":"product_cat-vitamini-i-minerali","9":"first","10":"instock","11":"shipping-taxable","12":"purchasable","13":"product-type-simple"},"acf":[],"jetpack_sharing_enabled":true,"_links":{"self":[{"href":"https:\/\/abela.shop\/rs\/en\/wp-json\/wp\/v2\/product\/234873","targetHints":{"allow":["GET"]}}],"collection":[{"href":"https:\/\/abela.shop\/rs\/en\/wp-json\/wp\/v2\/product"}],"about":[{"href":"https:\/\/abela.shop\/rs\/en\/wp-json\/wp\/v2\/types\/product"}],"replies":[{"embeddable":true,"href":"https:\/\/abela.shop\/rs\/en\/wp-json\/wp\/v2\/comments?post=234873"}],"version-history":[{"count":20,"href":"https:\/\/abela.shop\/rs\/en\/wp-json\/wp\/v2\/product\/234873\/revisions"}],"predecessor-version":[{"id":260205,"href":"https:\/\/abela.shop\/rs\/en\/wp-json\/wp\/v2\/product\/234873\/revisions\/260205"}],"wp:featuredmedia":[{"embeddable":true,"href":"https:\/\/abela.shop\/rs\/en\/wp-json\/wp\/v2\/media\/234961"}],"wp:attachment":[{"href":"https:\/\/abela.shop\/rs\/en\/wp-json\/wp\/v2\/media?parent=234873"}],"wp:term":[{"taxonomy":"product_brand","embeddable":true,"href":"https:\/\/abela.shop\/rs\/en\/wp-json\/wp\/v2\/product_brand?post=234873"},{"taxonomy":"product_cat","embeddable":true,"href":"https:\/\/abela.shop\/rs\/en\/wp-json\/wp\/v2\/product_cat?post=234873"},{"taxonomy":"product_tag","embeddable":true,"href":"https:\/\/abela.shop\/rs\/en\/wp-json\/wp\/v2\/product_tag?post=234873"}],"curies":[{"name":"wp","href":"https:\/\/api.w.org\/{rel}","templated":true}]}}