{"id":234894,"date":"2024-12-11T13:02:21","date_gmt":"2024-12-11T13:02:21","guid":{"rendered":"https:\/\/abela.shop\/rs\/\u043f\u0440\u043e\u0438\u0437\u0432\u043e\u0434\/bivits-lepa-od-glave-do-pete-paket\/"},"modified":"2026-04-15T21:59:29","modified_gmt":"2026-04-15T20:59:29","slug":"bivits-activa-lepa-od-glave-do-pete-paket","status":"publish","type":"product","link":"https:\/\/abela.shop\/rs\/en\/proizvod\/bivits-activa-lepa-od-glave-do-pete-paket\/","title":{"rendered":"BiVits\u00ae ACTIVA Lepa od glave do pete paket"},"content":{"rendered":"\t\t<div data-elementor-type=\"product-post\" data-elementor-id=\"234894\" class=\"elementor elementor-234894\" data-elementor-post-type=\"product\">\n\t\t\t\t<div class=\"wd-negative-gap elementor-element elementor-element-fbfb823 e-flex e-con-boxed e-con e-parent\" data-id=\"fbfb823\" data-element_type=\"container\" data-e-type=\"container\">\n\t\t\t\t\t<div class=\"e-con-inner\">\n\t\t<div class=\"elementor-element elementor-element-a07cb21 e-con-full e-flex e-con e-child\" data-id=\"a07cb21\" data-element_type=\"container\" data-e-type=\"container\">\n\t\t\t\t<\/div>\n\t\t<div class=\"elementor-element elementor-element-f9b2ef4 e-con-full e-flex e-con e-child\" data-id=\"f9b2ef4\" data-element_type=\"container\" data-e-type=\"container\">\n\t\t\t\t<div class=\"elementor-element elementor-element-3d386ec color-scheme-inherit text-left elementor-widget elementor-widget-text-editor\" data-id=\"3d386ec\" data-element_type=\"widget\" data-e-type=\"widget\" data-widget_type=\"text-editor.default\">\n\t\t\t\t<div class=\"elementor-widget-container\">\n\t\t\t\t\t\t\t\t\t<p><strong>BiVits<sup>\u00ae <\/sup>ACTIVA paket Lepa od Glave do pete<\/strong> je dobitna kombinacija za tebe ukoliko puno radi\u0161, pa se napor odra\u017eava na tvoj izged i imunitet, ima\u0161 osetljivu i problemati\u010dnu ko\u017eu, slabu kosu i nokte, ne spava\u0161 dovoljno i ose\u0107a\u0161 se umorno i iscrpljeno.<\/p>\t\t\t\t\t\t\t\t<\/div>\n\t\t\t\t<\/div>\n\t\t\t\t<\/div>\n\t\t<div class=\"elementor-element elementor-element-d9ed723 e-con-full e-flex e-con e-child\" data-id=\"d9ed723\" data-element_type=\"container\" data-e-type=\"container\">\n\t\t\t\t<\/div>\n\t\t\t\t\t<\/div>\n\t\t\t\t<\/div>\n\t\t<div class=\"wd-negative-gap elementor-element elementor-element-b12a2fa e-flex e-con-boxed e-con e-parent\" data-id=\"b12a2fa\" data-element_type=\"container\" data-e-type=\"container\">\n\t\t\t\t\t<div class=\"e-con-inner\">\n\t\t<div class=\"elementor-element elementor-element-9c4c30f e-con-full e-flex e-con e-child\" data-id=\"9c4c30f\" data-element_type=\"container\" data-e-type=\"container\">\n\t\t\t\t<div class=\"elementor-element elementor-element-a8c0690 elementor-widget elementor-widget-image\" data-id=\"a8c0690\" data-element_type=\"widget\" data-e-type=\"widget\" data-widget_type=\"image.default\">\n\t\t\t\t<div class=\"elementor-widget-container\">\n\t\t\t\t\t\t\t\t\t\t\t\t\t\t\t<img loading=\"lazy\" decoding=\"async\" width=\"800\" height=\"800\" src=\"https:\/\/abela.shop\/rs\/wp-content\/uploads\/2024\/12\/BiVits-beta-carotern-800x800.jpg\" class=\"attachment-large size-large wp-image-234951\" alt=\"BiVits\u00ae ACTIVA Beta Carotene, 60 tableta\" srcset=\"https:\/\/abela.shop\/rs\/wp-content\/uploads\/2024\/12\/BiVits-beta-carotern-800x800.jpg 800w, https:\/\/abela.shop\/rs\/wp-content\/uploads\/2024\/12\/BiVits-beta-carotern-430x430.jpg 430w, https:\/\/abela.shop\/rs\/wp-content\/uploads\/2024\/12\/BiVits-beta-carotern-150x150.jpg 150w, https:\/\/abela.shop\/rs\/wp-content\/uploads\/2024\/12\/BiVits-beta-carotern-700x700.jpg 700w, https:\/\/abela.shop\/rs\/wp-content\/uploads\/2024\/12\/BiVits-beta-carotern-300x300.jpg 300w, https:\/\/abela.shop\/rs\/wp-content\/uploads\/2024\/12\/BiVits-beta-carotern-768x768.jpg 768w, https:\/\/abela.shop\/rs\/wp-content\/uploads\/2024\/12\/BiVits-beta-carotern-80x80.jpg 80w, https:\/\/abela.shop\/rs\/wp-content\/uploads\/2024\/12\/BiVits-beta-carotern-90x90.jpg 90w, https:\/\/abela.shop\/rs\/wp-content\/uploads\/2024\/12\/BiVits-beta-carotern.jpg 1000w\" sizes=\"auto, (max-width: 800px) 100vw, 800px\" title=\"\">\t\t\t\t\t\t\t\t\t\t\t\t\t\t\t<\/div>\n\t\t\t\t<\/div>\n\t\t\t\t<div class=\"elementor-element elementor-element-f4a91b8 color-scheme-inherit text-left elementor-widget elementor-widget-text-editor\" data-id=\"f4a91b8\" data-element_type=\"widget\" data-e-type=\"widget\" data-widget_type=\"text-editor.default\">\n\t\t\t\t<div class=\"elementor-widget-container\">\n\t\t\t\t\t\t\t\t\t<p><strong>BiVits<sup>\u00ae <\/sup>ACTIVA Beta Carotene<\/strong> je formula koja obezbe\u0111uje za\u0161titu od oksidativnog o\u0161te\u0107enja i starenja. Beta-karoten \u0161titi ko\u017eu od UV zra\u010denja, doprinosi postizanju lep\u0161eg tena i boljeg izgleda ko\u017ee. Primena se posebno preporu\u010duje kod ko\u017ee osetljive na sun\u010deve zrake.<\/p>\t\t\t\t\t\t\t\t<\/div>\n\t\t\t\t<\/div>\n\t\t\t\t<\/div>\n\t\t<div class=\"elementor-element elementor-element-9c5d278 e-con-full e-flex e-con e-child\" data-id=\"9c5d278\" data-element_type=\"container\" data-e-type=\"container\">\n\t\t\t\t<div class=\"elementor-element elementor-element-1577d8f elementor-widget elementor-widget-image\" data-id=\"1577d8f\" data-element_type=\"widget\" data-e-type=\"widget\" data-widget_type=\"image.default\">\n\t\t\t\t<div class=\"elementor-widget-container\">\n\t\t\t\t\t\t\t\t\t\t\t\t\t\t\t<img loading=\"lazy\" decoding=\"async\" width=\"800\" height=\"800\" src=\"https:\/\/abela.shop\/rs\/wp-content\/uploads\/2024\/12\/BiVits-ca-mg-cink-800x800.jpg\" class=\"attachment-large size-large wp-image-234955\" alt=\"Bivits\u00ae ACTIVA Kalcijum Magnezijum Cink, 60 tableta\" srcset=\"https:\/\/abela.shop\/rs\/wp-content\/uploads\/2024\/12\/BiVits-ca-mg-cink-800x800.jpg 800w, https:\/\/abela.shop\/rs\/wp-content\/uploads\/2024\/12\/BiVits-ca-mg-cink-430x430.jpg 430w, https:\/\/abela.shop\/rs\/wp-content\/uploads\/2024\/12\/BiVits-ca-mg-cink-150x150.jpg 150w, https:\/\/abela.shop\/rs\/wp-content\/uploads\/2024\/12\/BiVits-ca-mg-cink-700x700.jpg 700w, https:\/\/abela.shop\/rs\/wp-content\/uploads\/2024\/12\/BiVits-ca-mg-cink-300x300.jpg 300w, https:\/\/abela.shop\/rs\/wp-content\/uploads\/2024\/12\/BiVits-ca-mg-cink-768x768.jpg 768w, https:\/\/abela.shop\/rs\/wp-content\/uploads\/2024\/12\/BiVits-ca-mg-cink-80x80.jpg 80w, https:\/\/abela.shop\/rs\/wp-content\/uploads\/2024\/12\/BiVits-ca-mg-cink-90x90.jpg 90w, https:\/\/abela.shop\/rs\/wp-content\/uploads\/2024\/12\/BiVits-ca-mg-cink.jpg 1000w\" sizes=\"auto, (max-width: 800px) 100vw, 800px\" title=\"\">\t\t\t\t\t\t\t\t\t\t\t\t\t\t\t<\/div>\n\t\t\t\t<\/div>\n\t\t\t\t<div class=\"elementor-element elementor-element-4ca9d18 color-scheme-inherit text-left elementor-widget elementor-widget-text-editor\" data-id=\"4ca9d18\" data-element_type=\"widget\" data-e-type=\"widget\" data-widget_type=\"text-editor.default\">\n\t\t\t\t<div class=\"elementor-widget-container\">\n\t\t\t\t\t\t\t\t\t<p><strong>BiVits<sup>\u00ae <\/sup>ACTIVA Kalcijum Magnezijum Cink<\/strong> je formula koja obezbe\u0111uje sinergisti\u010dki efekat tri minerala u jednoj tableti. Doprinosi normalnoj funkciji mi\u0161i\u0107a i kostiju i ja\u010danju imuniteta, pove\u0107ava otpornost organizma i obavlja energiju.<\/p>\t\t\t\t\t\t\t\t<\/div>\n\t\t\t\t<\/div>\n\t\t\t\t<\/div>\n\t\t<div class=\"elementor-element elementor-element-6365c67 e-con-full e-flex e-con e-child\" data-id=\"6365c67\" data-element_type=\"container\" data-e-type=\"container\">\n\t\t\t\t<div class=\"elementor-element elementor-element-9150f17 elementor-widget elementor-widget-image\" data-id=\"9150f17\" data-element_type=\"widget\" data-e-type=\"widget\" data-widget_type=\"image.default\">\n\t\t\t\t<div class=\"elementor-widget-container\">\n\t\t\t\t\t\t\t\t\t\t\t\t\t\t\t<img loading=\"lazy\" decoding=\"async\" width=\"800\" height=\"800\" src=\"https:\/\/abela.shop\/rs\/wp-content\/uploads\/2024\/12\/BiVits-vit-c-1000-800x800.jpg\" class=\"attachment-large size-large wp-image-234973\" alt=\"BiVits\u00ae ACTIVA Vitamin C 1000 Acerola, 60 tableta\" srcset=\"https:\/\/abela.shop\/rs\/wp-content\/uploads\/2024\/12\/BiVits-vit-c-1000-800x800.jpg 800w, https:\/\/abela.shop\/rs\/wp-content\/uploads\/2024\/12\/BiVits-vit-c-1000-430x430.jpg 430w, https:\/\/abela.shop\/rs\/wp-content\/uploads\/2024\/12\/BiVits-vit-c-1000-150x150.jpg 150w, https:\/\/abela.shop\/rs\/wp-content\/uploads\/2024\/12\/BiVits-vit-c-1000-700x700.jpg 700w, https:\/\/abela.shop\/rs\/wp-content\/uploads\/2024\/12\/BiVits-vit-c-1000-300x300.jpg 300w, https:\/\/abela.shop\/rs\/wp-content\/uploads\/2024\/12\/BiVits-vit-c-1000-768x768.jpg 768w, https:\/\/abela.shop\/rs\/wp-content\/uploads\/2024\/12\/BiVits-vit-c-1000-90x90.jpg 90w, https:\/\/abela.shop\/rs\/wp-content\/uploads\/2024\/12\/BiVits-vit-c-1000.jpg 1000w\" sizes=\"auto, (max-width: 800px) 100vw, 800px\" title=\"\">\t\t\t\t\t\t\t\t\t\t\t\t\t\t\t<\/div>\n\t\t\t\t<\/div>\n\t\t\t\t<div class=\"elementor-element elementor-element-6b77cf3 color-scheme-inherit text-left elementor-widget elementor-widget-text-editor\" data-id=\"6b77cf3\" data-element_type=\"widget\" data-e-type=\"widget\" data-widget_type=\"text-editor.default\">\n\t\t\t\t<div class=\"elementor-widget-container\">\n\t\t\t\t\t\t\t\t\t<p><strong>BiVits<sup>\u00ae <\/sup>ACTIVA Vitamin C 1000 acerola<\/strong> je formula koja sinergisti\u010dkim delovanjem ekstrakta acerole i vitamina C obezbe\u0111uje bolju za\u0161titu od oksidativnog stresa i starenja. Vitamin C je neophodan za produkciju kolagena i elasti\u010dnost ko\u017ee, normalnu funkciju zuba, kostiju, hrskavice i krvnih sudova.<\/p>\t\t\t\t\t\t\t\t<\/div>\n\t\t\t\t<\/div>\n\t\t\t\t<\/div>\n\t\t\t\t\t<\/div>\n\t\t\t\t<\/div>\n\t\t<div class=\"wd-negative-gap elementor-element elementor-element-1021bcca e-flex e-con-boxed e-con e-parent\" data-id=\"1021bcca\" data-element_type=\"container\" data-e-type=\"container\">\n\t\t\t\t\t<div class=\"e-con-inner\">\n\t\t\t\t<div class=\"elementor-element elementor-element-52380d24 color-scheme-inherit text-left elementor-widget elementor-widget-text-editor\" data-id=\"52380d24\" data-element_type=\"widget\" data-e-type=\"widget\" data-widget_type=\"text-editor.default\">\n\t\t\t\t<div class=\"elementor-widget-container\">\n\t\t\t\t\t\t\t\t\t<h2>Sastav paketa:<\/h2><p>BiVits<sup>\u00ae <\/sup>ACTIVA Beta Carotene, BiVits<sup>\u00ae <\/sup>ACTIVA Kalcijum Magnezijum Cink i BiVits<sup>\u00ae <\/sup>ACTIVA Vitamin C 1000 acerola.<\/p><h2>Na\u010din upotrebe:<\/h2><p>BiVits<sup>\u00ae <\/sup>ACTIVA Beta Carotene, BiVits<sup>\u00ae <\/sup>ACTIVA Kalcijum Magnezijum Cink i BiVits<sup>\u00ae <\/sup>ACTIVA Vitamin C 1000 acerola \u2013 uzeti ujutru po jednu tabletu od svakog proizvoda.<\/p>\t\t\t\t\t\t\t\t<\/div>\n\t\t\t\t<\/div>\n\t\t\t\t\t<\/div>\n\t\t\t\t<\/div>\n\t\t\t\t<\/div>\n\t\t","protected":false},"excerpt":{"rendered":"<p><strong>BiVits\u00ae ACTIVA Lepa od glave do pete paket<\/strong> je za tebe ako:<\/p>\n<p><span class=\"opis-proizvoda\"><i class=\"fa-solid fa-circle-check check-opis-proizvoda\"><\/i>Puno radi\u0161, \u0161to se odra\u017eava na tvoj imunitet i izgled<\/span><br \/>\n<span class=\"opis-proizvoda\"><i class=\"fa-solid fa-circle-check check-opis-proizvoda\"><\/i>Ima\u0161 osetljivu i problemati\u010dnu ko\u017eu<\/span><br \/>\n<span class=\"opis-proizvoda\"><i class=\"fa-solid fa-circle-check check-opis-proizvoda\"><\/i>Slabi su ti nokti i kosa<\/span><br \/>\n<span class=\"opis-proizvoda\"><i class=\"fa-solid fa-circle-check check-opis-proizvoda\"><\/i>Ne spava\u0161 dovoljno<\/span><br \/>\n<span class=\"opis-proizvoda\"><i class=\"fa-solid fa-circle-check check-opis-proizvoda\"><\/i>Ose\u0107a\u0161 se umorno i isrcpljeno<\/span><\/p>\n<p>Odabrani trio za boost tvoga izgleda i imuniteta:<\/p>\n<ul>\n<li>BiVits<sup>\u00ae <\/sup>ACTIVA Beta Carotene<\/li>\n<li>BiVits<sup>\u00ae <\/sup>ACTIVA Kalcijum Magnezijum Cink<\/li>\n<li>BiVits<sup>\u00ae <\/sup>ACTIVA Vitamin C 1000 acerola!<\/li>\n<\/ul>\n<p>Poma\u017ee da vrat\u0161 sjaj ko\u017ei, kosi i noktima, izdr\u017ei\u0161 dodatne napore na poslu, odmori\u0161 se i naspava\u0161 kvalitetno!<\/p>\n","protected":false},"featured_media":237785,"comment_status":"open","ping_status":"closed","template":"","meta":{"_acf_changed":false},"product_brand":[],"product_cat":[133,147,125,101,88],"product_tag":[],"class_list":{"0":"post-234894","1":"product","2":"type-product","3":"status-publish","4":"has-post-thumbnail","6":"product_cat-akcije","7":"product_cat-istaknuto","8":"product_cat-lepota","9":"product_cat-paketi","10":"product_cat-vitamini-i-minerali","12":"first","13":"instock","14":"sale","15":"featured","16":"shipping-taxable","17":"purchasable","18":"product-type-simple"},"acf":[],"jetpack_sharing_enabled":true,"_links":{"self":[{"href":"https:\/\/abela.shop\/rs\/en\/wp-json\/wp\/v2\/product\/234894","targetHints":{"allow":["GET"]}}],"collection":[{"href":"https:\/\/abela.shop\/rs\/en\/wp-json\/wp\/v2\/product"}],"about":[{"href":"https:\/\/abela.shop\/rs\/en\/wp-json\/wp\/v2\/types\/product"}],"replies":[{"embeddable":true,"href":"https:\/\/abela.shop\/rs\/en\/wp-json\/wp\/v2\/comments?post=234894"}],"version-history":[{"count":41,"href":"https:\/\/abela.shop\/rs\/en\/wp-json\/wp\/v2\/product\/234894\/revisions"}],"predecessor-version":[{"id":261231,"href":"https:\/\/abela.shop\/rs\/en\/wp-json\/wp\/v2\/product\/234894\/revisions\/261231"}],"wp:featuredmedia":[{"embeddable":true,"href":"https:\/\/abela.shop\/rs\/en\/wp-json\/wp\/v2\/media\/237785"}],"wp:attachment":[{"href":"https:\/\/abela.shop\/rs\/en\/wp-json\/wp\/v2\/media?parent=234894"}],"wp:term":[{"taxonomy":"product_brand","embeddable":true,"href":"https:\/\/abela.shop\/rs\/en\/wp-json\/wp\/v2\/product_brand?post=234894"},{"taxonomy":"product_cat","embeddable":true,"href":"https:\/\/abela.shop\/rs\/en\/wp-json\/wp\/v2\/product_cat?post=234894"},{"taxonomy":"product_tag","embeddable":true,"href":"https:\/\/abela.shop\/rs\/en\/wp-json\/wp\/v2\/product_tag?post=234894"}],"curies":[{"name":"wp","href":"https:\/\/api.w.org\/{rel}","templated":true}]}}