{"id":234896,"date":"2024-12-11T13:02:21","date_gmt":"2024-12-11T13:02:21","guid":{"rendered":"https:\/\/abela.shop\/rs\/\u043f\u0440\u043e\u0438\u0437\u0432\u043e\u0434\/bivits-u-akciji-24-7-paket\/"},"modified":"2026-04-15T23:59:27","modified_gmt":"2026-04-15T22:59:27","slug":"bivits-activa-u-akciji-24-7-paket","status":"publish","type":"product","link":"https:\/\/abela.shop\/rs\/en\/proizvod\/bivits-activa-u-akciji-24-7-paket\/","title":{"rendered":"BiVits\u00ae ACTIVA U akciji 24\/7 paket"},"content":{"rendered":"<p><strong>BiVits<sup>\u00ae <\/sup>ACTIVA U akciji 24\/7 paket<\/strong> za tebe je ukoliko dosta vremena provodi\u0161 na poslu, radi\u0161 prekovremeno, stalno si u \u017eurbi, nema\u0161 vremena da se posveti\u0161 zdravom na\u010dinu \u017eivota, <a href=\"https:\/\/bivits.com\/proizvod\/melatonin\/\" target=\"_blank\" rel=\"noopener\"><strong>ne spava\u0161<\/strong><\/a> i odmara\u0161 dovoljno.<\/p>\n<p><img loading=\"lazy\" decoding=\"async\" src=\"https:\/\/abela.shop\/rs\/wp-content\/uploads\/2024\/12\/BiVits-recovery-800x800.jpg\" alt=\"\" width=\"800\" height=\"800\" title=\"\"><\/p>\n<p><strong>BiVits<sup>\u00ae <\/sup>ACTIVA Recovery<\/strong>\u00a0je formula koja u jednoj tableti obezbedjuje 6 aktivnih sastojaka koji doprinose zajedni\u010dkom ja\u010danju <a href=\"https:\/\/abela.shop\/rs\/proizvod\/bivits-activa-immunity-booster-30-kesica\/\"><strong>imuniteta<\/strong><\/a> i pove\u0107anju izdr\u017eljivosti organizma. Recovery formula ubrzava oporavak organizma nakon infekcije i bolesti. \u0160titi plu\u0107a i disajne puteve.<\/p>\n<p><img loading=\"lazy\" decoding=\"async\" src=\"https:\/\/abela.shop\/rs\/wp-content\/uploads\/2024\/12\/BiVits-Melatonin-800x800.jpg\" alt=\"\" width=\"800\" height=\"800\" title=\"\"><\/p>\n<p><strong>BiVits<sup>\u00ae <\/sup>ACTIVA Melatonin<\/strong> je formula koja poma\u017ee u re\u0161avanju problema sa spavanjem. Melatonin olak\u0161ava uspavljivanje, pobolj\u0161ava kvalitet sna i uti\u010de na odr\u017eavanje kontinuiteta sna.<\/p>\n<p><img loading=\"lazy\" decoding=\"async\" src=\"https:\/\/abela.shop\/rs\/wp-content\/uploads\/2024\/12\/BiVits-vit-b12-800x800.jpg\" alt=\"\" width=\"800\" height=\"800\" title=\"\"><\/p>\n<p><strong>BiVits<sup>\u00ae <\/sup>ACTIVA Vitamin B12 1000mcg<\/strong> je formula koja doprinosi smanjenju umora i iscrpljenosti. Neoophodan je za proizvodnju crvenih krvnih zrnaca i adekvatno dopremanje kiseonika do \u0107elija. Vitamin B12 obezbe\u0111uje za\u0161titu nerava i normalnu funkciju nervnog sistema.<\/p>\n<h2>UPOTREBA:<\/h2>\n<p>UJUTRU: BiVits<sup>\u00ae <\/sup>ACTIVA Recovery, NAKON DORU\u010cKA: BiVits<sup>\u00ae <\/sup>ACTIVA Vitamin B12, UVE\u010cE 1-2h pre spavanja: BiVits<sup>\u00ae <\/sup>ACTIVA Melatonin.<\/p>\n","protected":false},"excerpt":{"rendered":"<p><strong>BiVits\u00ae ACTIVA U akciji 24\/7 paket<\/strong> je za tebe ako:<\/p>\n<p>\u2705 Mnogo vremena provodi\u0161 na poslu<br \/>\n\u2705 \u010cesto radi\u0161 prekovremeno i uvek si u \u017eurbi<br \/>\n\u2705 Preska\u010de\u0161 obroke<br \/>\n\u2705 Nema\u0161 vremena da se uvek hrani\u0161 zdravo<br \/>\n\u2705 \u010cesto ne spava\u0161 dovoljno<br \/>\n\u2705 Ose\u0107a\u0161 se iscrpljeno i ne uspeva\u0161 da se u potpunosti odmori\u0161<\/p>\n<p>Trio BiVits<sup>\u00ae<\/sup> ACTIVA proizvoda:<\/p>\n<ul>\n<li>BiVits<sup>\u00ae<\/sup> ACTIVA Recovery<\/li>\n<li>BiVits<sup>\u00ae<\/sup> ACTIVA Vitamin B12<\/li>\n<li>BiVits<sup>\u00ae<\/sup> ACTIVA Melatonin<\/li>\n<\/ul>\n<p>Podr\u0161ka za tvoj u\u017eurban na\u010din \u017eivota i konstantnoj borbi protiv umora!<\/p>\n","protected":false},"featured_media":237518,"comment_status":"open","ping_status":"closed","template":"","meta":{"_acf_changed":false},"product_brand":[],"product_cat":[133,147,101,88],"product_tag":[],"class_list":{"0":"post-234896","1":"product","2":"type-product","3":"status-publish","4":"has-post-thumbnail","6":"product_cat-akcije","7":"product_cat-istaknuto","8":"product_cat-paketi","9":"product_cat-vitamini-i-minerali","11":"first","12":"instock","13":"sale","14":"featured","15":"shipping-taxable","16":"purchasable","17":"product-type-simple"},"acf":[],"jetpack_sharing_enabled":true,"_links":{"self":[{"href":"https:\/\/abela.shop\/rs\/en\/wp-json\/wp\/v2\/product\/234896","targetHints":{"allow":["GET"]}}],"collection":[{"href":"https:\/\/abela.shop\/rs\/en\/wp-json\/wp\/v2\/product"}],"about":[{"href":"https:\/\/abela.shop\/rs\/en\/wp-json\/wp\/v2\/types\/product"}],"replies":[{"embeddable":true,"href":"https:\/\/abela.shop\/rs\/en\/wp-json\/wp\/v2\/comments?post=234896"}],"version-history":[{"count":23,"href":"https:\/\/abela.shop\/rs\/en\/wp-json\/wp\/v2\/product\/234896\/revisions"}],"predecessor-version":[{"id":246863,"href":"https:\/\/abela.shop\/rs\/en\/wp-json\/wp\/v2\/product\/234896\/revisions\/246863"}],"wp:featuredmedia":[{"embeddable":true,"href":"https:\/\/abela.shop\/rs\/en\/wp-json\/wp\/v2\/media\/237518"}],"wp:attachment":[{"href":"https:\/\/abela.shop\/rs\/en\/wp-json\/wp\/v2\/media?parent=234896"}],"wp:term":[{"taxonomy":"product_brand","embeddable":true,"href":"https:\/\/abela.shop\/rs\/en\/wp-json\/wp\/v2\/product_brand?post=234896"},{"taxonomy":"product_cat","embeddable":true,"href":"https:\/\/abela.shop\/rs\/en\/wp-json\/wp\/v2\/product_cat?post=234896"},{"taxonomy":"product_tag","embeddable":true,"href":"https:\/\/abela.shop\/rs\/en\/wp-json\/wp\/v2\/product_tag?post=234896"}],"curies":[{"name":"wp","href":"https:\/\/api.w.org\/{rel}","templated":true}]}}