{"id":234933,"date":"2024-12-11T13:13:25","date_gmt":"2024-12-11T13:13:25","guid":{"rendered":"https:\/\/abela.shop\/rs\/\u043f\u0440\u043e\u0438\u0437\u0432\u043e\u0434\/herbafast-fiber-limun\/"},"modified":"2026-04-15T23:59:27","modified_gmt":"2026-04-15T22:59:27","slug":"herbafast-fiber-limun-10-kesica","status":"publish","type":"product","link":"https:\/\/abela.shop\/rs\/en\/proizvod\/herbafast-fiber-limun-10-kesica\/","title":{"rendered":"Herbafast\u00ae fiber Limun, 10 kesica"},"content":{"rendered":"<p><strong>Herbafast<sup>\u00ae <\/sup>fiber sa ukusom limuna<\/strong> je dodatak ishrani koji sadr\u017ei kombinaciju biljnih vlakna (<em>Glucomannan i Nutriose\u00ae<\/em>), koja podsti\u010du zdravo mr\u0161avljenje : uti\u010du na normalizaciju <a href=\"https:\/\/abela.shop\/rs\/proizvod\/bivits-activa-hrom-60-tableta\/\"><strong>nivoa \u0161e\u0107era u krvi<\/strong><\/a>, bolje varenje, <a href=\"https:\/\/arteroprotect.com\/\" target=\"_blank\" rel=\"noopener\"><strong>smanjenje holesterola<\/strong><\/a> i triglicerida.<\/p>\n<p><strong>Herbafast<sup>\u00ae <\/sup>fiber<\/strong> tako\u0111e doprinosi smanjenju apetita i \u201enapada\u201c gladi, jer se rastvaranjem vlakana u vodi njihova zapremina zna\u010dajno pove\u0107ava, popunjava se prostor u \u017eelucu i tako stvara ose\u0107aj sitosti. Biljna vlakna iz <strong>Herbafast<sup>\u00ae <\/sup>fibera<\/strong> uti\u010du na normalizaciju glukoze i insulina u krvi, koristan je kod insulinske rezistencije i mogu ga koristiti osobe sa dijabetesom.<\/p>\n<h2>Indikacije za primenu proizvoda:<\/h2>\n<p>Gojaznost i vi\u0161ak kilograma, neuravnote\u017eena ishrana sa pove\u0107anim unosom \u0161e\u0107era i ugljenih hidrata, insulinska rezistencija i dijabetes.<\/p>\n<h2>Sastav proizvoda:<\/h2>\n<p>dekstrin, glukomanan, L-askorbinska kiselina, cink-citrat, holekalciferol, aroma limuna, limunska kiselina, zasla\u0111iva\u010d: acesulfam, boja E102.<\/p>\n<h2>Na\u010din upotrebe:<\/h2>\n<p>Sadr\u017eaj Herbafast<sup>\u00ae<\/sup> fiber kesice razmutiti u 200 ml vode, uz postepeno dodavanje praha i neprekidno me\u0161anje. Odmah nakon toga ispiti spremljen napitak i jo\u0161 jednu \u010da\u0161u vode. Konzumirati pola sata pre obroka.<\/p>\n<h2>Doziranje:<\/h2>\n<p>Odrasli i deca starije od 12 godina: Prva tri dana primene uzimati po jednu kesicu dnevno, nakon toga uzimati jednu do dve kesice dnevno. Kao rezultat normalizovanja crevne flore samo je na po\u010detku primene Herbafast\u00ae Fibera mogu\u0107a pojava blagog nadimanja.<\/p>\n","protected":false},"excerpt":{"rendered":"<p>Zdravo mr\u0161avljenje sa ukusom limunom<br \/>\nKombinacija biljnih vlakana Glucomannan i Nutriose\u00ae podsti\u010de zdravo mr\u0161avljenje uz:<\/p>\n<p><span class=\"opis-proizvoda\"><i class=\"fa-solid fa-circle-check check-opis-proizvoda\"><\/i>smanjenje gladi<\/span><br \/>\n<span class=\"opis-proizvoda\"><i class=\"fa-solid fa-circle-check check-opis-proizvoda\"><\/i>bolje varenje<\/span><br \/>\n<span class=\"opis-proizvoda\"><i class=\"fa-solid fa-circle-check check-opis-proizvoda\"><\/i>normalizaciju nivoa \u0161e\u0107era u krvi<\/span><br \/>\n<span class=\"opis-proizvoda\"><i class=\"fa-solid fa-circle-check check-opis-proizvoda\"><\/i>smanjenje nivoa holestrola i triglicerida<\/span><br \/>\n<span class=\"opis-proizvoda\"><i class=\"fa-solid fa-circle-check check-opis-proizvoda\"><\/i>koristan kod insulinske rezistencije i mogu ga koristiti osobe sa dijabetesom<\/span><\/p>\n","protected":false},"featured_media":235473,"comment_status":"open","ping_status":"closed","template":"","meta":{"_acf_changed":false},"product_brand":[],"product_cat":[320,125,90],"product_tag":[],"class_list":{"0":"post-234933","1":"product","2":"type-product","3":"status-publish","4":"has-post-thumbnail","6":"product_cat-creva-u-balansu","7":"product_cat-lepota","8":"product_cat-regulisanje-telesne-tezine","10":"first","11":"instock","12":"sale","13":"shipping-taxable","14":"purchasable","15":"product-type-simple"},"acf":[],"jetpack_sharing_enabled":true,"_links":{"self":[{"href":"https:\/\/abela.shop\/rs\/en\/wp-json\/wp\/v2\/product\/234933","targetHints":{"allow":["GET"]}}],"collection":[{"href":"https:\/\/abela.shop\/rs\/en\/wp-json\/wp\/v2\/product"}],"about":[{"href":"https:\/\/abela.shop\/rs\/en\/wp-json\/wp\/v2\/types\/product"}],"replies":[{"embeddable":true,"href":"https:\/\/abela.shop\/rs\/en\/wp-json\/wp\/v2\/comments?post=234933"}],"version-history":[{"count":26,"href":"https:\/\/abela.shop\/rs\/en\/wp-json\/wp\/v2\/product\/234933\/revisions"}],"predecessor-version":[{"id":262006,"href":"https:\/\/abela.shop\/rs\/en\/wp-json\/wp\/v2\/product\/234933\/revisions\/262006"}],"wp:featuredmedia":[{"embeddable":true,"href":"https:\/\/abela.shop\/rs\/en\/wp-json\/wp\/v2\/media\/235473"}],"wp:attachment":[{"href":"https:\/\/abela.shop\/rs\/en\/wp-json\/wp\/v2\/media?parent=234933"}],"wp:term":[{"taxonomy":"product_brand","embeddable":true,"href":"https:\/\/abela.shop\/rs\/en\/wp-json\/wp\/v2\/product_brand?post=234933"},{"taxonomy":"product_cat","embeddable":true,"href":"https:\/\/abela.shop\/rs\/en\/wp-json\/wp\/v2\/product_cat?post=234933"},{"taxonomy":"product_tag","embeddable":true,"href":"https:\/\/abela.shop\/rs\/en\/wp-json\/wp\/v2\/product_tag?post=234933"}],"curies":[{"name":"wp","href":"https:\/\/api.w.org\/{rel}","templated":true}]}}