{"id":234935,"date":"2024-12-11T13:13:25","date_gmt":"2024-12-11T13:13:25","guid":{"rendered":"https:\/\/abela.shop\/rs\/\u043f\u0440\u043e\u0438\u0437\u0432\u043e\u0434\/herbafast-lady\/"},"modified":"2026-04-15T23:59:27","modified_gmt":"2026-04-15T22:59:27","slug":"herbafast-lady-10-kapsula","status":"publish","type":"product","link":"https:\/\/abela.shop\/rs\/en\/proizvod\/herbafast-lady-10-kapsula\/","title":{"rendered":"Herbafast\u00ae lady, 10 kapsula"},"content":{"rendered":"<p><strong>Herbafast<sup>\u00ae<\/sup> lady<\/strong> je dodatak ishrani u kapsulama namenjen damama, sa ciljem da se poja\u010da proces sagorevanja masnih naslaga i ubrza metabolizam. Sadr\u017ei koncentrat soka ploda dinje, <a href=\"https:\/\/bivits.com\/proizvod\/cink-25mg\/\" target=\"_blank\" rel=\"noopener\"><strong>cink<\/strong><\/a>, granule ploda paprike, ekstrakt ploda crnog bibera, ekstrakt lista koprive i probiotsku kulturu <a href=\"https:\/\/abela.shop\/rs\/proizvod\/bulardi-30-kapsula\/\"><strong><em>Saccharomyces boulardii<\/em><\/strong><\/a>. Ova kombinacija aktivnih sastojaka doprinosi suzbijanju gladi, br\u017eem metabolizmu, smanjenju telesne te\u017eine i eliminaciji toksina iz organizma. Ekstrakt iz ploda paprike i crnog bibera podsti\u010du termogeni efekat, zahvaljuju\u0107i kome se ubrzava metabolizam i poja\u010dava sagorevanje masnih naslaga.<\/p>\n<h2>Indikacije za upotrebu proizvoda:<\/h2>\n<p>Gojaznost i vi\u0161ak kilograma, usporen metabolizam, fizi\u010dka neaktivnost i sedatorni stil \u017eivota;<\/p>\n<h2>Sastav proizvoda:<\/h2>\n<p>ekstrakt lista koprive, kapsula (hipromeloza, boja: titan-dioksid), liofoizovana kultura <em>Saccharomyces boulardii<\/em>, koncentrat soka ploda dinje oblo\u017een biljnim uljem, skrob (kukuruzni), cink citrat, sredstvo protiv zgrudvavanja: magnezijum stearat, plod paprike, ekstrakt ploda crnog bibera.<\/p>\n<h2>Na\u010din upotrebe:<\/h2>\n<p>Odrasli: Jednom dnevno popiti jednu kapsulu pre jela.<\/p>\n","protected":false},"excerpt":{"rendered":"<p><span class=\"opis-proizvoda\"><i class=\"fa-solid fa-circle-check check-opis-proizvoda\"><\/i><strong>Zdravo re\u0161enje u obliku kapsula sa bogatim sastavom: cinka, ekstrakta koprive, paprike, crnog bibera, ploda dinje i probiotske kulture <em>Saccharomyces boulardii<\/em><\/strong><\/span><br \/>\n<span class=\"opis-proizvoda\"><i class=\"fa-solid fa-circle-check check-opis-proizvoda\"><\/i>Za poja\u010dano sagorevanje masnih naslaga i ubrzavanje metabolizma namenjeno damama<\/span><\/p>\n","protected":false},"featured_media":235481,"comment_status":"open","ping_status":"closed","template":"","meta":{"_acf_changed":false},"product_brand":[],"product_cat":[125,90],"product_tag":[],"class_list":{"0":"post-234935","1":"product","2":"type-product","3":"status-publish","4":"has-post-thumbnail","6":"product_cat-lepota","7":"product_cat-regulisanje-telesne-tezine","9":"first","10":"instock","11":"sale","12":"shipping-taxable","13":"purchasable","14":"product-type-simple"},"acf":[],"jetpack_sharing_enabled":true,"_links":{"self":[{"href":"https:\/\/abela.shop\/rs\/en\/wp-json\/wp\/v2\/product\/234935","targetHints":{"allow":["GET"]}}],"collection":[{"href":"https:\/\/abela.shop\/rs\/en\/wp-json\/wp\/v2\/product"}],"about":[{"href":"https:\/\/abela.shop\/rs\/en\/wp-json\/wp\/v2\/types\/product"}],"replies":[{"embeddable":true,"href":"https:\/\/abela.shop\/rs\/en\/wp-json\/wp\/v2\/comments?post=234935"}],"version-history":[{"count":21,"href":"https:\/\/abela.shop\/rs\/en\/wp-json\/wp\/v2\/product\/234935\/revisions"}],"predecessor-version":[{"id":247724,"href":"https:\/\/abela.shop\/rs\/en\/wp-json\/wp\/v2\/product\/234935\/revisions\/247724"}],"wp:featuredmedia":[{"embeddable":true,"href":"https:\/\/abela.shop\/rs\/en\/wp-json\/wp\/v2\/media\/235481"}],"wp:attachment":[{"href":"https:\/\/abela.shop\/rs\/en\/wp-json\/wp\/v2\/media?parent=234935"}],"wp:term":[{"taxonomy":"product_brand","embeddable":true,"href":"https:\/\/abela.shop\/rs\/en\/wp-json\/wp\/v2\/product_brand?post=234935"},{"taxonomy":"product_cat","embeddable":true,"href":"https:\/\/abela.shop\/rs\/en\/wp-json\/wp\/v2\/product_cat?post=234935"},{"taxonomy":"product_tag","embeddable":true,"href":"https:\/\/abela.shop\/rs\/en\/wp-json\/wp\/v2\/product_tag?post=234935"}],"curies":[{"name":"wp","href":"https:\/\/api.w.org\/{rel}","templated":true}]}}