{"id":234936,"date":"2024-12-11T13:13:25","date_gmt":"2024-12-11T13:13:25","guid":{"rendered":"https:\/\/abela.shop\/rs\/\u043f\u0440\u043e\u0438\u0437\u0432\u043e\u0434\/herbafast-detox\/"},"modified":"2026-04-15T23:59:27","modified_gmt":"2026-04-15T22:59:27","slug":"herbafast-detox-10-kapsula","status":"publish","type":"product","link":"https:\/\/abela.shop\/rs\/en\/proizvod\/herbafast-detox-10-kapsula\/","title":{"rendered":"Herbafast\u00ae detox, 10 kapsula"},"content":{"rendered":"<h2><strong>Herbafast<sup>\u00ae <\/sup>detox<\/strong><\/h2>\n<p><strong>Herbafast<sup>\u00ae <\/sup>detox<\/strong> je dodatak ishrani namenjen detoksikaciji i eliminaciji natalo\u017eene vode u organizmu, u cilju podr\u0161ke zdravom mr\u0161avljenju. Herbafast<sup>\u00ae<\/sup> Detox doprinosi: eliminaciji vi\u0161ka vode, eliminaciji toksina, <a href=\"https:\/\/abela.shop\/rs\/proizvod\/propodetox-paket\/\"><strong>detoksikaciji<\/strong><\/a> organizma i smanjenju celulita.<\/p>\n<p>Ekstrakti <a href=\"https:\/\/herbafast.com\/blog\/rastavic-konjski-rep-za-galop-ka-idealnoj-tezini-i-dobrom-zdravlju\/\" target=\"_blank\" rel=\"noopener\"><strong>rastavi\u0107a<\/strong><\/a>, lista breze, Java \u010daja i ploda kleke udru\u017eeni u <strong>Herbafast<sup>\u00ae <\/sup>detox-u<\/strong> doprinose efikasnom prirodnom mehanizmu pre\u010di\u0161\u0107avanja organizma i eliminaciji toksina.<\/p>\n<p>Eliminacijom vi\u0161ka vode uz gubitak masnih naslaga uspe\u0161no mo\u017ee se re\u0161avati i problem upornog celulita. U cilju gubitka kilograma, preporu\u010duje se da proces mr\u0161avljenja zapo\u010dne upravo uz pomo\u0107 <strong>Herbafast\u00ae detox<\/strong>, a potom nastavi drugim proizvodima iz palete Herbafast<sup>\u00ae<\/sup>.<\/p>\n<h2>Indikacije za primenu proizvoda:<\/h2>\n<p>Gojaznost usled nagomilavanja te\u010dnosti u organizmu, zadr\u017eavanje vode u organizmu.<\/p>\n<h2>Sastav proizvoda:<\/h2>\n<p>suvi ekstrakt nadzemnog dela rastavi\u0107a, suvi ekstrakt lista Java \u010daja, kapsula (hipromeloza, boja: kalcijum-karbonat, skrob-natrijum-oktenilsukcinat), suvi ekstrakt lista breze, suvi ekstrakt ploda kleke, skrob (kukuruzni), maltodekstrin (kukuruzni, p\u0161eni\u010dni), sredstva protiv zgrudvavanja: magnezijum-stearat, silicijum-dioksid.<\/p>\n<h2>Na\u010din upotrebe:<\/h2>\n<p>1-2 kapsula dnevno, uz \u010da\u0161u vode.<\/p>\n","protected":false},"excerpt":{"rendered":"<p><span class=\"opis-proizvoda\"><i class=\"fa-solid fa-circle-check check-opis-proizvoda\"><\/i><strong>Limfna dena\u017ea u kapsuli<\/strong><\/span><br \/>\n<span class=\"opis-proizvoda\"><i class=\"fa-solid fa-circle-check check-opis-proizvoda\"><\/i>Zdravo re\u0161enje za detoksikaciju organizma u obliku kapsula<\/span><br \/>\n<span class=\"opis-proizvoda\"><i class=\"fa-solid fa-circle-check check-opis-proizvoda\"><\/i>Zahvaljuju\u0107i mo\u0107nom sastavu kombinacije biljaka sa diuretskim dejstvom doprinosi eliminaciji vi\u0161ka natalo\u017eene te\u010dnosti u organizmu i prirodnom mehanizmu detoksikacije organizma<\/span><br \/>\n<span class=\"opis-proizvoda\"><i class=\"fa-solid fa-circle-check check-opis-proizvoda\"><\/i>Doprinosi smanjenju upornog celulita, a posebno \u201evodenog celulita\u201c<\/span><\/p>\n","protected":false},"featured_media":235479,"comment_status":"open","ping_status":"closed","template":"","meta":{"_acf_changed":false},"product_brand":[],"product_cat":[125,90],"product_tag":[],"class_list":{"0":"post-234936","1":"product","2":"type-product","3":"status-publish","4":"has-post-thumbnail","6":"product_cat-lepota","7":"product_cat-regulisanje-telesne-tezine","9":"first","10":"instock","11":"sale","12":"shipping-taxable","13":"purchasable","14":"product-type-simple"},"acf":[],"jetpack_sharing_enabled":true,"_links":{"self":[{"href":"https:\/\/abela.shop\/rs\/en\/wp-json\/wp\/v2\/product\/234936","targetHints":{"allow":["GET"]}}],"collection":[{"href":"https:\/\/abela.shop\/rs\/en\/wp-json\/wp\/v2\/product"}],"about":[{"href":"https:\/\/abela.shop\/rs\/en\/wp-json\/wp\/v2\/types\/product"}],"replies":[{"embeddable":true,"href":"https:\/\/abela.shop\/rs\/en\/wp-json\/wp\/v2\/comments?post=234936"}],"version-history":[{"count":30,"href":"https:\/\/abela.shop\/rs\/en\/wp-json\/wp\/v2\/product\/234936\/revisions"}],"predecessor-version":[{"id":262005,"href":"https:\/\/abela.shop\/rs\/en\/wp-json\/wp\/v2\/product\/234936\/revisions\/262005"}],"wp:featuredmedia":[{"embeddable":true,"href":"https:\/\/abela.shop\/rs\/en\/wp-json\/wp\/v2\/media\/235479"}],"wp:attachment":[{"href":"https:\/\/abela.shop\/rs\/en\/wp-json\/wp\/v2\/media?parent=234936"}],"wp:term":[{"taxonomy":"product_brand","embeddable":true,"href":"https:\/\/abela.shop\/rs\/en\/wp-json\/wp\/v2\/product_brand?post=234936"},{"taxonomy":"product_cat","embeddable":true,"href":"https:\/\/abela.shop\/rs\/en\/wp-json\/wp\/v2\/product_cat?post=234936"},{"taxonomy":"product_tag","embeddable":true,"href":"https:\/\/abela.shop\/rs\/en\/wp-json\/wp\/v2\/product_tag?post=234936"}],"curies":[{"name":"wp","href":"https:\/\/api.w.org\/{rel}","templated":true}]}}