{"id":237383,"date":"2025-03-20T14:42:02","date_gmt":"2025-03-20T14:42:02","guid":{"rendered":"https:\/\/abela.shop\/rs\/?post_type=product&#038;p=237383"},"modified":"2025-12-20T19:49:04","modified_gmt":"2025-12-20T18:49:04","slug":"propocistac-paket","status":"publish","type":"product","link":"https:\/\/abela.shop\/rs\/en\/proizvod\/propocistac-paket\/","title":{"rendered":"Propo\u010cista\u010d paket"},"content":{"rendered":"<h2>Prva pomo\u0107 u za\u0161titi disajnih organa: Propo\u010cista\u010d paket<\/h2>\n<p>Prirodni proizvodi na bazi propolisa bogatog polifenolima i prirodnog N-acetilcisteina &#8211; Propomucil<sup>\u00ae<\/sup> za pu\u0161a\u010de i Propomucil<sup>\u00ae<\/sup> pastile!<\/p>\n<p><img loading=\"lazy\" decoding=\"async\" src=\"https:\/\/abela.shop\/rs\/wp-content\/uploads\/2024\/11\/PROPOMUCIL-ZA-PUSACE-800x800.jpg\" alt=\"\" width=\"800\" height=\"800\" title=\"\"><\/p>\n<p><strong>PropoMucil<sup>\u00ae<\/sup> za pu\u0161a\u010de:<\/strong> Ubla\u017eite na vreme posledice va\u0161e omiljene \u0161tetne navike uz prirodan preparat PropoMucil<sup>\u00ae<\/sup> za pu\u0161a\u010de! Sadr\u017ei kombinaciju propolisa bogatog polifenolima, prirodnog N-acetilcisteina, meda, belog sleza, jagor\u010devine i nane, koji poma\u017eu u eliminaciji sekreta, regeneraciji disajnog epitela i olak\u0161avaju <a href=\"https:\/\/propomucil.rs\/pusacki-kasalj\/\" target=\"_blank\" rel=\"noopener\"><strong>disanje kod pu\u0161a\u010da<\/strong><\/a>. Naro\u010dito koristan za aktivne pu\u0161a\u010de i one koji poku\u0161avaju da prestanu sa pu\u0161enjem!<\/p>\n<p><strong>Upotreba:<\/strong> Odrasli: 3 puta dnevno po 12ml rastvora, posle obroka. Grgoljiti u ustima i progutati.<\/p>\n<p><img loading=\"lazy\" decoding=\"async\" src=\"https:\/\/abela.shop\/rs\/wp-content\/uploads\/2024\/11\/PropoMucil-sprej-za-grlo-800x800.jpg\" alt=\"\" width=\"800\" height=\"800\" title=\"\"><\/p>\n<p><strong>PropoMucil<sup>\u00ae<\/sup> sprej za grlo za decu i odrasle:<\/strong> \u010cim zagrebe i zaboli grlo &#8211; prva pomo\u0107 je PropoMucil<sup>\u00ae<\/sup> sprej za grlo za decu i odrasle! Sadr\u017ei propolis bogat polifenolima i prirodni N-acetilcistein koji zajedno poma\u017eu da se brzo i efikasno re\u0161ite bola, upale, <a href=\"https:\/\/abela.shop\/rs\/proizvod\/propomucil-sprej-za-grlo-za-decu-i-odrasle-20-ml\/\"><strong>promuklosti<\/strong><\/a> i sekreta u grlu i \u017edrelu! Obla\u017ee i obnavlja sluzoko\u017eu grla.<\/p>\n<p><strong>Upotreba:<\/strong> Odrasli i deca starija od 12 godina: 4-6 pastila u toku dana, otopiti u ustima. Deca od 3 do 12 godina: 2-3 pastile u toku dana, otopiti u ustima.<\/p>\n","protected":false},"excerpt":{"rendered":"<h3 class=\"woo-h3-naslov\"><strong>\u010cisti plu\u0107a prirodnom snagom propolisa i NAC-a!<\/strong><\/h3>\n<p>Sastav paketa: Propomucil<sup>\u00ae<\/sup> za pu\u0161a\u010de i Propomucil<sup>\u00ae<\/sup> sprej za grlo.<\/p>\n","protected":false},"featured_media":237812,"comment_status":"open","ping_status":"closed","template":"","meta":{"_acf_changed":false},"product_brand":[],"product_cat":[127,133,101],"product_tag":[],"class_list":{"0":"post-237383","1":"product","2":"type-product","3":"status-publish","4":"has-post-thumbnail","6":"product_cat-imunitet","7":"product_cat-akcije","8":"product_cat-paketi","10":"first","11":"instock","12":"sale","13":"virtual","14":"purchasable","15":"product-type-woosb"},"acf":[],"jetpack_sharing_enabled":true,"_links":{"self":[{"href":"https:\/\/abela.shop\/rs\/en\/wp-json\/wp\/v2\/product\/237383","targetHints":{"allow":["GET"]}}],"collection":[{"href":"https:\/\/abela.shop\/rs\/en\/wp-json\/wp\/v2\/product"}],"about":[{"href":"https:\/\/abela.shop\/rs\/en\/wp-json\/wp\/v2\/types\/product"}],"replies":[{"embeddable":true,"href":"https:\/\/abela.shop\/rs\/en\/wp-json\/wp\/v2\/comments?post=237383"}],"version-history":[{"count":18,"href":"https:\/\/abela.shop\/rs\/en\/wp-json\/wp\/v2\/product\/237383\/revisions"}],"predecessor-version":[{"id":259081,"href":"https:\/\/abela.shop\/rs\/en\/wp-json\/wp\/v2\/product\/237383\/revisions\/259081"}],"wp:featuredmedia":[{"embeddable":true,"href":"https:\/\/abela.shop\/rs\/en\/wp-json\/wp\/v2\/media\/237812"}],"wp:attachment":[{"href":"https:\/\/abela.shop\/rs\/en\/wp-json\/wp\/v2\/media?parent=237383"}],"wp:term":[{"taxonomy":"product_brand","embeddable":true,"href":"https:\/\/abela.shop\/rs\/en\/wp-json\/wp\/v2\/product_brand?post=237383"},{"taxonomy":"product_cat","embeddable":true,"href":"https:\/\/abela.shop\/rs\/en\/wp-json\/wp\/v2\/product_cat?post=237383"},{"taxonomy":"product_tag","embeddable":true,"href":"https:\/\/abela.shop\/rs\/en\/wp-json\/wp\/v2\/product_tag?post=237383"}],"curies":[{"name":"wp","href":"https:\/\/api.w.org\/{rel}","templated":true}]}}