{"id":237386,"date":"2025-03-20T14:43:43","date_gmt":"2025-03-20T14:43:43","guid":{"rendered":"https:\/\/abela.shop\/rs\/?post_type=product&#038;p=237386"},"modified":"2025-12-12T14:38:17","modified_gmt":"2025-12-12T13:38:17","slug":"propodetox-paket","status":"publish","type":"product","link":"https:\/\/abela.shop\/rs\/en\/proizvod\/propodetox-paket\/","title":{"rendered":"PropoDetox paket"},"content":{"rendered":"<h2>Prva pomo\u0107 u za\u0161titi disajnih organa kod pu\u0161a\u010da: PropoDetox paket<\/h2>\n<p>Prirodni proizvodi na bazi propolisa bogatog polifenolima i prirodnog N-acetilcisteina &#8211; Propomucil<strong><sup>\u00ae<\/sup><\/strong> za pu\u0161a\u010de i Propomucil<strong><sup>\u00ae<\/sup><\/strong> pastile!<\/p>\n<p><img loading=\"lazy\" decoding=\"async\" src=\"https:\/\/abela.shop\/rs\/wp-content\/uploads\/2024\/11\/PROPOMUCIL-ZA-PUSACE-800x800.jpg\" alt=\"\" width=\"800\" height=\"800\" title=\"\"><\/p>\n<p><strong>PropoMucil<sup>\u00ae<\/sup> za pu\u0161a\u010de:<\/strong> Ubla\u017eite na vreme posledice va\u0161e omiljene \u0161tetne navike uz prirodan preparat! Sadr\u017ei kombinaciju propolisa bogatog polifenolima, prirodnog N-acetilcisteina, meda, belog sleza, jagor\u010devine i nane, koji poma\u017eu u eliminaciji sekreta, regeneraciji disajnog epitela i olak\u0161avaju disanje kod pu\u0161a\u010da. Naro\u010dito koristan za aktivne <a href=\"https:\/\/abela.shop\/rs\/proizvod\/propomucil-za-pusace-250-ml\/\"><strong>pu\u0161a\u010de<\/strong><\/a> i one koji poku\u0161avaju da prestanu sa pu\u0161enjem!<\/p>\n<p><strong>Upotreba:<\/strong> Odrasli: 3 puta dnevno po 12ml rastvora, posle obroka. Grgoljiti u ustima i progutati.<\/p>\n<p><img loading=\"lazy\" decoding=\"async\" src=\"https:\/\/abela.shop\/rs\/wp-content\/uploads\/2025\/02\/Pastile-orange-800x800.jpg\" alt=\"\" width=\"800\" height=\"800\" title=\"\"><\/p>\n<p><strong>Propomucil<sup>\u00ae<\/sup> pastile<\/strong> snagom dodatnog propolisa bogatog polifenolima i prirodnog N-acetilcisteina, <a href=\"https:\/\/bivits.com\/proizvod\/cink-25mg\/\" target=\"_blank\" rel=\"noopener\"><strong>cinka<\/strong><\/a> i vitamina C, sa ukusima eukaliptusa, \u0161umskog vo\u0107a, pomorand\u017ee, limuna i meda deluju na bol, grebanje, promuklost, upale i iritacije grla, poma\u017eu kod gubitka glasa i obnavljaju sluzoko\u017eu usta!<\/p>\n<p><strong>Upotreba:<\/strong> Odrasli i deca starija od 12 godina: 4-6 pastila u toku dana, otopiti u ustima. Deca od 3 do 12 godina: 2-3 pastile u toku dana, otopiti u ustima.<\/p>\n","protected":false},"excerpt":{"rendered":"<h3 class=\"woo-h3-naslov\"><strong>Olak\u0161anje za disajne puteve pu\u0161a\u010da<\/strong><\/h3>\n<p>Sastav paketa: Propomucil<sup>\u00ae<\/sup> za pu\u0161a\u010de i Propomucil\u00ae pastile!<\/p>\n","protected":false},"featured_media":237820,"comment_status":"open","ping_status":"closed","template":"","meta":{"_acf_changed":false},"product_brand":[],"product_cat":[127,133,101],"product_tag":[],"class_list":{"0":"post-237386","1":"product","2":"type-product","3":"status-publish","4":"has-post-thumbnail","6":"product_cat-imunitet","7":"product_cat-akcije","8":"product_cat-paketi","10":"first","11":"instock","12":"sale","13":"virtual","14":"purchasable","15":"product-type-woosb"},"acf":[],"jetpack_sharing_enabled":true,"_links":{"self":[{"href":"https:\/\/abela.shop\/rs\/en\/wp-json\/wp\/v2\/product\/237386","targetHints":{"allow":["GET"]}}],"collection":[{"href":"https:\/\/abela.shop\/rs\/en\/wp-json\/wp\/v2\/product"}],"about":[{"href":"https:\/\/abela.shop\/rs\/en\/wp-json\/wp\/v2\/types\/product"}],"replies":[{"embeddable":true,"href":"https:\/\/abela.shop\/rs\/en\/wp-json\/wp\/v2\/comments?post=237386"}],"version-history":[{"count":18,"href":"https:\/\/abela.shop\/rs\/en\/wp-json\/wp\/v2\/product\/237386\/revisions"}],"predecessor-version":[{"id":259080,"href":"https:\/\/abela.shop\/rs\/en\/wp-json\/wp\/v2\/product\/237386\/revisions\/259080"}],"wp:featuredmedia":[{"embeddable":true,"href":"https:\/\/abela.shop\/rs\/en\/wp-json\/wp\/v2\/media\/237820"}],"wp:attachment":[{"href":"https:\/\/abela.shop\/rs\/en\/wp-json\/wp\/v2\/media?parent=237386"}],"wp:term":[{"taxonomy":"product_brand","embeddable":true,"href":"https:\/\/abela.shop\/rs\/en\/wp-json\/wp\/v2\/product_brand?post=237386"},{"taxonomy":"product_cat","embeddable":true,"href":"https:\/\/abela.shop\/rs\/en\/wp-json\/wp\/v2\/product_cat?post=237386"},{"taxonomy":"product_tag","embeddable":true,"href":"https:\/\/abela.shop\/rs\/en\/wp-json\/wp\/v2\/product_tag?post=237386"}],"curies":[{"name":"wp","href":"https:\/\/api.w.org\/{rel}","templated":true}]}}