{"id":237395,"date":"2025-03-20T14:52:23","date_gmt":"2025-03-20T14:52:23","guid":{"rendered":"https:\/\/abela.shop\/rs\/?post_type=product&#038;p=237395"},"modified":"2025-12-12T14:37:24","modified_gmt":"2025-12-12T13:37:24","slug":"propocarobnjak-paket","status":"publish","type":"product","link":"https:\/\/abela.shop\/rs\/en\/proizvod\/propocarobnjak-paket\/","title":{"rendered":"Propo\u010carobnjak paket"},"content":{"rendered":"<h2>Propo\u010carobnjak paket: Medeni paket za male junake<\/h2>\n<p>Trio u sastavu Propomucil<sup>\u00ae<\/sup> sa medom za decu, Propomucil<sup>\u00ae<\/sup> sprej za grlo za decu i odrasle, Propomucil Isotonic<sup>\u00ae<\/sup> sprej za nos pobe\u0111uje svaki <a href=\"https:\/\/propomucil.rs\/kasalj\/\" target=\"_blank\" rel=\"noopener\"><strong>ka\u0161alj<\/strong><\/a>, rastvara sekret i \u010disti disajne puteve u rekordnom roku i otklanja bol u grlu i promuklost kod dece.<\/p>\n<p><img loading=\"lazy\" decoding=\"async\" src=\"https:\/\/abela.shop\/rs\/wp-content\/uploads\/2024\/11\/Propomucil-za-decu-800x800.jpg\" alt=\"\" width=\"800\" height=\"800\" title=\"\"><\/p>\n<p><strong>PropoMucil<sup>\u00ae<\/sup> sa medom za decu:<\/strong><br \/>\nSadr\u017ei propolis bogat polifenolima sa prirodnim N-acetilcisteinom i uz dodatak meda, ekstrakta belog sleza i \u0161ipurka poma\u017ee u izbacivanju sekreta iz disajnih puteva, a dodatno ja\u010da imunitet dece!<\/p>\n<p><strong>Upotreba:<\/strong> Deca od 3. do 12. godine \u017eivota 2-3 x po 12 ml rastvora za oralnu upotrebu dnevno, nakon obroka. Pre upotrebe promu\u0107kati! Sa ukusom pomorand\u017ee.<\/p>\n<p><img loading=\"lazy\" decoding=\"async\" src=\"https:\/\/abela.shop\/rs\/wp-content\/uploads\/2024\/11\/PropoMucil-sprej-za-grlo-800x800.jpg\" alt=\"\" width=\"800\" height=\"800\" title=\"\"><\/p>\n<p><strong>PropoMucil<sup>\u00ae<\/sup> sprej za grlo za decu i odrasle:<\/strong> Prva pomo\u0107 \u010dim zagrebe i zaboli grlo!\u00a0 Sadr\u017ei propolis bogat polifenolima i prirodni N-acetilcistein koji zajedno poma\u017eu da se brzo i efikasno re\u0161ite bola, upale, promuklosti i sekreta u grlu i \u017edrelu! Obla\u017ee i obnavlja <a href=\"https:\/\/abela.shop\/rs\/proizvod\/propomucil-sprej-za-grlo-za-decu-i-odrasle-20-ml\/\"><strong>sluzoko\u017eu grla<\/strong><\/a>.<\/p>\n<p><strong>Upotreba:<\/strong> Odrasli i deca starija od 12 godina: po dva raspr\u0161ivanja 5-6 puta dnevno u usnu duplju. Deca od 3 do 12 godina: po dva raspr\u0161ivanja 2-3 puta dnevno u usnu duplju.<\/p>\n<p><img loading=\"lazy\" decoding=\"async\" src=\"https:\/\/abela.shop\/rs\/wp-content\/uploads\/2024\/11\/PropoMucil-PHYSIO-isotonic-800x800.jpg\" alt=\"\" width=\"800\" height=\"800\" title=\"\"><\/p>\n<p><strong>PropoMucil<sup>\u00ae<\/sup> PHYSIO Isotonic sprej za nos:<\/strong> Prvi izbor za svakodnevnu toaletu nosa! Prirodni inovativni proizvod propolisa polifenolima i prirodnog N-acetilcisteina, uz dodatak etarskih ulja nane i eukaliptusa u fiziolo\u0161kom rastvoru isotonic \u010disti nos i olak\u0161ava disanje, olak\u0161ava pritisak u sinusima i nosu, pru\u017ea za\u0161titu od alergena i reguli\u0161e vla\u017enost nosne sluzoko\u017ee.<\/p>\n<p><strong>Upotreba:<\/strong> Od 3. godine \u017eivota: Vi\u0161e puta u toku dana naprskati sprej u nozdrvu, po potrebi.<\/p>\n","protected":false},"excerpt":{"rendered":"<h3 class=\"woo-h3-naslov\"><strong>Za lak\u0161e disanje sa Propomucil \u010darolijom<\/strong><\/h3>\n<p>Sastav paketa:\u00a0 Propomucil<sup>\u00ae<\/sup> sa medom za decu, Propomucil\u00ae sprej za grlo za decu i odrasle, Propomucil PHYSIO Isotonic\u00ae sprej za nos.<\/p>\n","protected":false},"featured_media":237822,"comment_status":"open","ping_status":"closed","template":"","meta":{"_acf_changed":false},"product_brand":[],"product_cat":[127,133,101],"product_tag":[],"class_list":{"0":"post-237395","1":"product","2":"type-product","3":"status-publish","4":"has-post-thumbnail","6":"product_cat-imunitet","7":"product_cat-akcije","8":"product_cat-paketi","10":"first","11":"outofstock","12":"sale","13":"virtual","14":"purchasable","15":"product-type-woosb"},"acf":[],"jetpack_sharing_enabled":true,"_links":{"self":[{"href":"https:\/\/abela.shop\/rs\/en\/wp-json\/wp\/v2\/product\/237395","targetHints":{"allow":["GET"]}}],"collection":[{"href":"https:\/\/abela.shop\/rs\/en\/wp-json\/wp\/v2\/product"}],"about":[{"href":"https:\/\/abela.shop\/rs\/en\/wp-json\/wp\/v2\/types\/product"}],"replies":[{"embeddable":true,"href":"https:\/\/abela.shop\/rs\/en\/wp-json\/wp\/v2\/comments?post=237395"}],"version-history":[{"count":11,"href":"https:\/\/abela.shop\/rs\/en\/wp-json\/wp\/v2\/product\/237395\/revisions"}],"predecessor-version":[{"id":259077,"href":"https:\/\/abela.shop\/rs\/en\/wp-json\/wp\/v2\/product\/237395\/revisions\/259077"}],"wp:featuredmedia":[{"embeddable":true,"href":"https:\/\/abela.shop\/rs\/en\/wp-json\/wp\/v2\/media\/237822"}],"wp:attachment":[{"href":"https:\/\/abela.shop\/rs\/en\/wp-json\/wp\/v2\/media?parent=237395"}],"wp:term":[{"taxonomy":"product_brand","embeddable":true,"href":"https:\/\/abela.shop\/rs\/en\/wp-json\/wp\/v2\/product_brand?post=237395"},{"taxonomy":"product_cat","embeddable":true,"href":"https:\/\/abela.shop\/rs\/en\/wp-json\/wp\/v2\/product_cat?post=237395"},{"taxonomy":"product_tag","embeddable":true,"href":"https:\/\/abela.shop\/rs\/en\/wp-json\/wp\/v2\/product_tag?post=237395"}],"curies":[{"name":"wp","href":"https:\/\/api.w.org\/{rel}","templated":true}]}}