{"id":237398,"date":"2025-03-20T14:53:13","date_gmt":"2025-03-20T14:53:13","guid":{"rendered":"https:\/\/abela.shop\/rs\/?post_type=product&#038;p=237398"},"modified":"2025-12-12T14:37:07","modified_gmt":"2025-12-12T13:37:07","slug":"prehladi-je-kraj-i-pre-pocetka-paket","status":"publish","type":"product","link":"https:\/\/abela.shop\/rs\/en\/proizvod\/prehladi-je-kraj-i-pre-pocetka-paket\/","title":{"rendered":"Prehladi je kraj i pre po\u010detka paket"},"content":{"rendered":"\t\t<div data-elementor-type=\"product-post\" data-elementor-id=\"237398\" class=\"elementor elementor-237398\" data-elementor-post-type=\"product\">\n\t\t\t\t<div class=\"wd-negative-gap elementor-element elementor-element-3830d49 e-flex e-con-boxed e-con e-parent\" data-id=\"3830d49\" data-element_type=\"container\" data-e-type=\"container\">\n\t\t\t\t\t<div class=\"e-con-inner\">\n\t\t\t\t<div class=\"elementor-element elementor-element-52ebdd9 elementor-widget elementor-widget-heading\" data-id=\"52ebdd9\" data-element_type=\"widget\" data-e-type=\"widget\" data-widget_type=\"heading.default\">\n\t\t\t\t<div class=\"elementor-widget-container\">\n\t\t\t\t\t<h2 class=\"elementor-heading-title elementor-size-default\">Prehladi je kraj i pre po\u010detka!<\/h2>\t\t\t\t<\/div>\n\t\t\t\t<\/div>\n\t\t\t\t<div class=\"elementor-element elementor-element-03eee80 color-scheme-inherit text-left elementor-widget elementor-widget-text-editor\" data-id=\"03eee80\" data-element_type=\"widget\" data-e-type=\"widget\" data-widget_type=\"text-editor.default\">\n\t\t\t\t<div class=\"elementor-widget-container\">\n\t\t\t\t\t\t\t\t\t<p>Mo\u0107ni trio Propomucil proizvoda u sastavu Propomucil<sup>\u00ae<\/sup> kesice, Propomucil<sup>\u00ae<\/sup> sprej za nos i Propomucil<sup>\u00ae<\/sup> Pastile spre\u010dava prehladu u samom za\u010detku, \u010disti disajne puteve i ja\u010da imunitet celog organizma i otpornost prema virusima, bakterijama i gljivicama!<\/p>\t\t\t\t\t\t\t\t<\/div>\n\t\t\t\t<\/div>\n\t\t\t\t\t<\/div>\n\t\t\t\t<\/div>\n\t\t<div class=\"wd-negative-gap elementor-element elementor-element-8023f65 e-flex e-con-boxed e-con e-parent\" data-id=\"8023f65\" data-element_type=\"container\" data-e-type=\"container\">\n\t\t\t\t\t<div class=\"e-con-inner\">\n\t\t<div class=\"elementor-element elementor-element-c48c517 e-con-full e-flex e-con e-child\" data-id=\"c48c517\" data-element_type=\"container\" data-e-type=\"container\">\n\t\t\t\t<div class=\"elementor-element elementor-element-82cd993 elementor-widget elementor-widget-image\" data-id=\"82cd993\" data-element_type=\"widget\" data-e-type=\"widget\" data-widget_type=\"image.default\">\n\t\t\t\t<div class=\"elementor-widget-container\">\n\t\t\t\t\t\t\t\t\t\t\t\t\t\t\t<img loading=\"lazy\" decoding=\"async\" width=\"800\" height=\"800\" src=\"https:\/\/abela.shop\/rs\/wp-content\/uploads\/2024\/11\/propomucil-600-800x800.png\" class=\"attachment-large size-large wp-image-237895\" alt=\"PropoMucil\u00ae 600, 5 kesica\" srcset=\"https:\/\/abela.shop\/rs\/wp-content\/uploads\/2024\/11\/propomucil-600-800x800.png 800w, https:\/\/abela.shop\/rs\/wp-content\/uploads\/2024\/11\/propomucil-600-430x430.png 430w, https:\/\/abela.shop\/rs\/wp-content\/uploads\/2024\/11\/propomucil-600-150x150.png 150w, https:\/\/abela.shop\/rs\/wp-content\/uploads\/2024\/11\/propomucil-600-700x700.png 700w, https:\/\/abela.shop\/rs\/wp-content\/uploads\/2024\/11\/propomucil-600-300x300.png 300w, https:\/\/abela.shop\/rs\/wp-content\/uploads\/2024\/11\/propomucil-600-768x768.png 768w, https:\/\/abela.shop\/rs\/wp-content\/uploads\/2024\/11\/propomucil-600-90x90.png 90w, https:\/\/abela.shop\/rs\/wp-content\/uploads\/2024\/11\/propomucil-600.png 1000w\" sizes=\"auto, (max-width: 800px) 100vw, 800px\" title=\"\">\t\t\t\t\t\t\t\t\t\t\t\t\t\t\t<\/div>\n\t\t\t\t<\/div>\n\t\t\t\t<div class=\"elementor-element elementor-element-aef7a42 color-scheme-inherit text-left elementor-widget elementor-widget-text-editor\" data-id=\"aef7a42\" data-element_type=\"widget\" data-e-type=\"widget\" data-widget_type=\"text-editor.default\">\n\t\t\t\t<div class=\"elementor-widget-container\">\n\t\t\t\t\t\t\t\t\t<p><strong>Propomucil<sup>\u00ae<\/sup> 600 kesice:<\/strong><br \/>Inovativan prirodan proizvod na bazi pre\u010di\u0161\u0107enog propolisa bogatog polifenolima i prirodnog N-acetilcisteina olak\u0161ava izbacivanje sekreta iz disajnih puteva, sna\u017ean antioksidans, smanjuje upalna stanja i poja\u010dava imuni odgovor organizma.<\/p><p><strong>Upotreba:<\/strong> Odrasli i deca starija od 14 godina: 1 puta dnevno po 1 kesicu pra\u0161ka rastvoriti u \u010da\u0161i vode.\u00a0<\/p>\t\t\t\t\t\t\t\t<\/div>\n\t\t\t\t<\/div>\n\t\t\t\t<\/div>\n\t\t<div class=\"elementor-element elementor-element-791df87 e-con-full e-flex e-con e-child\" data-id=\"791df87\" data-element_type=\"container\" data-e-type=\"container\">\n\t\t\t\t<div class=\"elementor-element elementor-element-409a722 elementor-widget elementor-widget-image\" data-id=\"409a722\" data-element_type=\"widget\" data-e-type=\"widget\" data-widget_type=\"image.default\">\n\t\t\t\t<div class=\"elementor-widget-container\">\n\t\t\t\t\t\t\t\t\t\t\t\t\t\t\t<img loading=\"lazy\" decoding=\"async\" width=\"800\" height=\"800\" src=\"https:\/\/abela.shop\/rs\/wp-content\/uploads\/2024\/11\/PropoMucil-sprej-za-nos-za-decu-i-odrasel-800x800.jpg\" class=\"attachment-large size-large wp-image-234702\" alt=\"PropoMucil\u00ae SPREJ ZA NOS ZA DECU I ODRASLE, 20 ml\" srcset=\"https:\/\/abela.shop\/rs\/wp-content\/uploads\/2024\/11\/PropoMucil-sprej-za-nos-za-decu-i-odrasel-800x800.jpg 800w, https:\/\/abela.shop\/rs\/wp-content\/uploads\/2024\/11\/PropoMucil-sprej-za-nos-za-decu-i-odrasel-430x430.jpg 430w, https:\/\/abela.shop\/rs\/wp-content\/uploads\/2024\/11\/PropoMucil-sprej-za-nos-za-decu-i-odrasel-150x150.jpg 150w, https:\/\/abela.shop\/rs\/wp-content\/uploads\/2024\/11\/PropoMucil-sprej-za-nos-za-decu-i-odrasel-700x700.jpg 700w, https:\/\/abela.shop\/rs\/wp-content\/uploads\/2024\/11\/PropoMucil-sprej-za-nos-za-decu-i-odrasel-300x300.jpg 300w, https:\/\/abela.shop\/rs\/wp-content\/uploads\/2024\/11\/PropoMucil-sprej-za-nos-za-decu-i-odrasel-768x768.jpg 768w, https:\/\/abela.shop\/rs\/wp-content\/uploads\/2024\/11\/PropoMucil-sprej-za-nos-za-decu-i-odrasel-80x80.jpg 80w, https:\/\/abela.shop\/rs\/wp-content\/uploads\/2024\/11\/PropoMucil-sprej-za-nos-za-decu-i-odrasel-90x90.jpg 90w, https:\/\/abela.shop\/rs\/wp-content\/uploads\/2024\/11\/PropoMucil-sprej-za-nos-za-decu-i-odrasel.jpg 1000w\" sizes=\"auto, (max-width: 800px) 100vw, 800px\" title=\"\">\t\t\t\t\t\t\t\t\t\t\t\t\t\t\t<\/div>\n\t\t\t\t<\/div>\n\t\t\t\t<div class=\"elementor-element elementor-element-94b4bce color-scheme-inherit text-left elementor-widget elementor-widget-text-editor\" data-id=\"94b4bce\" data-element_type=\"widget\" data-e-type=\"widget\" data-widget_type=\"text-editor.default\">\n\t\t\t\t<div class=\"elementor-widget-container\">\n\t\t\t\t\t\t\t\t\t<p><strong>Propomucil<sup>\u00ae<\/sup> sprej za nos:<\/strong> PropoMucil<sup>\u00ae<\/sup> sprej za nos na bazi propolisa bogatog polifenolima i prirodnog N-acetilcisteina razla\u017ee sekret u nosu i izbacuje ga napolje, uz olak\u0161anje pritiska u sinusima i uklanjanje virusa i bakterija iz nosa.<\/p><p><strong>Upotreba:<\/strong> Odrasli i deca starija od 12 godina: na 4-6 sati po 3 doze u svaku nozdrvu. Deca od 3 do 12 godina: na 6 sati po dve doze prsnuti u nozdrvu.\u00a0<\/p>\t\t\t\t\t\t\t\t<\/div>\n\t\t\t\t<\/div>\n\t\t\t\t<\/div>\n\t\t<div class=\"elementor-element elementor-element-2e15548 e-con-full e-flex e-con e-child\" data-id=\"2e15548\" data-element_type=\"container\" data-e-type=\"container\">\n\t\t\t\t<div class=\"elementor-element elementor-element-23d0abe elementor-widget elementor-widget-image\" data-id=\"23d0abe\" data-element_type=\"widget\" data-e-type=\"widget\" data-widget_type=\"image.default\">\n\t\t\t\t<div class=\"elementor-widget-container\">\n\t\t\t\t\t\t\t\t\t\t\t\t\t\t\t<img loading=\"lazy\" decoding=\"async\" width=\"800\" height=\"800\" src=\"https:\/\/abela.shop\/rs\/wp-content\/uploads\/2025\/02\/Pastile-orange-800x800.jpg\" class=\"attachment-large size-large wp-image-236031\" alt=\"\" srcset=\"https:\/\/abela.shop\/rs\/wp-content\/uploads\/2025\/02\/Pastile-orange-800x800.jpg 800w, https:\/\/abela.shop\/rs\/wp-content\/uploads\/2025\/02\/Pastile-orange-430x430.jpg 430w, https:\/\/abela.shop\/rs\/wp-content\/uploads\/2025\/02\/Pastile-orange-150x150.jpg 150w, https:\/\/abela.shop\/rs\/wp-content\/uploads\/2025\/02\/Pastile-orange-700x700.jpg 700w, https:\/\/abela.shop\/rs\/wp-content\/uploads\/2025\/02\/Pastile-orange-300x300.jpg 300w, https:\/\/abela.shop\/rs\/wp-content\/uploads\/2025\/02\/Pastile-orange-768x768.jpg 768w, https:\/\/abela.shop\/rs\/wp-content\/uploads\/2025\/02\/Pastile-orange.jpg 1000w\" sizes=\"auto, (max-width: 800px) 100vw, 800px\" title=\"\">\t\t\t\t\t\t\t\t\t\t\t\t\t\t\t<\/div>\n\t\t\t\t<\/div>\n\t\t\t\t<div class=\"elementor-element elementor-element-78c4c86 color-scheme-inherit text-left elementor-widget elementor-widget-text-editor\" data-id=\"78c4c86\" data-element_type=\"widget\" data-e-type=\"widget\" data-widget_type=\"text-editor.default\">\n\t\t\t\t<div class=\"elementor-widget-container\">\n\t\t\t\t\t\t\t\t\t<p><strong>Propomucil<sup>\u00ae<\/sup> pastile<\/strong> snagom dodatnog propolisa bogatog polifenolima i prirodnog N-acetilcisteina, cinka i vitamina C, sa ukusima deluju na bol, grebanje, promuklost, upale i iritacije grla, poma\u017eu kod gubitka glasa i obnavljaju sluzoko\u017eu usta!<\/p><p><strong>Upotreba:<\/strong> Odrasli i deca starija od 12 godina: 4-6 pastila u toku dana, otopiti u ustima. Deca od 3 do 12 godina: 2-3 pastile u toku dana, otopiti u ustima.\u00a0<\/p>\t\t\t\t\t\t\t\t<\/div>\n\t\t\t\t<\/div>\n\t\t\t\t<\/div>\n\t\t\t\t\t<\/div>\n\t\t\t\t<\/div>\n\t\t\t\t<\/div>\n\t\t","protected":false},"excerpt":{"rendered":"<h3 class=\"woo-h3-naslov\"><strong>Paket za prehladu<\/strong><\/h3>\n<p>Sastav paketa: Propomucil<sup>\u00ae<\/sup> kesice, Propomucil<sup>\u00ae<\/sup> sprej za nos i Propomucil<sup>\u00ae<\/sup> pastile \u0161umsko vo\u0107e.<\/p>\n","protected":false},"featured_media":240450,"comment_status":"open","ping_status":"closed","template":"","meta":{"_acf_changed":false},"product_brand":[],"product_cat":[127,133,101],"product_tag":[],"class_list":{"0":"post-237398","1":"product","2":"type-product","3":"status-publish","4":"has-post-thumbnail","6":"product_cat-imunitet","7":"product_cat-akcije","8":"product_cat-paketi","10":"first","11":"instock","12":"sale","13":"virtual","14":"purchasable","15":"product-type-woosb"},"acf":[],"jetpack_sharing_enabled":true,"_links":{"self":[{"href":"https:\/\/abela.shop\/rs\/en\/wp-json\/wp\/v2\/product\/237398","targetHints":{"allow":["GET"]}}],"collection":[{"href":"https:\/\/abela.shop\/rs\/en\/wp-json\/wp\/v2\/product"}],"about":[{"href":"https:\/\/abela.shop\/rs\/en\/wp-json\/wp\/v2\/types\/product"}],"replies":[{"embeddable":true,"href":"https:\/\/abela.shop\/rs\/en\/wp-json\/wp\/v2\/comments?post=237398"}],"version-history":[{"count":23,"href":"https:\/\/abela.shop\/rs\/en\/wp-json\/wp\/v2\/product\/237398\/revisions"}],"predecessor-version":[{"id":259076,"href":"https:\/\/abela.shop\/rs\/en\/wp-json\/wp\/v2\/product\/237398\/revisions\/259076"}],"wp:featuredmedia":[{"embeddable":true,"href":"https:\/\/abela.shop\/rs\/en\/wp-json\/wp\/v2\/media\/240450"}],"wp:attachment":[{"href":"https:\/\/abela.shop\/rs\/en\/wp-json\/wp\/v2\/media?parent=237398"}],"wp:term":[{"taxonomy":"product_brand","embeddable":true,"href":"https:\/\/abela.shop\/rs\/en\/wp-json\/wp\/v2\/product_brand?post=237398"},{"taxonomy":"product_cat","embeddable":true,"href":"https:\/\/abela.shop\/rs\/en\/wp-json\/wp\/v2\/product_cat?post=237398"},{"taxonomy":"product_tag","embeddable":true,"href":"https:\/\/abela.shop\/rs\/en\/wp-json\/wp\/v2\/product_tag?post=237398"}],"curies":[{"name":"wp","href":"https:\/\/api.w.org\/{rel}","templated":true}]}}