{"id":237531,"date":"2025-03-26T10:32:11","date_gmt":"2025-03-26T09:32:11","guid":{"rendered":"https:\/\/abela.shop\/rs\/?post_type=product&#038;p=237531"},"modified":"2026-04-09T22:14:12","modified_gmt":"2026-04-09T21:14:12","slug":"bivits-activa-pucaj-od-snage-paket-2-0","status":"publish","type":"product","link":"https:\/\/abela.shop\/rs\/en\/proizvod\/bivits-activa-pucaj-od-snage-paket-2-0\/","title":{"rendered":"BiVits\u00ae ACTIVA Pucaj od snage paket 2.0"},"content":{"rendered":"\t\t<div data-elementor-type=\"product-post\" data-elementor-id=\"237531\" class=\"elementor elementor-237531\" data-elementor-post-type=\"product\">\n\t\t\t\t<div class=\"wd-negative-gap elementor-element elementor-element-d192995 e-flex e-con-boxed e-con e-parent\" data-id=\"d192995\" data-element_type=\"container\" data-e-type=\"container\">\n\t\t\t\t\t<div class=\"e-con-inner\">\n\t\t<div class=\"elementor-element elementor-element-f83a146 e-con-full e-flex e-con e-child\" data-id=\"f83a146\" data-element_type=\"container\" data-e-type=\"container\">\n\t\t\t\t<\/div>\n\t\t<div class=\"elementor-element elementor-element-2a918e0 e-con-full e-flex e-con e-child\" data-id=\"2a918e0\" data-element_type=\"container\" data-e-type=\"container\">\n\t\t\t\t<div class=\"elementor-element elementor-element-c4540c2 color-scheme-inherit text-left elementor-widget elementor-widget-text-editor\" data-id=\"c4540c2\" data-element_type=\"widget\" data-e-type=\"widget\" data-widget_type=\"text-editor.default\">\n\t\t\t\t<div class=\"elementor-widget-container\">\n\t\t\t\t\t\t\t\t\tNadogra\u0111eni paket BiVits<sup>\u00ae<\/sup>\u00a0ACTIVA Pucaj od snage 2.0\u00a0je za tebe ako si stalno u pokretu, voli\u0161 da trenira\u0161, tvoje telo tro\u0161i dosta energije, fizi\u010dki si aktivan\/na, i ne voli\u0161 da tro\u0161i\u0161 puno vremena za odmor.\u00a0Pucaj od snage\u00a0je bestseller me\u0111u paketima, a sada je unapre\u0111en za jo\u0161 bolje rezultate!\t\t\t\t\t\t\t\t<\/div>\n\t\t\t\t<\/div>\n\t\t\t\t<\/div>\n\t\t<div class=\"elementor-element elementor-element-ff94422 e-con-full e-flex e-con e-child\" data-id=\"ff94422\" data-element_type=\"container\" data-e-type=\"container\">\n\t\t\t\t<\/div>\n\t\t\t\t\t<\/div>\n\t\t\t\t<\/div>\n\t\t<div class=\"wd-negative-gap elementor-element elementor-element-eb4fae2 e-flex e-con-boxed e-con e-parent\" data-id=\"eb4fae2\" data-element_type=\"container\" data-e-type=\"container\">\n\t\t\t\t\t<div class=\"e-con-inner\">\n\t\t<div class=\"elementor-element elementor-element-9110da8 e-con-full e-flex e-con e-child\" data-id=\"9110da8\" data-element_type=\"container\" data-e-type=\"container\">\n\t\t\t\t<div class=\"elementor-element elementor-element-4e02506 elementor-widget elementor-widget-image\" data-id=\"4e02506\" data-element_type=\"widget\" data-e-type=\"widget\" data-widget_type=\"image.default\">\n\t\t\t\t<div class=\"elementor-widget-container\">\n\t\t\t\t\t\t\t\t\t\t\t\t\t\t\t<img loading=\"lazy\" decoding=\"async\" width=\"800\" height=\"800\" src=\"https:\/\/abela.shop\/rs\/wp-content\/uploads\/2025\/12\/mg-citrat-400-2.jpg\" class=\"attachment-large size-large wp-image-259532\" alt=\"\" srcset=\"https:\/\/abela.shop\/rs\/wp-content\/uploads\/2025\/12\/mg-citrat-400-2.jpg 800w, https:\/\/abela.shop\/rs\/wp-content\/uploads\/2025\/12\/mg-citrat-400-2-300x300.jpg 300w, https:\/\/abela.shop\/rs\/wp-content\/uploads\/2025\/12\/mg-citrat-400-2-150x150.jpg 150w, https:\/\/abela.shop\/rs\/wp-content\/uploads\/2025\/12\/mg-citrat-400-2-768x768.jpg 768w, https:\/\/abela.shop\/rs\/wp-content\/uploads\/2025\/12\/mg-citrat-400-2-100x100.jpg 100w, https:\/\/abela.shop\/rs\/wp-content\/uploads\/2025\/12\/mg-citrat-400-2-200x200.jpg 200w, https:\/\/abela.shop\/rs\/wp-content\/uploads\/2025\/12\/mg-citrat-400-2-400x400.jpg 400w, https:\/\/abela.shop\/rs\/wp-content\/uploads\/2025\/12\/mg-citrat-400-2-500x500.jpg 500w, https:\/\/abela.shop\/rs\/wp-content\/uploads\/2025\/12\/mg-citrat-400-2-430x430.jpg 430w, https:\/\/abela.shop\/rs\/wp-content\/uploads\/2025\/12\/mg-citrat-400-2-700x700.jpg 700w, https:\/\/abela.shop\/rs\/wp-content\/uploads\/2025\/12\/mg-citrat-400-2-90x90.jpg 90w\" sizes=\"auto, (max-width: 800px) 100vw, 800px\" title=\"\">\t\t\t\t\t\t\t\t\t\t\t\t\t\t\t<\/div>\n\t\t\t\t<\/div>\n\t\t\t\t<div class=\"elementor-element elementor-element-c327243 color-scheme-inherit text-left elementor-widget elementor-widget-text-editor\" data-id=\"c327243\" data-element_type=\"widget\" data-e-type=\"widget\" data-widget_type=\"text-editor.default\">\n\t\t\t\t<div class=\"elementor-widget-container\">\n\t\t\t\t\t\t\t\t\t<p><strong>BiVits<sup>\u00ae <\/sup> ACTIVA Magnezijum citrat 400 mg<\/strong> sadr\u017ei 100% soli magnezijum citrata, oblik poznat po visokoj bioraspolo\u017eivosti i dobroj podno\u0161ljivosti. Obezbe\u0111uje efikasnu i pouzdanu podr\u0161ku za svakodnevne potrebe organizma.<\/p>\t\t\t\t\t\t\t\t<\/div>\n\t\t\t\t<\/div>\n\t\t\t\t<\/div>\n\t\t<div class=\"elementor-element elementor-element-a751b25 e-con-full e-flex e-con e-child\" data-id=\"a751b25\" data-element_type=\"container\" data-e-type=\"container\">\n\t\t\t\t<div class=\"elementor-element elementor-element-4a1bcc5 elementor-widget elementor-widget-image\" data-id=\"4a1bcc5\" data-element_type=\"widget\" data-e-type=\"widget\" data-widget_type=\"image.default\">\n\t\t\t\t<div class=\"elementor-widget-container\">\n\t\t\t\t\t\t\t\t\t\t\t\t\t\t\t<img loading=\"lazy\" decoding=\"async\" width=\"800\" height=\"800\" src=\"https:\/\/abela.shop\/rs\/wp-content\/uploads\/2024\/12\/BiVits-recovery-800x800.jpg\" class=\"attachment-large size-large wp-image-234968\" alt=\"BiVits\u00ae ACTIVA Recovery, 60 tableta\" srcset=\"https:\/\/abela.shop\/rs\/wp-content\/uploads\/2024\/12\/BiVits-recovery-800x800.jpg 800w, https:\/\/abela.shop\/rs\/wp-content\/uploads\/2024\/12\/BiVits-recovery-430x430.jpg 430w, https:\/\/abela.shop\/rs\/wp-content\/uploads\/2024\/12\/BiVits-recovery-150x150.jpg 150w, https:\/\/abela.shop\/rs\/wp-content\/uploads\/2024\/12\/BiVits-recovery-700x700.jpg 700w, https:\/\/abela.shop\/rs\/wp-content\/uploads\/2024\/12\/BiVits-recovery-300x300.jpg 300w, https:\/\/abela.shop\/rs\/wp-content\/uploads\/2024\/12\/BiVits-recovery-768x768.jpg 768w, https:\/\/abela.shop\/rs\/wp-content\/uploads\/2024\/12\/BiVits-recovery-80x80.jpg 80w, https:\/\/abela.shop\/rs\/wp-content\/uploads\/2024\/12\/BiVits-recovery-90x90.jpg 90w, https:\/\/abela.shop\/rs\/wp-content\/uploads\/2024\/12\/BiVits-recovery.jpg 1000w\" sizes=\"auto, (max-width: 800px) 100vw, 800px\" title=\"\">\t\t\t\t\t\t\t\t\t\t\t\t\t\t\t<\/div>\n\t\t\t\t<\/div>\n\t\t\t\t<div class=\"elementor-element elementor-element-c32bb65 color-scheme-inherit text-left elementor-widget elementor-widget-text-editor\" data-id=\"c32bb65\" data-element_type=\"widget\" data-e-type=\"widget\" data-widget_type=\"text-editor.default\">\n\t\t\t\t<div class=\"elementor-widget-container\">\n\t\t\t\t\t\t\t\t\t<p><strong>BiVits<sup>\u00ae<\/sup>\u00a0ACTIVA Recovery<\/strong><br \/>Jedinstvena formula sa 6 sastojaka koja omogu\u0107ava brz oporavak organizma nakon infekcije i bolesti. Sadr\u017ei kombinaciju cinka, selena, vitamina D3, mangana, vitamina C i N-acetil cisteina koji obezbe\u0111uju sna\u017eniji antioksidativni i antivirusni efekat.<\/p>\t\t\t\t\t\t\t\t<\/div>\n\t\t\t\t<\/div>\n\t\t\t\t<\/div>\n\t\t<div class=\"elementor-element elementor-element-c1ceb49 e-con-full e-flex e-con e-child\" data-id=\"c1ceb49\" data-element_type=\"container\" data-e-type=\"container\">\n\t\t\t\t<div class=\"elementor-element elementor-element-18bd023 elementor-widget elementor-widget-image\" data-id=\"18bd023\" data-element_type=\"widget\" data-e-type=\"widget\" data-widget_type=\"image.default\">\n\t\t\t\t<div class=\"elementor-widget-container\">\n\t\t\t\t\t\t\t\t\t\t\t\t\t\t\t<img loading=\"lazy\" decoding=\"async\" width=\"800\" height=\"800\" src=\"https:\/\/abela.shop\/rs\/wp-content\/uploads\/2025\/03\/BiVits-Q10-30mg-1-1-1-800x800.jpg\" class=\"attachment-large size-large wp-image-237863\" alt=\"BiVits\u00ae ACTIVA Koenzim Q10 phospholipid\" srcset=\"https:\/\/abela.shop\/rs\/wp-content\/uploads\/2025\/03\/BiVits-Q10-30mg-1-1-1-800x800.jpg 800w, https:\/\/abela.shop\/rs\/wp-content\/uploads\/2025\/03\/BiVits-Q10-30mg-1-1-1-430x430.jpg 430w, https:\/\/abela.shop\/rs\/wp-content\/uploads\/2025\/03\/BiVits-Q10-30mg-1-1-1-150x150.jpg 150w, https:\/\/abela.shop\/rs\/wp-content\/uploads\/2025\/03\/BiVits-Q10-30mg-1-1-1-700x700.jpg 700w, https:\/\/abela.shop\/rs\/wp-content\/uploads\/2025\/03\/BiVits-Q10-30mg-1-1-1-300x300.jpg 300w, https:\/\/abela.shop\/rs\/wp-content\/uploads\/2025\/03\/BiVits-Q10-30mg-1-1-1-768x768.jpg 768w, https:\/\/abela.shop\/rs\/wp-content\/uploads\/2025\/03\/BiVits-Q10-30mg-1-1-1-90x90.jpg 90w, https:\/\/abela.shop\/rs\/wp-content\/uploads\/2025\/03\/BiVits-Q10-30mg-1-1-1.jpg 1000w\" sizes=\"auto, (max-width: 800px) 100vw, 800px\" title=\"\">\t\t\t\t\t\t\t\t\t\t\t\t\t\t\t<\/div>\n\t\t\t\t<\/div>\n\t\t\t\t<div class=\"elementor-element elementor-element-67b2b77 color-scheme-inherit text-left elementor-widget elementor-widget-text-editor\" data-id=\"67b2b77\" data-element_type=\"widget\" data-e-type=\"widget\" data-widget_type=\"text-editor.default\">\n\t\t\t\t<div class=\"elementor-widget-container\">\n\t\t\t\t\t\t\t\t\t<p><strong>BiVits<sup>\u00ae<\/sup>\u00a0ACTIVA Koenzim Q10 phospholipid<\/strong><br \/>Kombinuje koenzim Q10 sa fosfolipidima radi bolje apsorpcije i maksimalne efikasnosti. Koenzim Q10 je prirodni antioksidans prisutan u svakoj \u0107eliji na\u0161eg tela, klju\u010dan za proizvodnju energije i o\u010duvanje funkcije sr\u010danog mi\u0161i\u0107a. Tako\u0111e, poma\u017ee u za\u0161titi \u0107elija od oksidativnog stresa i doprinosi op\u0161toj vitalnosti.<\/p>\t\t\t\t\t\t\t\t<\/div>\n\t\t\t\t<\/div>\n\t\t\t\t<\/div>\n\t\t\t\t\t<\/div>\n\t\t\t\t<\/div>\n\t\t<div class=\"wd-negative-gap elementor-element elementor-element-1890bd17 e-flex e-con-boxed e-con e-parent\" data-id=\"1890bd17\" data-element_type=\"container\" data-e-type=\"container\">\n\t\t\t\t\t<div class=\"e-con-inner\">\n\t\t\t\t<div class=\"elementor-element elementor-element-7aacc0dd color-scheme-inherit text-left elementor-widget elementor-widget-text-editor\" data-id=\"7aacc0dd\" data-element_type=\"widget\" data-e-type=\"widget\" data-widget_type=\"text-editor.default\">\n\t\t\t\t<div class=\"elementor-widget-container\">\n\t\t\t\t\t\t\t\t\t<h2>Na\u010din upotrebe:<\/h2><p>UJUTRU: BiVits<sup>\u00ae <\/sup>ACTIVA Recovery, kao i BiVits<sup>\u00ae <\/sup>ACTIVA Koenzim Q10 phospholipid.<\/p><p>UVE\u010cE: 2h pre spavanja: BiVits<sup>\u00ae <\/sup>ACTIVA Magnezijum citrat.<\/p>\t\t\t\t\t\t\t\t<\/div>\n\t\t\t\t<\/div>\n\t\t\t\t\t<\/div>\n\t\t\t\t<\/div>\n\t\t\t\t<\/div>\n\t\t","protected":false},"excerpt":{"rendered":"<p><strong>Nadogra\u0111eni na\u0161 bestseller &#8211; Pucaj od snage!<\/strong><\/p>\n<p><span class=\"opis-proizvoda\"><i class=\"fa-solid fa-circle-check check-opis-proizvoda\"><\/i>Svakodnevno si u pokretu<\/span><br \/>\n<span class=\"opis-proizvoda\"><i class=\"fa-solid fa-circle-check check-opis-proizvoda\"><\/i>Voli\u0161 da trenira\u0161<\/span><br \/>\n<span class=\"opis-proizvoda\"><i class=\"fa-solid fa-circle-check check-opis-proizvoda\"><\/i>Tvoje telo tro\u0161i dosta energije<\/span><br \/>\n<span class=\"opis-proizvoda\"><i class=\"fa-solid fa-circle-check check-opis-proizvoda\"><\/i>Retko kada odmara\u0161<\/span><br \/>\n<span class=\"opis-proizvoda\"><i class=\"fa-solid fa-circle-check check-opis-proizvoda\"><\/i>Trudi\u0161 se da pored posla uvek na\u0111e\u0161 vreme za fizi\u010dku aktivnost<\/span><\/p>\n<p><strong>Superiorni trio BiVits proizvoda:<\/strong><\/p>\n<ul>\n<li>BiVits<sup>\u00ae<\/sup> ACTIVA Magnezijum Citrat 400mg<\/li>\n<li>BiVits<sup>\u00ae<\/sup>\u00a0ACTIVA Recovery<\/li>\n<li>BiVits<sup>\u00ae<\/sup>\u00a0ACTIVA Koenzim Q10 phospholipid 30mg<\/li>\n<\/ul>\n<p><strong>Podr\u0161ka tvom aktivnom na\u010dinu \u017eivota, poja\u010danoj fizi\u010dkoj aktivnosti i potrebi za energijom!<\/strong><\/p>\n","protected":false},"featured_media":261746,"comment_status":"open","ping_status":"closed","template":"","meta":{"_acf_changed":false},"product_brand":[],"product_cat":[133,101,88],"product_tag":[],"class_list":{"0":"post-237531","1":"product","2":"type-product","3":"status-publish","4":"has-post-thumbnail","6":"product_cat-akcije","7":"product_cat-paketi","8":"product_cat-vitamini-i-minerali","10":"first","11":"instock","12":"sale","13":"featured","14":"shipping-taxable","15":"purchasable","16":"product-type-woosb"},"acf":[],"jetpack_sharing_enabled":true,"_links":{"self":[{"href":"https:\/\/abela.shop\/rs\/en\/wp-json\/wp\/v2\/product\/237531","targetHints":{"allow":["GET"]}}],"collection":[{"href":"https:\/\/abela.shop\/rs\/en\/wp-json\/wp\/v2\/product"}],"about":[{"href":"https:\/\/abela.shop\/rs\/en\/wp-json\/wp\/v2\/types\/product"}],"replies":[{"embeddable":true,"href":"https:\/\/abela.shop\/rs\/en\/wp-json\/wp\/v2\/comments?post=237531"}],"version-history":[{"count":33,"href":"https:\/\/abela.shop\/rs\/en\/wp-json\/wp\/v2\/product\/237531\/revisions"}],"predecessor-version":[{"id":261751,"href":"https:\/\/abela.shop\/rs\/en\/wp-json\/wp\/v2\/product\/237531\/revisions\/261751"}],"wp:featuredmedia":[{"embeddable":true,"href":"https:\/\/abela.shop\/rs\/en\/wp-json\/wp\/v2\/media\/261746"}],"wp:attachment":[{"href":"https:\/\/abela.shop\/rs\/en\/wp-json\/wp\/v2\/media?parent=237531"}],"wp:term":[{"taxonomy":"product_brand","embeddable":true,"href":"https:\/\/abela.shop\/rs\/en\/wp-json\/wp\/v2\/product_brand?post=237531"},{"taxonomy":"product_cat","embeddable":true,"href":"https:\/\/abela.shop\/rs\/en\/wp-json\/wp\/v2\/product_cat?post=237531"},{"taxonomy":"product_tag","embeddable":true,"href":"https:\/\/abela.shop\/rs\/en\/wp-json\/wp\/v2\/product_tag?post=237531"}],"curies":[{"name":"wp","href":"https:\/\/api.w.org\/{rel}","templated":true}]}}