{"id":238968,"date":"2025-03-10T21:00:09","date_gmt":"2025-03-10T20:00:09","guid":{"rendered":"https:\/\/abela.shop\/rs\/?post_type=product&#038;p=238968"},"modified":"2026-04-15T21:59:27","modified_gmt":"2026-04-15T20:59:27","slug":"bivits-activa-rejuvenage-60-tableta","status":"publish","type":"product","link":"https:\/\/abela.shop\/rs\/en\/proizvod\/bivits-activa-rejuvenage-60-tableta\/","title":{"rendered":"BiVits\u00ae ACTIVA RejuvenAge, 60 tableta"},"content":{"rendered":"<h3>Kada \u017eeli\u0161 da uspori\u0161 procese starenja organizma iznutra: <strong>BiVits<sup>\u00ae<\/sup> ACTIVA RejuvenAge<\/strong><\/h3>\n<p><strong>BiVits<sup>\u00ae<\/sup> ACTIVA RejuvenAge<\/strong> je inovativni dijetetski suplement osmi\u0161ljen za one koji \u017eele da podr\u017ee procese podmla\u0111ivanja organizma i usporavanje biolo\u0161kog starenja iznutra. Ova napredna formulacija kombinuje klju\u010dne vitamine, esencijalne oligoelemente i bioaktivna jedinjenja sa dokazanim senoliti\u010dkim i antioksidativnim efektima, me\u0111u kojima se isti\u010du kvercetin, <a href=\"https:\/\/abela.shop\/rs\/proizvod\/bivits-activa-actifolic-60-tableta\/\"><strong>aktivni oblik folne kiseline<\/strong><\/a> (5-MTHF), koenzim Q10 u patentiranom fosfolipidnom obliku, S-adenozil metionin (SAMe) i gama-aminobuterna kiselina (GABA).<\/p>\n<p><strong>BiVits<sup>\u00ae<\/sup> ACTIVA RejuvenAge se preporu\u010duje:<\/strong><\/p>\n<p><span class=\"opis-proizvoda\"><i class=\"fa-solid fa-circle-check check-opis-proizvoda\"><\/i>osobama koje \u017eele da uspore proces starenja i pobolj\u0161aju \u0107elijsku regeneraciju<\/span><br \/>\n<span class=\"opis-proizvoda\"><i class=\"fa-solid fa-circle-check check-opis-proizvoda\"><\/i>osobama koje \u017eele da o\u010duvaju zdravlje ko\u017ee, kose i noktiju<\/span><br \/>\n<span class=\"opis-proizvoda\"><i class=\"fa-solid fa-circle-check check-opis-proizvoda\"><\/i>osobama izlo\u017eenim hroni\u010dnom stresu<\/span><br \/>\n<span class=\"opis-proizvoda\"><i class=\"fa-solid fa-circle-check check-opis-proizvoda\"><\/i>osobama koje \u017eele da podr\u017ee <a href=\"https:\/\/cardiovitamin.com\/\" target=\"_blank\" rel=\"noopener\"><strong>zdravlje srca<\/strong><\/a> i krvnih sudova<\/span><br \/>\n<span class=\"opis-proizvoda\"><i class=\"fa-solid fa-circle-check check-opis-proizvoda\"><\/i>osobama koje \u017eele da o\u010duvaju mentalnu o\u0161trinu i koncentraciju<\/span><br \/>\n<span class=\"opis-proizvoda\"><i class=\"fa-solid fa-circle-check check-opis-proizvoda\"><\/i>osobama koje \u017eele ja\u010di imunitet i antioksidativnu za\u0161titu<\/span><\/p>\n","protected":false},"excerpt":{"rendered":"<p><strong>BiVits<sup>\u00ae<\/sup> RejuvenAge doprinosi:<\/strong><\/p>\n<p><span class=\"opis-proizvoda\"><i class=\"fa-solid fa-circle-check check-opis-proizvoda\"><\/i>usporavanju biolo\u0161kog starenja i senescencije (proces biolo\u0161kog starenja \u0107elija)<\/span><br \/>\n<span class=\"opis-proizvoda\"><i class=\"fa-solid fa-circle-check check-opis-proizvoda\"><\/i>podr\u0161ci mitohondrijalnoj funkciji i \u0107elijskoj energiji<\/span><br \/>\n<span class=\"opis-proizvoda\"><i class=\"fa-solid fa-circle-check check-opis-proizvoda\"><\/i>o\u010duvanju zdravlja ko\u017ee, kose i noktiju<\/span><br \/>\n<span class=\"opis-proizvoda\"><i class=\"fa-solid fa-circle-check check-opis-proizvoda\"><\/i>hormonskoj ravnote\u017ei i kardiovaskularnoj za\u0161titi<\/span><br \/>\n<span class=\"opis-proizvoda\"><i class=\"fa-solid fa-circle-check check-opis-proizvoda\"><\/i>smanjenju oksidativnog stresa i upala<\/span><br \/>\n<span class=\"opis-proizvoda\"><i class=\"fa-solid fa-circle-check check-opis-proizvoda\"><\/i>pobolj\u0161anju kvaliteta sna i otpornosti na stres<\/span><\/p>\n","protected":false},"featured_media":239195,"comment_status":"open","ping_status":"closed","template":"","meta":{"_acf_changed":false},"product_brand":[],"product_cat":[125,147],"product_tag":[],"class_list":{"0":"post-238968","1":"product","2":"type-product","3":"status-publish","4":"has-post-thumbnail","6":"product_cat-lepota","7":"product_cat-istaknuto","9":"first","10":"instock","11":"sale","12":"featured","13":"shipping-taxable","14":"purchasable","15":"product-type-simple"},"acf":[],"jetpack_sharing_enabled":true,"_links":{"self":[{"href":"https:\/\/abela.shop\/rs\/en\/wp-json\/wp\/v2\/product\/238968","targetHints":{"allow":["GET"]}}],"collection":[{"href":"https:\/\/abela.shop\/rs\/en\/wp-json\/wp\/v2\/product"}],"about":[{"href":"https:\/\/abela.shop\/rs\/en\/wp-json\/wp\/v2\/types\/product"}],"replies":[{"embeddable":true,"href":"https:\/\/abela.shop\/rs\/en\/wp-json\/wp\/v2\/comments?post=238968"}],"version-history":[{"count":28,"href":"https:\/\/abela.shop\/rs\/en\/wp-json\/wp\/v2\/product\/238968\/revisions"}],"predecessor-version":[{"id":260040,"href":"https:\/\/abela.shop\/rs\/en\/wp-json\/wp\/v2\/product\/238968\/revisions\/260040"}],"wp:featuredmedia":[{"embeddable":true,"href":"https:\/\/abela.shop\/rs\/en\/wp-json\/wp\/v2\/media\/239195"}],"wp:attachment":[{"href":"https:\/\/abela.shop\/rs\/en\/wp-json\/wp\/v2\/media?parent=238968"}],"wp:term":[{"taxonomy":"product_brand","embeddable":true,"href":"https:\/\/abela.shop\/rs\/en\/wp-json\/wp\/v2\/product_brand?post=238968"},{"taxonomy":"product_cat","embeddable":true,"href":"https:\/\/abela.shop\/rs\/en\/wp-json\/wp\/v2\/product_cat?post=238968"},{"taxonomy":"product_tag","embeddable":true,"href":"https:\/\/abela.shop\/rs\/en\/wp-json\/wp\/v2\/product_tag?post=238968"}],"curies":[{"name":"wp","href":"https:\/\/api.w.org\/{rel}","templated":true}]}}