{"id":238970,"date":"2025-03-10T21:00:58","date_gmt":"2025-03-10T20:00:58","guid":{"rendered":"https:\/\/abela.shop\/rs\/?post_type=product&#038;p=238970"},"modified":"2026-04-15T21:59:27","modified_gmt":"2026-04-15T20:59:27","slug":"bivits-activa-collagen-tripeptid-20-kesica","status":"publish","type":"product","link":"https:\/\/abela.shop\/rs\/en\/proizvod\/bivits-activa-collagen-tripeptid-20-kesica\/","title":{"rendered":"BiVits\u00ae ACTIVA Collagen tripeptid, 20 kesica"},"content":{"rendered":"<h3>Kada \u017eeli\u0161 blistavu ko\u017eu, ja\u010du kosu i otportnije nokte<\/h3>\n<p><strong>BiVits<sup>\u00ae<\/sup> ACTIVA Collagen Tripeptid<\/strong> predstavlja inovativni dodatak ishrani sa specijalizovanom formulacijom koja podr\u017eava zdravlje i lepotu ko\u017ee, kose i noktiju. Ovaj proizvod sadr\u017ei 10 g hidrolizovanog morskog ribljeg kolagena (Naticol\u00ae), 250 mg <a href=\"https:\/\/bivits.com\/proizvod\/vitamin-c-1000-i-acerola\/\" target=\"_blank\" rel=\"noopener\"><strong>vitamina C<\/strong><\/a> i 150 \u00b5g <a href=\"https:\/\/abela.shop\/rs\/proizvod\/bivits-activa-biotin-300-mcg-60-tableta\/\"><strong>biotina<\/strong><\/a>, pa\u017eljivo odabrane sastojke, koji deluju udru\u017eeno, kako bi doprli do dubljih slojeva ko\u017ee i pru\u017eili optimalnu podr\u0161ku njenoj strukturi i elasti\u010dnosti.<\/p>\n<p><strong>BiVits<sup>\u00ae<\/sup> ACTIVA Collagen Tripeptid<\/strong> je dokaz da kvalitetna formulacija ne isklju\u010duje dobar ukus. Znamo koliko je sve ovo zajedno bitno, jer je kontinuitet u primeni kolagena va\u017ena stavka kako bi se efekti ispoljili. Ako ste vi\u0161e puta krenuli sa upotrebom kolagena, a zatim odustali, <strong>BiVits<sup>\u00ae<\/sup> ACTIVA Collagen Tripeptid<\/strong> \u0107e lako postati deo va\u0161e svakodnevne beauty rutine, a kontinuitet u upotrebi ne\u0107e vi\u0161e biti prepreka.<\/p>\n<p>Ono \u0161to je jo\u0161 va\u017eno da znate jeste da je proizvod 100% prirodan i bez \u0161e\u0107era.<\/p>\n<p><strong>BiVits<sup>\u00ae<\/sup> ACTIVA Collagen tripeptid se preporu\u010duje:<\/strong><\/p>\n<p><span class=\"opis-proizvoda\"><i class=\"fa-solid fa-circle-check check-opis-proizvoda\"><\/i>osobama nakon 25. godine<\/span><br \/>\n<span class=\"opis-proizvoda\"><i class=\"fa-solid fa-circle-check check-opis-proizvoda\"><\/i>osobama sa suvom i umornom ko\u017eom<\/span><br \/>\n<span class=\"opis-proizvoda\"><i class=\"fa-solid fa-circle-check check-opis-proizvoda\"><\/i>osobama koje \u017eele da smanje bore i pobolj\u0161aju elasti\u010dnost ko\u017ee<\/span><br \/>\n<span class=\"opis-proizvoda\"><i class=\"fa-solid fa-circle-check check-opis-proizvoda\"><\/i>osobama sa slabom i lomljivom kosom i noktima<\/span><br \/>\n<span class=\"opis-proizvoda\"><i class=\"fa-solid fa-circle-check check-opis-proizvoda\"><\/i>sportistima i aktivnim osobama<\/span><br \/>\n<span class=\"opis-proizvoda\"><i class=\"fa-solid fa-circle-check check-opis-proizvoda\"><\/i>osobama koje \u017eele da za\u0161tite ko\u017eu od negativnih spoljnih faktora<\/span><br \/>\n<span class=\"opis-proizvoda\"><i class=\"fa-solid fa-circle-check check-opis-proizvoda\"><\/i>osobama na restriktivnim dijetama<\/span><\/p>\n<h3>Na\u010din upotrebe:<\/h3>\n<p>Odrasli, jednu kesicu dnevno razmutiti u \u010da\u0161i vode i popiti<\/p>\n","protected":false},"excerpt":{"rendered":"<div class=\"generalni-highlight money-back-guarantee\" style=\"margin-bottom: 30px;\">Ukoliko vam se ukus ne dopadne posle prve kesice, imate mogu\u0107nost da nam vratite proizvod, a mi \u0107emo vam vratiti novac.<\/div>\n<p><strong>Aktivni sastojci (u jednoj kesici):<\/strong><br \/>\n<span class=\"opis-proizvoda\"><i class=\"fa-solid fa-circle-check check-opis-proizvoda\"><\/i>10.000 mg hidrolizovanog morskog kolagena (Naticol\u00ae) izmeni u &gt; 10.000 mg hidrolizovanog ribljeg kolagena (Naticol\u00ae)<\/span><br \/>\n<span class=\"opis-proizvoda\"><i class=\"fa-solid fa-circle-check check-opis-proizvoda\"><\/i>250 mg vitamina C<\/span><br \/>\n<span class=\"opis-proizvoda\"><i class=\"fa-solid fa-circle-check check-opis-proizvoda\"><\/i>150 \u00b5g biotina<\/span><\/p>\n<p><strong>Dnevna preporu\u010dena doza:<\/strong><br \/>\n1 kesica dnevno (rastvorena u vodi)<br \/>\n1 kutija = 20 kesica = 20 dana kontinuirane nege<\/p>\n<p><strong>Klini\u010dki potvr\u0111eno dejstvo:<\/strong><br \/>\nPove\u0107ava \u010dvrstinu i elasti\u010dnost ko\u017ee<br \/>\nVidljivo smanjuje bore i pobolj\u0161ava hidrataciju<br \/>\nJa\u010da strukturu kose i noktiju<\/p>\n<p><strong>Za\u0161to je va\u017eno:<\/strong><br \/>\n<span class=\"opis-proizvoda\"><i class=\"fa-solid fa-circle-check check-opis-proizvoda\"><\/i> Kontinuitet u unosu kolagena je klju\u010dan za vidljive rezultate<\/span><br \/>\n<span class=\"opis-proizvoda\"><i class=\"fa-solid fa-circle-check check-opis-proizvoda\"><\/i> Formulacija je 100% prirodna, bez \u0161e\u0107era i ve\u0161ta\u010dkih boja<\/span><br \/>\n<span class=\"opis-proizvoda\"><i class=\"fa-solid fa-circle-check check-opis-proizvoda\"><\/i> Prijatan ukus koji olak\u0161ava svakodnevnu upotrebu<\/span><\/p>\n","protected":false},"featured_media":239078,"comment_status":"open","ping_status":"closed","template":"","meta":{"_acf_changed":false},"product_brand":[],"product_cat":[125,133,147],"product_tag":[],"class_list":{"0":"post-238970","1":"product","2":"type-product","3":"status-publish","4":"has-post-thumbnail","6":"product_cat-lepota","7":"product_cat-akcije","8":"product_cat-istaknuto","10":"first","11":"instock","12":"sale","13":"featured","14":"shipping-taxable","15":"purchasable","16":"product-type-simple"},"acf":[],"jetpack_sharing_enabled":true,"_links":{"self":[{"href":"https:\/\/abela.shop\/rs\/en\/wp-json\/wp\/v2\/product\/238970","targetHints":{"allow":["GET"]}}],"collection":[{"href":"https:\/\/abela.shop\/rs\/en\/wp-json\/wp\/v2\/product"}],"about":[{"href":"https:\/\/abela.shop\/rs\/en\/wp-json\/wp\/v2\/types\/product"}],"replies":[{"embeddable":true,"href":"https:\/\/abela.shop\/rs\/en\/wp-json\/wp\/v2\/comments?post=238970"}],"version-history":[{"count":39,"href":"https:\/\/abela.shop\/rs\/en\/wp-json\/wp\/v2\/product\/238970\/revisions"}],"predecessor-version":[{"id":239071,"href":"https:\/\/abela.shop\/rs\/en\/wp-json\/wp\/v2\/product\/238970\/revisions\/239071"}],"wp:featuredmedia":[{"embeddable":true,"href":"https:\/\/abela.shop\/rs\/en\/wp-json\/wp\/v2\/media\/239078"}],"wp:attachment":[{"href":"https:\/\/abela.shop\/rs\/en\/wp-json\/wp\/v2\/media?parent=238970"}],"wp:term":[{"taxonomy":"product_brand","embeddable":true,"href":"https:\/\/abela.shop\/rs\/en\/wp-json\/wp\/v2\/product_brand?post=238970"},{"taxonomy":"product_cat","embeddable":true,"href":"https:\/\/abela.shop\/rs\/en\/wp-json\/wp\/v2\/product_cat?post=238970"},{"taxonomy":"product_tag","embeddable":true,"href":"https:\/\/abela.shop\/rs\/en\/wp-json\/wp\/v2\/product_tag?post=238970"}],"curies":[{"name":"wp","href":"https:\/\/api.w.org\/{rel}","templated":true}]}}