{"id":239146,"date":"2025-04-15T12:44:38","date_gmt":"2025-04-15T11:44:38","guid":{"rendered":"https:\/\/abela.shop\/rs\/?post_type=product&#038;p=239146"},"modified":"2026-04-15T21:59:26","modified_gmt":"2026-04-15T20:59:26","slug":"bivits-activa-collagen-tripeptid-paket","status":"publish","type":"product","link":"https:\/\/abela.shop\/rs\/en\/proizvod\/bivits-activa-collagen-tripeptid-paket\/","title":{"rendered":"BiVits\u00ae ACTIVA Collagen tripeptid paket 2+1 &#8211; za 60 dana"},"content":{"rendered":"<h3>Kada \u017eeli\u0161 blistavu ko\u017eu, ja\u010du kosu i otpornije nokte<\/h3>\n<p><strong>BiVits<sup>\u00ae<\/sup> ACTIVA Collagen Tripeptid<\/strong> predstavlja inovativni dodatak ishrani sa specijalizovanom formulacijom koja podr\u017eava zdravlje i lepotu ko\u017ee, kose i noktiju. Ovaj proizvod sadr\u017ei 10 g hidrolizovanog morskog ribljeg kolagena (Naticol<strong><sup>\u00ae<\/sup><\/strong>), 250 mg <a href=\"https:\/\/bivits.com\/proizvod\/vitamin-c-500-i-acerola\/\" target=\"_blank\" rel=\"noopener\"><strong>vitamina C<\/strong><\/a> i 150 \u00b5g <a href=\"https:\/\/abela.shop\/rs\/proizvod\/bivits-activa-biotin-300-mcg-60-tableta\/\"><strong>biotina<\/strong><\/a>, pa\u017eljivo odabrane sastojke, koji deluju udru\u017eeno, kako bi doprli do dubljih slojeva ko\u017ee i pru\u017eili optimalnu podr\u0161ku njenoj strukturi i elasti\u010dnosti.<\/p>\n<p><strong>BiVits<sup>\u00ae<\/sup> ACTIVA Collagen Tripeptid<\/strong> je dokaz da kvalitetna formulacija ne isklju\u010duje dobar ukus. Znamo koliko je sve ovo zajedno bitno, jer je kontinuitet u primeni kolagena va\u017ena stavka kako bi se efekti ispoljili. Ako ste vi\u0161e puta krenuli sa upotrebom kolagena, a zatim odustali, BiVits ACTIVA Collagen Tripeptid \u0107e lako postati deo va\u0161e svakodnevne beauty rutine, a kontinuitet u upotrebi ne\u0107e vi\u0161e biti prepreka.<\/p>\n<p>Ono \u0161to je jo\u0161 va\u017eno da znate jeste da je proizvod 100% prirodan i bez \u0161e\u0107era.<br \/>\n&nbsp;<br \/>\n<strong>BiVits<sup>\u00ae<\/sup> ACTIVA Collagen tripeptid se preporu\u010duje:<\/strong><br \/>\n&nbsp;<br \/>\n<span class=\"opis-proizvoda\"><i class=\"fa-solid fa-circle-check check-opis-proizvoda\"><\/i>osobama nakon 25. godine<\/span><br \/>\n<span class=\"opis-proizvoda\"><i class=\"fa-solid fa-circle-check check-opis-proizvoda\"><\/i>osobama sa suvom i umornom ko\u017eom<\/span><br \/>\n<span class=\"opis-proizvoda\"><i class=\"fa-solid fa-circle-check check-opis-proizvoda\"><\/i>osobama koje \u017eele da smanje bore i pobolj\u0161aju elasti\u010dnost ko\u017ee<\/span><br \/>\n<span class=\"opis-proizvoda\"><i class=\"fa-solid fa-circle-check check-opis-proizvoda\"><\/i>osobama sa slabom i lomljivom kosom i noktima<\/span><br \/>\n<span class=\"opis-proizvoda\"><i class=\"fa-solid fa-circle-check check-opis-proizvoda\"><\/i>sportistima i aktivnim osobama<\/span><br \/>\n<span class=\"opis-proizvoda\"><i class=\"fa-solid fa-circle-check check-opis-proizvoda\"><\/i>osobama koje \u017eele da za\u0161tite ko\u017eu od negativnih spoljnih faktora<\/span><br \/>\n<span class=\"opis-proizvoda\"><i class=\"fa-solid fa-circle-check check-opis-proizvoda\"><\/i>osobama na restriktivnim dijetama<\/span><br \/>\n&nbsp;<\/p>\n<h3>Na\u010din upotrebe<\/h3>\n<p>Jednu kesicu dnevno razmutiti u \u010da\u0161i vode i popiti.<\/p>\n","protected":false},"excerpt":{"rendered":"<div class=\"generalni-highlight money-back-guarantee\" style=\"margin-bottom: 30px;\">Ukoliko vam se ukus ne dopadne posle prve kesice, imate mogu\u0107nost da nam vratite proizvod, a mi \u0107emo vam vratiti novac.<\/div>\n<p><strong>Aktivni sastojci (u jednoj kesici):<\/strong><br \/>\n    <span class=\"opis-proizvoda\"><i class=\"fa-solid fa-circle-check check-opis-proizvoda\"><\/i>10.000 mg hidrolizovanog morskog kolagena (Naticol\u00ae) izmeni u &gt; 10.000 mg hidrolizovanog ribljeg kolagena (Naticol\u00ae)<\/span><br \/>\n    <span class=\"opis-proizvoda\"><i class=\"fa-solid fa-circle-check check-opis-proizvoda\"><\/i>250 mg vitamina C<\/span><br \/>\n    <span class=\"opis-proizvoda\"><i class=\"fa-solid fa-circle-check check-opis-proizvoda\"><\/i>150 \u00b5g biotina<\/span>\n<\/p>\n<p><strong>Dnevna preporu\u010dena doza:<\/strong><br \/>\n1 kesica dnevno (rastvorena u vodi)<br \/>\n2+1 kutija = 60 kesica = 60 dana kontinuirane nege<\/p>\n<p><strong>Klini\u010dki potvr\u0111eno dejstvo:<\/strong><br \/>\nPove\u0107ava \u010dvrstinu i elasti\u010dnost ko\u017ee<br \/>\nVidljivo smanjuje bore i pobolj\u0161ava hidrataciju<br \/>\nJa\u010da strukturu kose i noktiju<\/p>\n<p><strong>Za\u0161to je va\u017eno:<\/strong><br \/>\n<span class=\"opis-proizvoda\"><i class=\"fa-solid fa-circle-check check-opis-proizvoda\"><\/i> Kontinuitet u unosu kolagena je klju\u010dan za vidljive rezultate<\/span><br \/>\n<span class=\"opis-proizvoda\"><i class=\"fa-solid fa-circle-check check-opis-proizvoda\"><\/i> Formulacija je 100% prirodna, bez \u0161e\u0107era i ve\u0161ta\u010dkih boja<\/span><br \/>\n<span class=\"opis-proizvoda\"><i class=\"fa-solid fa-circle-check check-opis-proizvoda\"><\/i> Prijatan ukus koji olak\u0161ava svakodnevnu upotrebu<\/span><\/p>\n","protected":false},"featured_media":239147,"comment_status":"open","ping_status":"closed","template":"","meta":{"_acf_changed":false},"product_brand":[],"product_cat":[125,133,147,101],"product_tag":[],"class_list":{"0":"post-239146","1":"product","2":"type-product","3":"status-publish","4":"has-post-thumbnail","6":"product_cat-lepota","7":"product_cat-akcije","8":"product_cat-istaknuto","9":"product_cat-paketi","11":"first","12":"instock","13":"sale","14":"featured","15":"shipping-taxable","16":"purchasable","17":"product-type-simple"},"acf":[],"jetpack_sharing_enabled":true,"_links":{"self":[{"href":"https:\/\/abela.shop\/rs\/en\/wp-json\/wp\/v2\/product\/239146","targetHints":{"allow":["GET"]}}],"collection":[{"href":"https:\/\/abela.shop\/rs\/en\/wp-json\/wp\/v2\/product"}],"about":[{"href":"https:\/\/abela.shop\/rs\/en\/wp-json\/wp\/v2\/types\/product"}],"replies":[{"embeddable":true,"href":"https:\/\/abela.shop\/rs\/en\/wp-json\/wp\/v2\/comments?post=239146"}],"version-history":[{"count":56,"href":"https:\/\/abela.shop\/rs\/en\/wp-json\/wp\/v2\/product\/239146\/revisions"}],"predecessor-version":[{"id":256676,"href":"https:\/\/abela.shop\/rs\/en\/wp-json\/wp\/v2\/product\/239146\/revisions\/256676"}],"wp:featuredmedia":[{"embeddable":true,"href":"https:\/\/abela.shop\/rs\/en\/wp-json\/wp\/v2\/media\/239147"}],"wp:attachment":[{"href":"https:\/\/abela.shop\/rs\/en\/wp-json\/wp\/v2\/media?parent=239146"}],"wp:term":[{"taxonomy":"product_brand","embeddable":true,"href":"https:\/\/abela.shop\/rs\/en\/wp-json\/wp\/v2\/product_brand?post=239146"},{"taxonomy":"product_cat","embeddable":true,"href":"https:\/\/abela.shop\/rs\/en\/wp-json\/wp\/v2\/product_cat?post=239146"},{"taxonomy":"product_tag","embeddable":true,"href":"https:\/\/abela.shop\/rs\/en\/wp-json\/wp\/v2\/product_tag?post=239146"}],"curies":[{"name":"wp","href":"https:\/\/api.w.org\/{rel}","templated":true}]}}