{"id":240849,"date":"2025-05-12T16:00:52","date_gmt":"2025-05-12T15:00:52","guid":{"rendered":"https:\/\/abela.shop\/rs\/?post_type=product&#038;p=240849"},"modified":"2025-12-11T16:28:04","modified_gmt":"2025-12-11T15:28:04","slug":"k2d3-45-paket","status":"publish","type":"product","link":"https:\/\/abela.shop\/rs\/en\/proizvod\/k2d3-45-paket\/","title":{"rendered":"K2D3\u00ae 45 paket"},"content":{"rendered":"<h2><strong>K2D3<sup>\u00ae <\/sup>45<\/strong><\/h2>\n<p><strong>K2D3<sup>\u00ae <\/sup>45<\/strong> je dodatak ishrani koji sadr\u017ei optimalnu kombinaciju vitamina K2 i D3, potrebnih za pravilnu mineralizaciju kostiju i o\u010duvanje integriteta ko\u0161tanog sistema. Ova kombinacija vitamina \u010dini kosti \u010dvr\u0161\u0107im i otpornijim na prelome, oja\u010dava ih i \u010dini <a href=\"https:\/\/abela.shop\/rs\/proizvod\/flobian-30-kapsula\/\"><strong>zgl<\/strong><strong>o<\/strong><strong>bove<\/strong><\/a> pokretljivim.<\/p>\n<p><a href=\"https:\/\/k2d3.com\/k2d3-za-jake-i-zdrave-kosti\/\" target=\"_blank\" rel=\"noopener\"><strong>Vitamin K2<\/strong><\/a> \u0161titi na\u0161e organe od \u0161tetnog dejstva kalcijuma, i neophodan je za pravilno usmeravanje ugradnje kalcijuma u kosti, tako \u0161to aktivira dva proteina va\u017ena za usmeravanje kalcijuma-osteokalcin i matriksni GLA- protein (MGP) protein. Vitamin D3 obezbe\u0111uje normalan rast kostiju, adekvatnu apsorpciju i iskori\u0161\u0107enje kalcijuma i fosfora i doprinosi normalnoj funkciji imunog sistema.<\/p>\n<h2>Sastav proizvoda:<\/h2>\n<p>Vitamin K2 (menahinon-7), vitamin D3 (holekalciferol), sredstvo za pove\u0107anje zapremine: mikrokristalna celuloza, kapsula (hipromeloza, boje: kalcijum-karbonat, skrob-natrijum-oktenilsukcinat), sredstva protiv zgrudvavanja: talk, laktoza monohidrat, magnezijum stearat, silicijum dioksid.<\/p>\n<h2>Na\u010din upotrebe:<\/h2>\n<p>Odrasli: 1-2 kapsule dnevno, uz obrok.<\/p>\n<h2>Napomene:<\/h2>\n<p>Preporu\u010dene dnevne doze se ne smeju prekora\u010diti. Dodaci ishrani se ne mogu koristiti kao zamena za raznovrsnu i uravnote\u017eenu ishranu i zdrav na\u010din \u017eivota. \u010cuvati van doma\u0161aja dece.<\/p>\n<h2>Upozorenja:<\/h2>\n<p>Proizvod ne treba da uzimaju osobe preosetljive na neki od sastojaka proizvoda. Proizvod se ne preporu\u010duje trudnicama, dojiljama i mla\u0111im osobama od 18 godina. Osobe koje su na antikoagulantnoj terapiji treba da konsultuju svog lekara pre uzimanja ovog preparata.<\/p>\n","protected":false},"excerpt":{"rendered":"<p><strong>Kupovinom tri kutije K2D3<\/strong><strong><sup>\u00ae<\/sup><\/strong><strong>45 dobijate poklon &#8211; elegantan termos!<\/strong><\/p>\n<p><span class=\"opis-proizvoda\"><i class=\"fa-solid fa-circle-check check-opis-proizvoda\"><\/i>Kombinacija vitamina K2 i D3.<\/span><br \/>\n<span class=\"opis-proizvoda\"><i class=\"fa-solid fa-circle-check check-opis-proizvoda\"><\/i>Pospe\u0161uje zdravlje i \u010dvrstinu kostiju, kao i pokretljivost zglobova.<\/span><br \/>\n<span class=\"opis-proizvoda\"><i class=\"fa-solid fa-circle-check check-opis-proizvoda\"><\/i>Prvi izbor za prevenciju osteoporoze i osteopenije.<\/span><\/p>\n","protected":false},"featured_media":247357,"comment_status":"open","ping_status":"closed","template":"","meta":{"_acf_changed":false},"product_brand":[],"product_cat":[101,148,88],"product_tag":[],"class_list":{"0":"post-240849","1":"product","2":"type-product","3":"status-publish","4":"has-post-thumbnail","6":"product_cat-paketi","7":"product_cat-top-deal","8":"product_cat-vitamini-i-minerali","9":"pa_promocija-termos","11":"first","12":"outofstock","13":"shipping-taxable","14":"purchasable","15":"product-type-woosb"},"acf":[],"jetpack_sharing_enabled":true,"_links":{"self":[{"href":"https:\/\/abela.shop\/rs\/en\/wp-json\/wp\/v2\/product\/240849","targetHints":{"allow":["GET"]}}],"collection":[{"href":"https:\/\/abela.shop\/rs\/en\/wp-json\/wp\/v2\/product"}],"about":[{"href":"https:\/\/abela.shop\/rs\/en\/wp-json\/wp\/v2\/types\/product"}],"replies":[{"embeddable":true,"href":"https:\/\/abela.shop\/rs\/en\/wp-json\/wp\/v2\/comments?post=240849"}],"version-history":[{"count":29,"href":"https:\/\/abela.shop\/rs\/en\/wp-json\/wp\/v2\/product\/240849\/revisions"}],"predecessor-version":[{"id":249222,"href":"https:\/\/abela.shop\/rs\/en\/wp-json\/wp\/v2\/product\/240849\/revisions\/249222"}],"wp:featuredmedia":[{"embeddable":true,"href":"https:\/\/abela.shop\/rs\/en\/wp-json\/wp\/v2\/media\/247357"}],"wp:attachment":[{"href":"https:\/\/abela.shop\/rs\/en\/wp-json\/wp\/v2\/media?parent=240849"}],"wp:term":[{"taxonomy":"product_brand","embeddable":true,"href":"https:\/\/abela.shop\/rs\/en\/wp-json\/wp\/v2\/product_brand?post=240849"},{"taxonomy":"product_cat","embeddable":true,"href":"https:\/\/abela.shop\/rs\/en\/wp-json\/wp\/v2\/product_cat?post=240849"},{"taxonomy":"product_tag","embeddable":true,"href":"https:\/\/abela.shop\/rs\/en\/wp-json\/wp\/v2\/product_tag?post=240849"}],"curies":[{"name":"wp","href":"https:\/\/api.w.org\/{rel}","templated":true}]}}