{"id":242809,"date":"2025-06-06T17:04:03","date_gmt":"2025-06-06T16:04:03","guid":{"rendered":"https:\/\/abela.shop\/rs\/?post_type=product&#038;p=242809"},"modified":"2026-04-16T01:59:31","modified_gmt":"2026-04-16T00:59:31","slug":"tensilen-paket-za-60-dana","status":"publish","type":"product","link":"https:\/\/abela.shop\/rs\/en\/proizvod\/tensilen-paket-za-60-dana\/","title":{"rendered":"Tensilen\u00ae paket &#8211; za 60 dana"},"content":{"rendered":"<h2><strong>Tensilen<sup>\u00ae<\/sup><\/strong><\/h2>\n<p><strong>Tensilen<sup>\u00ae<\/sup><\/strong> je dijetetski suplement na bazi SAMe-a i <a href=\"https:\/\/abela.shop\/rs\/proizvod\/bivits-activa-vitamin-b-complex-60-tableta\/\"><strong>kompleksa B vitamina<\/strong><\/a>, bioaktivnih jedinjenja koji se prirodno stvaraju u organizmu i doprinose normalnom funkcionisanju nervnog sistema. Aktivni sastojci iz Tensilen<sup>\u00ae<\/sup>a poma\u017eu stvaranje serotonina i drugih neurotransmitera koji su odgovorni za regulaciju raspolo\u017eenja i psihosocijalnog funkcionisanja.<\/p>\n<p>Preporu\u010duje se u stanjima <a href=\"https:\/\/bivits.com\/proizvod\/magnezijum-citrat\/\" target=\"_blank\" rel=\"noopener\"><strong>iscrpljenosti<\/strong><\/a>, pada raspolo\u017eenja, umora, nedostatka energije, volje i koncentracije, kao i kod stanja preoptere\u0107enosti. Ova jedinstvena formulacija je bezbedna za dugotrajnu primenu, ne stvara zavisnost, ne uspavljuje i dobro se podnosi.<\/p>\n<p><strong>Tensilen<sup>\u00ae<\/sup><\/strong> pru\u017ea podr\u0161ku u savladavanju svakodnevnih izazova i doprinosi boljem raspolo\u017eenju, obnavljanju volje i energije i smanjenju napetosti.<\/p>\n<h2>Namena:<\/h2>\n<p>Podr\u0161ka normalnom psihi\u010dkom funkcionisanju.<\/p>\n<h2>Sastav proizvoda:<\/h2>\n<p>S- adenozil L- metionin (<em>SAMe<\/em>), sredstvo za pove\u0107anje zapremine, mikrokristalna celuloza, kapsula (hipromeloza, boja: kalcijum-karbonat, skrob-natrijum-oktenilsukcinat), niacin, skrob (kukuruzni), sredstva protiv zgrudvavanja; talk, silicijjum-dioksid, magnezijjum-stearat, vitamin B2, vitamin B1, vitamin B6, vitamin B12.<\/p>\n<h2>Na\u010din upotrebe:<\/h2>\n<p>Odrasli 1 kapsula dnevno &#8211; sat vremena pre obroka, ili dva sata posle obroka. Proizvod je najbolje uzeti ujutro.<\/p>\n","protected":false},"excerpt":{"rendered":"<p><span class=\"opis-proizvoda\"><i class=\"fa-solid fa-circle-check check-opis-proizvoda\"><\/i>Za va\u0161e dobro raspolo\u017eenje svakoga dana<\/span><br \/>\n<span class=\"opis-proizvoda\"><i class=\"fa-solid fa-circle-check check-opis-proizvoda\"><\/i>Dodatak ishrani na bazi vitamina B grupe i S \u2013 adenozil L \u2013 metionina (SAMe)<\/span><br \/>\n<span class=\"opis-proizvoda\"><i class=\"fa-solid fa-circle-check check-opis-proizvoda\"><\/i>Doprinosi normalnom funkcionisanju nervnog sistema i normalnoj psiholo\u0161koj funkciji<\/span><\/p>\n","protected":false},"featured_media":243749,"comment_status":"open","ping_status":"closed","template":"","meta":{"_acf_changed":false},"product_brand":[],"product_cat":[91,101],"product_tag":[],"class_list":{"0":"post-242809","1":"product","2":"type-product","3":"status-publish","4":"has-post-thumbnail","6":"product_cat-mentalno-zdravlje","7":"product_cat-paketi","9":"first","10":"instock","11":"sale","12":"shipping-taxable","13":"purchasable","14":"product-type-woosb"},"acf":[],"jetpack_sharing_enabled":true,"_links":{"self":[{"href":"https:\/\/abela.shop\/rs\/en\/wp-json\/wp\/v2\/product\/242809","targetHints":{"allow":["GET"]}}],"collection":[{"href":"https:\/\/abela.shop\/rs\/en\/wp-json\/wp\/v2\/product"}],"about":[{"href":"https:\/\/abela.shop\/rs\/en\/wp-json\/wp\/v2\/types\/product"}],"replies":[{"embeddable":true,"href":"https:\/\/abela.shop\/rs\/en\/wp-json\/wp\/v2\/comments?post=242809"}],"version-history":[{"count":20,"href":"https:\/\/abela.shop\/rs\/en\/wp-json\/wp\/v2\/product\/242809\/revisions"}],"predecessor-version":[{"id":254295,"href":"https:\/\/abela.shop\/rs\/en\/wp-json\/wp\/v2\/product\/242809\/revisions\/254295"}],"wp:featuredmedia":[{"embeddable":true,"href":"https:\/\/abela.shop\/rs\/en\/wp-json\/wp\/v2\/media\/243749"}],"wp:attachment":[{"href":"https:\/\/abela.shop\/rs\/en\/wp-json\/wp\/v2\/media?parent=242809"}],"wp:term":[{"taxonomy":"product_brand","embeddable":true,"href":"https:\/\/abela.shop\/rs\/en\/wp-json\/wp\/v2\/product_brand?post=242809"},{"taxonomy":"product_cat","embeddable":true,"href":"https:\/\/abela.shop\/rs\/en\/wp-json\/wp\/v2\/product_cat?post=242809"},{"taxonomy":"product_tag","embeddable":true,"href":"https:\/\/abela.shop\/rs\/en\/wp-json\/wp\/v2\/product_tag?post=242809"}],"curies":[{"name":"wp","href":"https:\/\/api.w.org\/{rel}","templated":true}]}}