{"id":243411,"date":"2025-06-16T13:36:55","date_gmt":"2025-06-16T12:36:55","guid":{"rendered":"https:\/\/abela.shop\/rs\/?post_type=product&#038;p=243411"},"modified":"2025-12-11T16:28:06","modified_gmt":"2025-12-11T15:28:06","slug":"enterobiotik-porodicni-paket","status":"publish","type":"product","link":"https:\/\/abela.shop\/rs\/en\/proizvod\/enterobiotik-porodicni-paket\/","title":{"rendered":"EnteroBiotik\u00ae Porodi\u010dni paket"},"content":{"rendered":"<h2><strong>EnteroBiotik<sup>\u00ae<\/sup><\/strong><\/h2>\n<p><strong>EnteroBiotik<sup>\u00ae<\/sup><\/strong> je jedinstvena kombinacija probiotske gljivice <em>Saccharomyces boulardii<\/em> i dobrih bakterija <em>Lactiplantibacillus plantarum<\/em> 6595 i <em>Lactiplantibacillus plantarum Heal 9<\/em>, koja \u0161titi crevnu floru i ja\u010da <a href=\"https:\/\/abela.shop\/rs\/proizvod\/bivits-activa-immunity-booster-30-kesica\/\"><strong>imunitet<\/strong><\/a>.<\/p>\n<p><a href=\"https:\/\/enterobiotik.rs\/zasto-enterobiotik\/\" target=\"_blank\" rel=\"noopener\"><strong>Kombinacija dobrih bakterija i <em>Saccharomyces boulardii<\/em><\/strong><\/a> elimini\u0161e \u0161tetne bakterije i njihove toksine i na taj na\u010din doprinosi re\u0161avanju stoma\u010dnih tegoba i normalizaciji naru\u0161ene mikrobiotske ravnote\u017ee. Idealan kod putovanja kada se mogu javiti nespecifi\u010dne stoma\u010dne tegobe kao \u0161to su: mu\u010dnina povezana s povra\u0107anjem, gr\u010devi i dijareja. Preporu\u010duje se za obnovu i regulisanje crevne flore odraslih na dnevnom nivou.<\/p>\n<p><strong>EnteroBiotik<sup>\u00ae<\/sup><\/strong> svojim jedinstvenim sastavom doprinosi:<\/p>\n<p><span class=\"opis-proizvoda\"><i class=\"fa-solid fa-circle-check check-opis-proizvoda\"><\/i>Za\u0161titi crevne flore<\/span><br \/>\n<span class=\"opis-proizvoda\"><i class=\"fa-solid fa-circle-check check-opis-proizvoda\"><\/i>Uspostavljanju ravnote\u017ee crevne flore<\/span><br \/>\n<span class=\"opis-proizvoda\"><i class=\"fa-solid fa-circle-check check-opis-proizvoda\"><\/i>Ja\u010danju imuniteta<\/span><br \/>\n<span class=\"opis-proizvoda\"><i class=\"fa-solid fa-circle-check check-opis-proizvoda\"><\/i>Spre\u010davanju dijareje<\/span><\/p>\n<h2>Sastav proizvoda:<\/h2>\n<p>Liofolizovana kultura <em>Lactiplantibacillus plantarum LP 6595<\/em>, liofolizovana kultura <em>Lactiplantibacillus plantarum HEAL 9<\/em> , <em>Saccharomyces boulardii<\/em>, kapsula (hipromeloza, boja: kalcijum-karbonat, stabilizator: skrob-natrijum-oktenilsukcinat), skrob kukuruzni, sredstvo za pove\u0107anje zapremine: mikrokristalna celuloza, sredstva protiv zgrudvavanja: talk i magnezijum stearat.<\/p>\n<h2>Na\u010din upotrebe:<\/h2>\n<p>Odrasli i deca iznad 3 godine: Popiti jednu do dve kapsule dnevno. Po potrebi kapsula se mo\u017ee otvoriti, sadr\u017eaj isprazniti u ka\u0161i\u010dicu sa malo te\u010dnosti i odmah popiti.<\/p>\n<p>&nbsp;<\/p>\n<h2><strong>EnteroBiotik<sup>\u00ae <\/sup>JUNIOR<\/strong><\/h2>\n<p><strong>EnteroBiotik<sup>\u00ae <\/sup>JUNIOR<\/strong> je dodatak ishrani koji u svom sastavu sadr\u017ei kombinaciju 2 soja probiotskih bakterija : <em>Lactiplantibacillus plantarum LP6595<\/em>, <em>Lacticaseibacillus rhamnosus GG<\/em> i probiotski kvasac <em>Saccharomyces boulardii<\/em>, kao i cink, koji pru\u017ea podr\u0161ku imunom sistemu deteta.<\/p>\n<p><strong>EnteroBiotik<sup>\u00ae <\/sup>JUNIOR<\/strong> pru\u017ea jedinstvenu podr\u0161ku crevnoj flori deteta, sa \u010dak 15 milijardi probiotskih kultura u jednoj kapsuli. Preporu\u010duje se za obnovu i regulisanje crevne flore dece na dnevnom nivou, kao i ja\u010danje op\u0161teg imuniteta deteta.<\/p>\n<p><strong>EnteroBiotik<sup>\u00ae <\/sup>JUNIOR je namenjen deci starijoj od 3 godine jer:<\/strong><br \/>\n<span class=\"opis-proizvoda\"><i class=\"fa-solid fa-circle-check check-opis-proizvoda\"><\/i> Probiotik za decu za kompletnu za\u0161titu i obnovu crevne flore i ja\u010danje imuniteta dece<\/span><br \/>\n<span class=\"opis-proizvoda\"><i class=\"fa-solid fa-circle-check check-opis-proizvoda\"><\/i> Kombinacija najvi\u0161e ispitivanih i preporu\u010denih probiotskih sojeva kod dece \u2013 <em>Lactiplantibacillus plantarum LP6595, Lacticaseibacillus rhamnosus GG, Saccharomyces boulardii<\/em> i cinka pru\u017ea jedinstvenu podr\u0161ku crevnoj flori deteta, sa \u010dak 15 milijardi probiotskih kultura u jednoj kapsuli<\/span><br \/>\n<span class=\"opis-proizvoda\"><i class=\"fa-solid fa-circle-check check-opis-proizvoda\"><\/i> Prva preporuka za svakodnevnu primenu, za\u0161titu i obnovu crevne flore i ja\u010danju imuniteta kod dece<\/span><br \/>\n<span class=\"opis-proizvoda\"><i class=\"fa-solid fa-circle-check check-opis-proizvoda\"><\/i> <strong>@ TECH<\/strong> inovativno pakovanje garantuje potpunu za\u0161titu od spolja\u0161njih \u0161tetnih uticaja, o\u010duvanja broja \u017eivih \u0107elija i stabilnost probiotika do kraja roka upotrebe<\/span><\/p>\n<h2>Sastav proizvoda:<\/h2>\n<p>Liofolizovana kultura <em>Lactiplantibacillus plantarum LP6595<\/em>, liofolizovana kultura <em>Lacticaseibacillus rhamnosus GG<\/em>, <em>Saccharomyces boulardii<\/em>, kapsula (hipromeloza, boja: titan-dioksid), sredstvo za pove\u0107anje zapremine, mikrokristalna celuloza, sredstvo protiv zgrudvavanja, talk, cink-citrat.<\/p>\n<h2>Na\u010din upotrebe:<\/h2>\n<p>Deca starija od 3 godine: jednom do dva puta dnevno po jednu kapsulu.<\/p>\n","protected":false},"excerpt":{"rendered":"<p><strong>Dnevna doza podr\u0161ke za obnovu i harmoniju crevne flore cele porodice<\/strong><\/p>\n<p><strong>Porodi\u010dni Enterobiotik<sup>\u00ae<\/sup> paket<\/strong> sadr\u017ei dve <strong>Enterobiotik\u00ae<\/strong> formulacije koje ciljano deluju na crevnu floru dece i odraslih:<\/p>\n<p><strong>\u00b7 Enterobiotik<sup>\u00ae<\/sup> 30 kapsula<\/strong> \u2013 podr\u017eava digestivno i imunolo\u0161ko zdravlje odraslih, o\u010duvanje crevne barijere i prevenciju dijareje \u2013 idealno i za svakodnevnu upotrebu i tokom putovanja.<\/p>\n<p><strong>\u00b7 Enterobiotik<sup>\u00ae<\/sup> Junior 10 kapsula<\/strong> \u2013 blaga i efikasna formulacija za obnovu i regulisanje crevne flore dece na dnevnom nivou, kao i ja\u010danje op\u0161teg imuniteta deteta prilago\u0111ena deci, starijoj od 3 godine.<\/p>\n<p><strong>Porodi\u010dni Enterobiotik\u00ae paket<\/strong> je idealan izbor za:<br \/>\n<span class=\"opis-proizvoda\"><i class=\"fa-solid fa-circle-check check-opis-proizvoda\"><\/i> svakodnevnu rutinu obnove i ravnote\u017ee crevne flore<\/span><br \/>\n<span class=\"opis-proizvoda\"><i class=\"fa-solid fa-circle-check check-opis-proizvoda\"><\/i> podr\u0161ku crevnoj floru tokom putovanja i letovanja<\/span><br \/>\n<span class=\"opis-proizvoda\"><i class=\"fa-solid fa-circle-check check-opis-proizvoda\"><\/i> ja\u010danje imuniteta i otpornosti dece i odraslih<\/span><\/p>\n","protected":false},"featured_media":243747,"comment_status":"open","ping_status":"closed","template":"","meta":{"_acf_changed":false},"product_brand":[],"product_cat":[148,133,320,101,72],"product_tag":[],"class_list":{"0":"post-243411","1":"product","2":"type-product","3":"status-publish","4":"has-post-thumbnail","6":"product_cat-top-deal","7":"product_cat-akcije","8":"product_cat-creva-u-balansu","9":"product_cat-paketi","10":"product_cat-probiotici","12":"first","13":"instock","14":"sale","15":"shipping-taxable","16":"purchasable","17":"product-type-woosb"},"acf":[],"jetpack_sharing_enabled":true,"_links":{"self":[{"href":"https:\/\/abela.shop\/rs\/en\/wp-json\/wp\/v2\/product\/243411","targetHints":{"allow":["GET"]}}],"collection":[{"href":"https:\/\/abela.shop\/rs\/en\/wp-json\/wp\/v2\/product"}],"about":[{"href":"https:\/\/abela.shop\/rs\/en\/wp-json\/wp\/v2\/types\/product"}],"replies":[{"embeddable":true,"href":"https:\/\/abela.shop\/rs\/en\/wp-json\/wp\/v2\/comments?post=243411"}],"version-history":[{"count":27,"href":"https:\/\/abela.shop\/rs\/en\/wp-json\/wp\/v2\/product\/243411\/revisions"}],"predecessor-version":[{"id":257696,"href":"https:\/\/abela.shop\/rs\/en\/wp-json\/wp\/v2\/product\/243411\/revisions\/257696"}],"wp:featuredmedia":[{"embeddable":true,"href":"https:\/\/abela.shop\/rs\/en\/wp-json\/wp\/v2\/media\/243747"}],"wp:attachment":[{"href":"https:\/\/abela.shop\/rs\/en\/wp-json\/wp\/v2\/media?parent=243411"}],"wp:term":[{"taxonomy":"product_brand","embeddable":true,"href":"https:\/\/abela.shop\/rs\/en\/wp-json\/wp\/v2\/product_brand?post=243411"},{"taxonomy":"product_cat","embeddable":true,"href":"https:\/\/abela.shop\/rs\/en\/wp-json\/wp\/v2\/product_cat?post=243411"},{"taxonomy":"product_tag","embeddable":true,"href":"https:\/\/abela.shop\/rs\/en\/wp-json\/wp\/v2\/product_tag?post=243411"}],"curies":[{"name":"wp","href":"https:\/\/api.w.org\/{rel}","templated":true}]}}