{"id":243463,"date":"2025-06-17T08:28:07","date_gmt":"2025-06-17T07:28:07","guid":{"rendered":"https:\/\/abela.shop\/rs\/?post_type=product&#038;p=243463"},"modified":"2026-04-15T23:59:25","modified_gmt":"2026-04-15T22:59:25","slug":"k2d3-viva-90-paket","status":"publish","type":"product","link":"https:\/\/abela.shop\/rs\/en\/proizvod\/k2d3-viva-90-paket\/","title":{"rendered":"K2D3\u00ae VIVA 90 paket"},"content":{"rendered":"<h2><strong>K2D3<sup>\u00ae <\/sup>VIVA 90<\/strong><\/h2>\n<p><strong>K2D3<sup>\u00ae <\/sup>VIVA 90<\/strong> je dijetetski proizvod &#8211; hrana za posebne medicinske namene sa vitaminima K i D, za stanja kao \u0161to su \u2013 osteopenija, osteoporoza, odr\u017eavanje normalnog stanja i gustine kostiju, autoimuna, kardiovaskularna i maligna oboljenja.<\/p>\n<p>Ovaj preparat obezbe\u0111uje vi\u0161e doze vitamina K2 i D3, doprinose\u0107i brzoj nadoknadi nedostatka vitamina D3, pove\u0107anju gustine kostiju i smanjenju rizika od preloma kostiju, uti\u010du\u0107i istovremeno na stvaranje sna\u017enog imuniteta. <strong><a href=\"https:\/\/k2d3.com\/k2d3-viva\/\" target=\"_blank\" rel=\"noopener\">Vitamin K2<\/a><\/strong> aktivira osteokalcin, protein odgovoran za ugradnju kalcijuma u kost, dovodi do pove\u0107anja gustine kostiju i otpornosti na prelome, i spre\u010dava stvaranje naslaga kalcijuma u mekim tkivima.<\/p>\n<p>Vitamin D doprinosi normalnoj apsorpciji i iskori\u0161\u0107enju kalcijuma i fosfora, normalnom nivou kalcijuma u krvi, odr\u017eavanju kostiju i funkcije imunog sistema. Vitamin D i <a href=\"https:\/\/abela.shop\/rs\/proizvod\/bivits-activa-kalcijum-magnezijum-cink-60-tableta\/\"><strong>kalcijum<\/strong><\/a> smanjuju gubitak ko\u0161tane mase kod \u017eena u post-menopauzalnom periodu, kod osteoporoze i osteopenije.<\/p>\n<h2>Sastav proizvoda:<\/h2>\n<p>Vitamin K2 (menahinon-7), vitamin D3 (holekalciferol), maslinovo ulje, gove\u0111i \u017eelatin, humektant: glicerol.<\/p>\n<h2>Na\u010din upotrebe:<\/h2>\n<p>Odrasli: 1 kapsula dnevno.<\/p>\n","protected":false},"excerpt":{"rendered":"<p><span data-teams=\"true\"><strong>Kupovinom dve kutije K2D3<\/strong><strong>\u00ae<\/strong><strong> VIVA 90 dobijate poklon \u2013 dozator za lekove!<\/strong><\/span><\/p>\n<p><span class=\"opis-proizvoda\"><i class=\"fa-solid fa-circle-check check-opis-proizvoda\"><\/i>Sna\u017ena formula vi\u0161ih doza vitamina K2 i D3<\/span><br \/>\n<span class=\"opis-proizvoda\"><i class=\"fa-solid fa-circle-check check-opis-proizvoda\"><\/i>Doprinosi brzoj nadoknadi depoa vitamina D3, pove\u0107anju gustine kostiju i sna\u017enom imunitetu<\/span><br \/>\n<span class=\"opis-proizvoda\"><i class=\"fa-solid fa-circle-check check-opis-proizvoda\"><\/i>Prvi izbor za spre\u010davanje osteopenije i osteoporoze<\/span><\/p>\n","protected":false},"featured_media":243474,"comment_status":"open","ping_status":"closed","template":"","meta":{"_acf_changed":false},"product_brand":[],"product_cat":[133,75,101,148],"product_tag":[],"class_list":{"0":"post-243463","1":"product","2":"type-product","3":"status-publish","4":"has-post-thumbnail","6":"product_cat-akcije","7":"product_cat-kosti-zglobovi-i-misici","8":"product_cat-paketi","9":"product_cat-top-deal","10":"pa_promocija-poklon-dozator-za-lekove","12":"first","13":"outofstock","14":"shipping-taxable","15":"purchasable","16":"product-type-woosb"},"acf":[],"jetpack_sharing_enabled":true,"_links":{"self":[{"href":"https:\/\/abela.shop\/rs\/en\/wp-json\/wp\/v2\/product\/243463","targetHints":{"allow":["GET"]}}],"collection":[{"href":"https:\/\/abela.shop\/rs\/en\/wp-json\/wp\/v2\/product"}],"about":[{"href":"https:\/\/abela.shop\/rs\/en\/wp-json\/wp\/v2\/types\/product"}],"replies":[{"embeddable":true,"href":"https:\/\/abela.shop\/rs\/en\/wp-json\/wp\/v2\/comments?post=243463"}],"version-history":[{"count":21,"href":"https:\/\/abela.shop\/rs\/en\/wp-json\/wp\/v2\/product\/243463\/revisions"}],"predecessor-version":[{"id":258888,"href":"https:\/\/abela.shop\/rs\/en\/wp-json\/wp\/v2\/product\/243463\/revisions\/258888"}],"wp:featuredmedia":[{"embeddable":true,"href":"https:\/\/abela.shop\/rs\/en\/wp-json\/wp\/v2\/media\/243474"}],"wp:attachment":[{"href":"https:\/\/abela.shop\/rs\/en\/wp-json\/wp\/v2\/media?parent=243463"}],"wp:term":[{"taxonomy":"product_brand","embeddable":true,"href":"https:\/\/abela.shop\/rs\/en\/wp-json\/wp\/v2\/product_brand?post=243463"},{"taxonomy":"product_cat","embeddable":true,"href":"https:\/\/abela.shop\/rs\/en\/wp-json\/wp\/v2\/product_cat?post=243463"},{"taxonomy":"product_tag","embeddable":true,"href":"https:\/\/abela.shop\/rs\/en\/wp-json\/wp\/v2\/product_tag?post=243463"}],"curies":[{"name":"wp","href":"https:\/\/api.w.org\/{rel}","templated":true}]}}