{"id":248061,"date":"2025-08-01T14:01:55","date_gmt":"2025-08-01T12:01:55","guid":{"rendered":"https:\/\/abela.shop\/rs\/?post_type=product&#038;p=248061"},"modified":"2026-04-15T21:59:25","modified_gmt":"2026-04-15T20:59:25","slug":"plantoderm-eterna-collagen-krema-50ml","status":"publish","type":"product","link":"https:\/\/abela.shop\/rs\/en\/proizvod\/plantoderm-eterna-collagen-krema-50ml\/","title":{"rendered":"Plantoderm\u00ae Eterna Collagen krema za negu suve i zrele ko\u017ee 50ml"},"content":{"rendered":"<h2><\/h2>\n<p><strong>Plantoderm<sup>\u00ae<\/sup> Eterna Collagen krema<\/strong> u svom sastavu sadr\u017ei Maricol S \u2013 intaktni nativni morski kolagen koji se koristi za negu suve, zrele ko\u017ee.<br \/>\nOva krema sadr\u017ei i bademovo ulje bogato vitaminima, mineralima i nezasi\u0107enim masnim kiselinama zahvaljuju\u0107i \u010demu pru\u017ea za\u0161titu ko\u017ee od isu\u0161ivanja, omek\u0161ava je i neguje.<br \/>\nKrema je namenjena za dnevnu i no\u0107nu negu ko\u017ee lica i vrata i za\u0161titu od njenog prevremenog starenja.<\/p>\n<h2><strong>Namena proizvoda:<\/strong><\/h2>\n<p>Koristi se za dnevnu i no\u0107nu negu suve, dehidrirane i zrele ko\u017ee lica i vrata kojoj je potrebna elasti\u010dnost i intenzivna nega.<\/p>\n<h2><strong>Na\u010din upotrebe:<\/strong><\/h2>\n<p>Naneti ujutro i uve\u010de na dobro o\u010di\u0161\u0107enu ko\u017eu lica, vrata i dekoltea. Blago umasirati kremu kru\u017enim pokretima.<\/p>\n<h2><strong>Sastav proizvoda:<\/strong><\/h2>\n<p><em>Aqua, Prunus Amygdalus Dulcis Oil, Petrolatum, Soluble Collagen, Lanolin, Cholesterol, Dehydroacetic Acid, Benzyl Alcohol, BHT, Parfum, Citronellol, Hexyl Cinnamal, Linalool, Hydroxycitronellal, Isoeugenol, Geraniol, Trimethylbenzenepropanol<\/em><\/p>\n","protected":false},"excerpt":{"rendered":"<p><span class=\"opis-proizvoda\"><i class=\"fa-solid fa-circle-check check-opis-proizvoda\"><\/i>U sastavu ove kreme se nalazi Maricol S \u2013 intaktni nativni morski kolagen koji se koristi za negu suve, zrele ko\u017ee.<\/span><br \/>\n<span class=\"opis-proizvoda\"><i class=\"fa-solid fa-circle-check check-opis-proizvoda\"><\/i>Sadr\u017ei bademovo ulje bogato vitaminima, mineralima i nezasi\u0107enim masnim kiselinama zahvaljuju\u0107i \u010demu pru\u017ea za\u0161titu ko\u017ee od isu\u0161ivanja, omek\u0161ava je i neguje.<\/span><br \/>\n<span class=\"opis-proizvoda\"><i class=\"fa-solid fa-circle-check check-opis-proizvoda\"><\/i>Prijatnog mirisa na magnoliju<\/span><br \/>\n<span class=\"opis-proizvoda\"><i class=\"fa-solid fa-circle-check check-opis-proizvoda\"><\/i>Bogata tekstura, koristi se za dnevnu i no\u0107nu negu ko\u017ee lica i vrata<\/span><br \/>\n<span class=\"opis-proizvoda\"><i class=\"fa-solid fa-circle-check check-opis-proizvoda\"><\/i>Za\u0161tita od prevremenog starenja ko\u017ee<\/span><\/p>\n","protected":false},"featured_media":248108,"comment_status":"open","ping_status":"closed","template":"","meta":{"_acf_changed":false},"product_brand":[],"product_cat":[125],"product_tag":[],"class_list":{"0":"post-248061","1":"product","2":"type-product","3":"status-publish","4":"has-post-thumbnail","6":"product_cat-lepota","8":"first","9":"instock","10":"sale","11":"shipping-taxable","12":"purchasable","13":"product-type-simple"},"acf":[],"jetpack_sharing_enabled":true,"_links":{"self":[{"href":"https:\/\/abela.shop\/rs\/en\/wp-json\/wp\/v2\/product\/248061","targetHints":{"allow":["GET"]}}],"collection":[{"href":"https:\/\/abela.shop\/rs\/en\/wp-json\/wp\/v2\/product"}],"about":[{"href":"https:\/\/abela.shop\/rs\/en\/wp-json\/wp\/v2\/types\/product"}],"replies":[{"embeddable":true,"href":"https:\/\/abela.shop\/rs\/en\/wp-json\/wp\/v2\/comments?post=248061"}],"version-history":[{"count":20,"href":"https:\/\/abela.shop\/rs\/en\/wp-json\/wp\/v2\/product\/248061\/revisions"}],"predecessor-version":[{"id":256926,"href":"https:\/\/abela.shop\/rs\/en\/wp-json\/wp\/v2\/product\/248061\/revisions\/256926"}],"wp:featuredmedia":[{"embeddable":true,"href":"https:\/\/abela.shop\/rs\/en\/wp-json\/wp\/v2\/media\/248108"}],"wp:attachment":[{"href":"https:\/\/abela.shop\/rs\/en\/wp-json\/wp\/v2\/media?parent=248061"}],"wp:term":[{"taxonomy":"product_brand","embeddable":true,"href":"https:\/\/abela.shop\/rs\/en\/wp-json\/wp\/v2\/product_brand?post=248061"},{"taxonomy":"product_cat","embeddable":true,"href":"https:\/\/abela.shop\/rs\/en\/wp-json\/wp\/v2\/product_cat?post=248061"},{"taxonomy":"product_tag","embeddable":true,"href":"https:\/\/abela.shop\/rs\/en\/wp-json\/wp\/v2\/product_tag?post=248061"}],"curies":[{"name":"wp","href":"https:\/\/api.w.org\/{rel}","templated":true}]}}