{"id":248066,"date":"2025-08-01T14:19:57","date_gmt":"2025-08-01T12:19:57","guid":{"rendered":"https:\/\/abela.shop\/rs\/?post_type=product&#038;p=248066"},"modified":"2026-04-15T21:59:25","modified_gmt":"2026-04-15T20:59:25","slug":"plantoderm-eterna-hyaluron-krema-50ml","status":"publish","type":"product","link":"https:\/\/abela.shop\/rs\/en\/proizvod\/plantoderm-eterna-hyaluron-krema-50ml\/","title":{"rendered":"Plantoderm\u00ae Eterna Hyaluron krema sa anti-age efektom 50ml"},"content":{"rendered":"<h2><\/h2>\n<p><strong>Plantoderm<sup>\u00ae<\/sup> Eterna Hyaluron krema <\/strong>pogodna je za negu suve, dehidrirane ko\u017ee lica i vrata.<br \/>\nOva krema je bogata uljima ploda divlje ru\u017ee i argana poznatih po svojstvima da obnavljaju lipidnu barijeru ko\u017ee.<br \/>\nDekspantenol umiruje i regeneri\u0161e ko\u017eu, dok hijaluronska kiselina hidrira ko\u017eu i poma\u017ee u smanjenju vidljivosti bora na licu i vratu.<\/p>\n<p>Krema je namenjena za dnevnu i no\u0107nu negu ko\u017ee lica i vrata.<\/p>\n<h2><strong>Namena:<\/strong><\/h2>\n<p>Koristi se za dnevnu i no\u0107nu negu suve, dehidrirane ko\u017ee lica i vrata. Poma\u017ee u smanjenju vidljivosti bora.<\/p>\n<h2><strong>Na\u010din upotrebe:<\/strong><\/h2>\n<p>Naneti ujutro i uve\u010de na dobro o\u010di\u0161\u0107enu ko\u017eu lica, vrata i dekoltea. Blago umasirati kremu kru\u017enim pokretima.<\/p>\n<h2><strong>Sastav proizvoda:<\/strong><\/h2>\n<p><em>Aqua, Argania Spinosa Kernel Oil, Potassium Olivoyl Hydrolyzed Oat Protein, Cetearyl Alcohol, Glyceryl Oleate, Glyceryl Stearate, Rosa Canina Fruit Oil, Coco-Caprylate, Dimethicone, Glycerin, Panthenol, Sodium Acrylate\/Sodium Acryloyldimethyl Taurate Copolymer, Isohexadecane, Polysorbate 80, Dehydroacetic Acid, Benzyl Alcohol, Sodium Hyaluronate, Parfum, Citronellol, Hexyl Cinnamal, Linalool, Hydroxycitronellal, Isoeugenol, Geraniol, Trimethylbenzenepropanol<\/em><\/p>\n","protected":false},"excerpt":{"rendered":"<p><span class=\"opis-proizvoda\"><i class=\"fa-solid fa-circle-check check-opis-proizvoda\"><\/i>Sadr\u017ei hijaluronsku kiselinu koja hidrira ko\u017eu i poma\u017ee u smanjenju vidljivosti bora<\/span><br \/>\n<span class=\"opis-proizvoda\"><i class=\"fa-solid fa-circle-check check-opis-proizvoda\"><\/i>Bogata uljima ploda divlje ru\u017ee i argana poznatih po svojstvima da obnavljaju lipidnu barijeru ko\u017ee i \u0161tite je od isu\u0161ivanja<\/span><br \/>\n<span class=\"opis-proizvoda\"><i class=\"fa-solid fa-circle-check check-opis-proizvoda\"><\/i>Sadr\u017ei i dekspantenol koji umiruje i regeneri\u0161e ko\u017e<\/span><br \/>\n<span class=\"opis-proizvoda\"><i class=\"fa-solid fa-circle-check check-opis-proizvoda\"><\/i>Prijatnog mirisa na magnoliju<\/span><br \/>\n<span class=\"opis-proizvoda\"><i class=\"fa-solid fa-circle-check check-opis-proizvoda\"><\/i>Pogodna za suvu i dehidriranu ko\u017eu<\/span><br \/>\n<span class=\"opis-proizvoda\"><i class=\"fa-solid fa-circle-check check-opis-proizvoda\"><\/i>Idealna za lice i vrat, za dnevnu i no\u0107nu negu<\/span><\/p>\n","protected":false},"featured_media":248096,"comment_status":"open","ping_status":"closed","template":"","meta":{"_acf_changed":false},"product_brand":[],"product_cat":[125],"product_tag":[],"class_list":{"0":"post-248066","1":"product","2":"type-product","3":"status-publish","4":"has-post-thumbnail","6":"product_cat-lepota","8":"first","9":"instock","10":"sale","11":"featured","12":"shipping-taxable","13":"purchasable","14":"product-type-simple"},"acf":[],"jetpack_sharing_enabled":true,"_links":{"self":[{"href":"https:\/\/abela.shop\/rs\/en\/wp-json\/wp\/v2\/product\/248066","targetHints":{"allow":["GET"]}}],"collection":[{"href":"https:\/\/abela.shop\/rs\/en\/wp-json\/wp\/v2\/product"}],"about":[{"href":"https:\/\/abela.shop\/rs\/en\/wp-json\/wp\/v2\/types\/product"}],"replies":[{"embeddable":true,"href":"https:\/\/abela.shop\/rs\/en\/wp-json\/wp\/v2\/comments?post=248066"}],"version-history":[{"count":19,"href":"https:\/\/abela.shop\/rs\/en\/wp-json\/wp\/v2\/product\/248066\/revisions"}],"predecessor-version":[{"id":256924,"href":"https:\/\/abela.shop\/rs\/en\/wp-json\/wp\/v2\/product\/248066\/revisions\/256924"}],"wp:featuredmedia":[{"embeddable":true,"href":"https:\/\/abela.shop\/rs\/en\/wp-json\/wp\/v2\/media\/248096"}],"wp:attachment":[{"href":"https:\/\/abela.shop\/rs\/en\/wp-json\/wp\/v2\/media?parent=248066"}],"wp:term":[{"taxonomy":"product_brand","embeddable":true,"href":"https:\/\/abela.shop\/rs\/en\/wp-json\/wp\/v2\/product_brand?post=248066"},{"taxonomy":"product_cat","embeddable":true,"href":"https:\/\/abela.shop\/rs\/en\/wp-json\/wp\/v2\/product_cat?post=248066"},{"taxonomy":"product_tag","embeddable":true,"href":"https:\/\/abela.shop\/rs\/en\/wp-json\/wp\/v2\/product_tag?post=248066"}],"curies":[{"name":"wp","href":"https:\/\/api.w.org\/{rel}","templated":true}]}}