{"id":248071,"date":"2025-08-01T14:38:09","date_gmt":"2025-08-01T12:38:09","guid":{"rendered":"https:\/\/abela.shop\/rs\/?post_type=product&#038;p=248071"},"modified":"2026-04-15T21:59:25","modified_gmt":"2026-04-15T20:59:25","slug":"plantoderm-b5-dermacare-krema-50ml","status":"publish","type":"product","link":"https:\/\/abela.shop\/rs\/en\/proizvod\/plantoderm-b5-dermacare-krema-50ml\/","title":{"rendered":"Plantoderm\u00ae B5 DermaCare univerzalna krema za obnovu ko\u017ee 50ml"},"content":{"rendered":"<p><strong>Plantoderm<sup>\u00ae<\/sup> B5 DermaCare krema<\/strong> sadr\u017ei dekspantenol (provitamin B5) i alantoin, koji deluju regenerativno na ko\u017eu i poma\u017eu u obnovi njene strukture. Formulacija je oboga\u0107ena i \u0161i buterom poznatom po svojstvu da ko\u017eu \u010dini mekom, da doprinosi hidrataciji i za\u0161titi ko\u017ee od spolja\u0161njih uticaja. Pogodna je za svakodnevnu negu lica i tela.<\/p>\n<h2><strong>Namena proizvoda:<\/strong><\/h2>\n<p>Hrani i \u0161titi ko\u017eu od isu\u0161ivanja i poma\u017ee njeno obnavljanje.<br \/>\nPogodna za sve tipove ko\u017ee, posebno za suvu ko\u017eu.<\/p>\n<h2><strong>Sastav proizvoda:<\/strong><\/h2>\n<p><em>Aqua, Paraffinum Liquidum, Butyrospermum Parkii Butter, Dimethicone, Glycerin, Sorbitan Stearate, Cetyl Alcohol, Glyceryl Stearate, PEG-100 Stearate, Coco-Caprylate, Dehydroacetic Acid, Benzyl Alcohol, Allantoin, Panthenol, Tocopheryl Acetate, Propylene Glycol, Citric Acid, Disodium EDTA, Acrylates\/C10-30 Alkyl Acrylate Crosspolymer, Parfum, Xanthan Gum, Tetramethyl Acetyloctahydronaphthalenes, Hexamethylindanopyran, Linalyl Acetate, Geranyl Acetate, Beta-Caryophyllene<\/em><\/p>\n<h2><strong>Na\u010din upotrebe:<\/strong><\/h2>\n<p>Naneti na ko\u017eu lica i tela, po potrebi jedan do dva puta dnevno. Blago umasirati kremu kru\u017enim pokretima.<\/p>\n","protected":false},"excerpt":{"rendered":"<p><span class=\"opis-proizvoda\"><i class=\"fa-solid fa-circle-check check-opis-proizvoda\"><\/i>Univerzalna krema za obnavljanje ko\u017ee i za\u0161titu njene barijere<\/span><br \/>\n<span class=\"opis-proizvoda\"><i class=\"fa-solid fa-circle-check check-opis-proizvoda\"><\/i>Bogata,hranljiva tekstura koja intenzivno hidrira i umiruje ko\u017e<\/span><br \/>\n<span class=\"opis-proizvoda\"><i class=\"fa-solid fa-circle-check check-opis-proizvoda\"><\/i>Sadr\u017ei dekspantenol (provitamin B5) i alantoin koji deluju regenerativno na ko\u017eu i poma\u017eu u obnovi njene strukture.<\/span><br \/>\n<span class=\"opis-proizvoda\"><i class=\"fa-solid fa-circle-check check-opis-proizvoda\"><\/i>Formulacija je oboga\u0107ena i \u0161i buterom poznatom po svojstvu da hrani ko\u017eu i \u010dini je mekom<\/span><br \/>\n<span class=\"opis-proizvoda\"><i class=\"fa-solid fa-circle-check check-opis-proizvoda\"><\/i>Pogodna za svakodnevnu negu suve ko\u017ee lica i tela<\/span><br \/>\n<span class=\"opis-proizvoda\"><i class=\"fa-solid fa-circle-check check-opis-proizvoda\"><\/i>Idealna za periode hladnog vremena<\/span><\/p>\n","protected":false},"featured_media":248094,"comment_status":"open","ping_status":"closed","template":"","meta":{"_acf_changed":false},"product_brand":[],"product_cat":[125],"product_tag":[],"class_list":{"0":"post-248071","1":"product","2":"type-product","3":"status-publish","4":"has-post-thumbnail","6":"product_cat-lepota","8":"first","9":"instock","10":"sale","11":"shipping-taxable","12":"purchasable","13":"product-type-simple"},"acf":[],"jetpack_sharing_enabled":true,"_links":{"self":[{"href":"https:\/\/abela.shop\/rs\/en\/wp-json\/wp\/v2\/product\/248071","targetHints":{"allow":["GET"]}}],"collection":[{"href":"https:\/\/abela.shop\/rs\/en\/wp-json\/wp\/v2\/product"}],"about":[{"href":"https:\/\/abela.shop\/rs\/en\/wp-json\/wp\/v2\/types\/product"}],"replies":[{"embeddable":true,"href":"https:\/\/abela.shop\/rs\/en\/wp-json\/wp\/v2\/comments?post=248071"}],"version-history":[{"count":19,"href":"https:\/\/abela.shop\/rs\/en\/wp-json\/wp\/v2\/product\/248071\/revisions"}],"predecessor-version":[{"id":256927,"href":"https:\/\/abela.shop\/rs\/en\/wp-json\/wp\/v2\/product\/248071\/revisions\/256927"}],"wp:featuredmedia":[{"embeddable":true,"href":"https:\/\/abela.shop\/rs\/en\/wp-json\/wp\/v2\/media\/248094"}],"wp:attachment":[{"href":"https:\/\/abela.shop\/rs\/en\/wp-json\/wp\/v2\/media?parent=248071"}],"wp:term":[{"taxonomy":"product_brand","embeddable":true,"href":"https:\/\/abela.shop\/rs\/en\/wp-json\/wp\/v2\/product_brand?post=248071"},{"taxonomy":"product_cat","embeddable":true,"href":"https:\/\/abela.shop\/rs\/en\/wp-json\/wp\/v2\/product_cat?post=248071"},{"taxonomy":"product_tag","embeddable":true,"href":"https:\/\/abela.shop\/rs\/en\/wp-json\/wp\/v2\/product_tag?post=248071"}],"curies":[{"name":"wp","href":"https:\/\/api.w.org\/{rel}","templated":true}]}}