{"id":248073,"date":"2025-08-01T14:42:40","date_gmt":"2025-08-01T12:42:40","guid":{"rendered":"https:\/\/abela.shop\/rs\/?post_type=product&#038;p=248073"},"modified":"2026-04-15T21:59:25","modified_gmt":"2026-04-15T20:59:25","slug":"plantoderm-essence-orange-immortelle-krema-30ml","status":"publish","type":"product","link":"https:\/\/abela.shop\/rs\/en\/proizvod\/plantoderm-essence-orange-immortelle-krema-30ml\/","title":{"rendered":"Plantoderm\u00ae Essence Orange &#038; Immortelle hidratantna krema 30ml"},"content":{"rendered":"<h2><\/h2>\n<p><strong>Plantoderm<sup>\u00ae<\/sup> Essence Orange &amp; Immortelle krema<\/strong> sadr\u017ei ulja badema, smilja i pomorand\u017ee koja se mogu dobiti u klimi tople mediteranske regije.<br \/>\nZahvaljuju\u0107i kompleksu prirodnih hidratantnih sastojaka i bademovog ulja, pru\u017ea dehidriranoj ko\u017ei sve\u017einu, meko\u0107u i bar\u0161unasti ose\u0107aj nakon nano\u0161enja.<br \/>\nPrirodni hidratantni sastojci privla\u010de vlagu i zadr\u017eavaju je na povr\u0161ini ko\u017ee \u010dime pobolj\u0161avaju njenu hidrataciju.<br \/>\nBademovo ulje omek\u0161ava i hrani ko\u017eu.<br \/>\nPogodna je za dnevnu i no\u0107nu negu lica i vrata.<\/p>\n<h2><strong>Namena:<\/strong><\/h2>\n<p>\u0160titi ko\u017eu od isu\u0161ivanja i odr\u017eava je vla\u017enom. Pogodna za sve tipove ko\u017ee<\/p>\n<h2><strong>Na\u010din upotrebe:<\/strong><\/h2>\n<p>Naneti ujutro i uve\u010de na o\u010di\u0161\u0107enu ko\u017eu lica i vrata. Blago umasirati kremu kru\u017enim pokretima.<\/p>\n<h2><strong>Sastav proizvoda:<\/strong><\/h2>\n<p><em>Aqua, Prunus Amygdalus Dulcis Oil, Sodium Acrylate\/Sodium Acryloyldimethyl Taurate Copolymer, Isohexadecane, Polysorbate 80, Hexylene Glycol, Fructose, Glucose, Sucrose, Urea, Dextrin, Alanine, Glutamic Acid, Aspartic Acid, Hexyl Nicotinate, Citrus Aurantium Dulcis Peel Oil, Helichrysum Italicum Oil, Dehydroacetic Acid, Benzyl Alcohol, Dimethicone, Limonene, Linalool, Citral<\/em><\/p>\n","protected":false},"excerpt":{"rendered":"<p><span class=\"opis-proizvoda\"><i class=\"fa-solid fa-circle-check check-opis-proizvoda\"><\/i>Pru\u017ea dehidriranoj ko\u017ei sve\u017einu, meko\u0107u i bar\u0161unasti ose\u0107aj nakon nano\u0161enja<\/span><br \/>\n<span class=\"opis-proizvoda\"><i class=\"fa-solid fa-circle-check check-opis-proizvoda\"><\/i>Sadr\u017ei ulje badema koje je bogato brojnim mineralima i nezasi\u0107enim masnim kiselinama za negu i omek\u0161avanje ko\u017e<\/span><br \/>\n<span class=\"opis-proizvoda\"><i class=\"fa-solid fa-circle-check check-opis-proizvoda\"><\/i>Prirodni hidratantni kompleks, koji sadr\u017ei aminokiseline, \u0161e\u0107ere i ureu, uspe\u0161no \u0161titi ko\u017eu od isu\u0161ivanja i odr\u017eava je vla\u017enom<\/span><br \/>\n<span class=\"opis-proizvoda\"><i class=\"fa-solid fa-circle-check check-opis-proizvoda\"><\/i>Eteri\u010dno ulje pomorand\u017ee poznato je po svojstvu da osve\u017eava ten i da prijatno deluje na \u010dula<\/span><br \/>\n<span class=\"opis-proizvoda\"><i class=\"fa-solid fa-circle-check check-opis-proizvoda\"><\/i>Eteri\u010dno ulje smilja poznato je po regenerativnom i anti-age dejstvu na ko\u017eu<\/span><br \/>\n<span class=\"opis-proizvoda\"><i class=\"fa-solid fa-circle-check check-opis-proizvoda\"><\/i>Prijatne teksture , brzo se upija i ne ostavlja mastan trag<\/span><br \/>\n<span class=\"opis-proizvoda\"><i class=\"fa-solid fa-circle-check check-opis-proizvoda\"><\/i>Pogodna je za dnevnu i no\u0107nu negu lica i vrata<\/span><br \/>\n&gt;<\/p>\n","protected":false},"featured_media":248104,"comment_status":"open","ping_status":"closed","template":"","meta":{"_acf_changed":false},"product_brand":[],"product_cat":[125],"product_tag":[],"class_list":{"0":"post-248073","1":"product","2":"type-product","3":"status-publish","4":"has-post-thumbnail","6":"product_cat-lepota","8":"first","9":"instock","10":"sale","11":"shipping-taxable","12":"purchasable","13":"product-type-simple"},"acf":[],"jetpack_sharing_enabled":true,"_links":{"self":[{"href":"https:\/\/abela.shop\/rs\/en\/wp-json\/wp\/v2\/product\/248073","targetHints":{"allow":["GET"]}}],"collection":[{"href":"https:\/\/abela.shop\/rs\/en\/wp-json\/wp\/v2\/product"}],"about":[{"href":"https:\/\/abela.shop\/rs\/en\/wp-json\/wp\/v2\/types\/product"}],"replies":[{"embeddable":true,"href":"https:\/\/abela.shop\/rs\/en\/wp-json\/wp\/v2\/comments?post=248073"}],"version-history":[{"count":25,"href":"https:\/\/abela.shop\/rs\/en\/wp-json\/wp\/v2\/product\/248073\/revisions"}],"predecessor-version":[{"id":260539,"href":"https:\/\/abela.shop\/rs\/en\/wp-json\/wp\/v2\/product\/248073\/revisions\/260539"}],"wp:featuredmedia":[{"embeddable":true,"href":"https:\/\/abela.shop\/rs\/en\/wp-json\/wp\/v2\/media\/248104"}],"wp:attachment":[{"href":"https:\/\/abela.shop\/rs\/en\/wp-json\/wp\/v2\/media?parent=248073"}],"wp:term":[{"taxonomy":"product_brand","embeddable":true,"href":"https:\/\/abela.shop\/rs\/en\/wp-json\/wp\/v2\/product_brand?post=248073"},{"taxonomy":"product_cat","embeddable":true,"href":"https:\/\/abela.shop\/rs\/en\/wp-json\/wp\/v2\/product_cat?post=248073"},{"taxonomy":"product_tag","embeddable":true,"href":"https:\/\/abela.shop\/rs\/en\/wp-json\/wp\/v2\/product_tag?post=248073"}],"curies":[{"name":"wp","href":"https:\/\/api.w.org\/{rel}","templated":true}]}}