{"id":249477,"date":"2025-08-12T16:26:17","date_gmt":"2025-08-12T14:26:17","guid":{"rendered":"https:\/\/abela.shop\/rs\/?post_type=product&#038;p=249477"},"modified":"2026-04-15T21:59:25","modified_gmt":"2026-04-15T20:59:25","slug":"plantoderm-fresh-kiss-paket","status":"publish","type":"product","link":"https:\/\/abela.shop\/rs\/en\/proizvod\/plantoderm-fresh-kiss-paket\/","title":{"rendered":"Plantoderm\u00ae Fresh Kiss paket"},"content":{"rendered":"<h2><strong>Opis paketa:<\/strong><\/h2>\n<p>Unesi sve\u017einu u svoju rutinu uz citrusnu aromu mediteranske pomorand\u017ee i smilja. <strong>Fresh Kiss paket<\/strong> hidrira, omek\u0161ava i <a href=\"https:\/\/bivits.com\/proizvod\/collagen-tripeptid-paket\/\" target=\"_blank\" rel=\"noopener\"><strong>obnavlja ko\u017eu<\/strong><\/a> tokom dana, dok <strong>B5 DermaCare krema<\/strong> no\u0107u ja\u010da njenu barijeru i umiruje. Citrus za energiju. Smilje za <a href=\"https:\/\/abela.shop\/rs\/proizvod\/bivits-activa-rejuvenage-60-tableta\/\"><strong>anti-age<\/strong><\/a> efekat. B5 za ravnote\u017eu. Sve \u0161to tvojoj ko\u017ei treba danju i no\u0107u.<\/p>\n<h2><strong>Sastav paketa:<\/strong><\/h2>\n<p>\u2022 <strong>Plantoderm\u00ae B5 DermaCare krema 50ml<\/strong> \u2013 regenerativna krema sa dekspantenolom i alantoinom<br \/>\n\u2022 <strong>Plantoderm\u00ae Essence Orange &amp; Immortelle krema 50ml<\/strong> \u2013 dnevna krema sa etarskim uljima mediteranske narand\u017ee i smilja, bademovim uljem i kompleksom prirodnih ovla\u017eiva\u010da ko\u017ee.<\/p>\n<h2><strong>Benefiti paketa: <\/strong><\/h2>\n<p>\u2022 Intenzivna hidratacija i antioksidativna za\u0161tita<br \/>\n\u2022 Umiruju\u0107i i regenerativni efekat dekspantenola<br \/>\n\u2022 Osve\u017eavaju\u0107i miris citrusne narand\u017ee za podizanje raspolo\u017eenja<br \/>\n\u2022 Etarsko ulje smilja za revitalizaciju i anti-age efekat<br \/>\n\u2022 Lagana tekstura, brzo se upija<br \/>\n\u2022 Pogodno za suvu, normalnu i kombinovanu ko\u017eu<br \/>\n\u2022 Bez parabena i ve\u0161ta\u010dkih boja<\/p>\n<h2><strong>Na\u010din upotrebe:<\/strong><\/h2>\n<p>\u2022 Ujutru: naneti <strong>Essence Orange &amp; Immortelle kremu<\/strong> na \u010disto lice i vrat.<br \/>\n\u2022 Uve\u010de: naneti <strong>B5 DermaCare<\/strong> kao no\u0107nu negu na o\u010di\u0161\u0107eno lice i vrat..<\/p>\n","protected":false},"excerpt":{"rendered":"<p>Letnji paket za ko\u017eu kojoj je potrebna hidratacija, osve\u017eenje i regeneracija.<\/p>\n<p><span class=\"opis-proizvoda\"><i class=\"fa-solid fa-circle-check check-opis-proizvoda\"><\/i>Idealna kombinacija za dehidriranu, umornu i ko\u017eu bez sjaja tokom toplih dana.<\/span><br \/>\n<span class=\"opis-proizvoda\"><i class=\"fa-solid fa-circle-check check-opis-proizvoda\"><\/i>B5 i alantoin regeneri\u0161u i umiruju ko\u017eu preko no\u0107i.<\/span><br \/>\n<span class=\"opis-proizvoda\"><i class=\"fa-solid fa-circle-check check-opis-proizvoda\"><\/i>Etarsko ulje mediteranske pomorand\u017ee osve\u017eava ten, dok etarsko ulje smilja stimuli\u0161e obnovu ko\u017ee.<\/span><br \/>\n<span class=\"opis-proizvoda\"><i class=\"fa-solid fa-circle-check check-opis-proizvoda\"><\/i>Dnevna krema \u0161titi od isu\u0161ivanja i vra\u0107a prirodan sjaj.<\/span><br \/>\n<span class=\"opis-proizvoda\"><i class=\"fa-solid fa-circle-check check-opis-proizvoda\"><\/i>Bez parabena i ve\u0161ta\u010dkih boja<\/span><\/p>\n<p><strong> Dostupan samo u online ponudi! <\/strong><\/p>\n","protected":false},"featured_media":249986,"comment_status":"open","ping_status":"closed","template":"","meta":{"_acf_changed":false},"product_brand":[],"product_cat":[101,125,148],"product_tag":[],"class_list":{"0":"post-249477","1":"product","2":"type-product","3":"status-publish","4":"has-post-thumbnail","6":"product_cat-paketi","7":"product_cat-lepota","8":"product_cat-top-deal","9":"pa_promocija-masazer-za-lice","11":"first","12":"instock","13":"sale","14":"featured","15":"shipping-taxable","16":"purchasable","17":"product-type-simple"},"acf":[],"jetpack_sharing_enabled":true,"_links":{"self":[{"href":"https:\/\/abela.shop\/rs\/en\/wp-json\/wp\/v2\/product\/249477","targetHints":{"allow":["GET"]}}],"collection":[{"href":"https:\/\/abela.shop\/rs\/en\/wp-json\/wp\/v2\/product"}],"about":[{"href":"https:\/\/abela.shop\/rs\/en\/wp-json\/wp\/v2\/types\/product"}],"replies":[{"embeddable":true,"href":"https:\/\/abela.shop\/rs\/en\/wp-json\/wp\/v2\/comments?post=249477"}],"version-history":[{"count":16,"href":"https:\/\/abela.shop\/rs\/en\/wp-json\/wp\/v2\/product\/249477\/revisions"}],"predecessor-version":[{"id":256932,"href":"https:\/\/abela.shop\/rs\/en\/wp-json\/wp\/v2\/product\/249477\/revisions\/256932"}],"wp:featuredmedia":[{"embeddable":true,"href":"https:\/\/abela.shop\/rs\/en\/wp-json\/wp\/v2\/media\/249986"}],"wp:attachment":[{"href":"https:\/\/abela.shop\/rs\/en\/wp-json\/wp\/v2\/media?parent=249477"}],"wp:term":[{"taxonomy":"product_brand","embeddable":true,"href":"https:\/\/abela.shop\/rs\/en\/wp-json\/wp\/v2\/product_brand?post=249477"},{"taxonomy":"product_cat","embeddable":true,"href":"https:\/\/abela.shop\/rs\/en\/wp-json\/wp\/v2\/product_cat?post=249477"},{"taxonomy":"product_tag","embeddable":true,"href":"https:\/\/abela.shop\/rs\/en\/wp-json\/wp\/v2\/product_tag?post=249477"}],"curies":[{"name":"wp","href":"https:\/\/api.w.org\/{rel}","templated":true}]}}