{"id":257315,"date":"2025-10-21T09:45:02","date_gmt":"2025-10-21T07:45:02","guid":{"rendered":"https:\/\/abela.shop\/rs\/?post_type=product&#038;p=257315"},"modified":"2026-04-15T23:59:23","modified_gmt":"2026-04-15T22:59:23","slug":"herbafast-healthy-fit-paket-limun","status":"publish","type":"product","link":"https:\/\/abela.shop\/rs\/en\/proizvod\/herbafast-healthy-fit-paket-limun\/","title":{"rendered":"Herbafast\u00ae Healthy &#038; Fit paket \u2013 limun"},"content":{"rendered":"<p><strong>Herbafast\u00ae HEALTHY &amp; FIT PAKET \u2013 LIMUN <\/strong>je pa\u017eljivo osmi\u0161ljen paket za 30 dana koji vodi kroz tri faze: <strong><a href=\"https:\/\/bivits.com\/proizvod\/cista-snaga-organizma\/\" target=\"_blank\" rel=\"noopener\">detoksikaciju<\/a><\/strong>, regulisanje metabolizma masti i ugljenih hidrata i dugoro\u010dno odr\u017eavanje rezultata postizanja zdravog i fit izgleda.<\/p>\n<p>\u00b7 Prvih 10 dana podsti\u010de se eliminacija toksina i vi\u0161ka vode iz organizma, zatim se pospe\u0161uje regulacija metabolizma masti i <a href=\"https:\/\/abela.shop\/rs\/proizvod\/bivits-activa-hrom-60-tableta\/\"><strong>ugljenih hidrata<\/strong><\/a>, a u potom se odr\u017eava kontrola apetita i postignuti rezultati u cilju postizanja zdravog i fit izgleda.<\/p>\n<p>\u00b7 Paket dolazi sa li\u010dnim planom ishrane prilago\u0111enim individualnim potrebama<\/p>\n<h2>Sastav paketa:<\/h2>\n<p>\u00b7 1x Herbafast\u00ae Detox<\/p>\n<p>\u00b7 1x Herbafast\u00ae Lady<\/p>\n<p>\u00b7 2x Herbafast\u00ae Fiber LIMUN<\/p>\n<p>+ GRATIS 1x Herbafast\u00ae Avantgarde Mineral Biotic<\/p>\n<p>+ GRATIS li\u010dni plan ishrane<\/p>\n<h2>Na\u010din upotrebe:<\/h2>\n<p><strong>Faza 1 (1\u201310. dan):<\/strong><\/p>\n<p>Herbafast\u00ae Detox: 1 tableta ujutru, uz pove\u0107ani unos vode.<\/p>\n<p><strong>Faza 2 (11\u201320. dan):<\/strong><\/p>\n<p>Herbafast\u00ae Lady: 1 kapsula ujutru, pola sata pre jela.<\/p>\n<p>Herbafast\u00ae Fiber LIMUN: razmutiti u \u010da\u0161i vode, pola sata pre obilnijeg obroka (ru\u010dak ili ve\u010dera). Nakon toga popiti jo\u0161 1 \u010da\u0161u vode. Prva tri dana primene proizvoda uzimati po jednu kesicu dnevno, nakon toga uzimati jednu do dve kesice dnevno.<\/p>\n<p><strong>Faza 3 (21\u201330. dan):<\/strong><\/p>\n<p>Herbafast\u00ae Avantgarde Mineral Biotic: 1 kapsula ujutru, pre jela.<\/p>\n<p>Herbafast\u00ae Fiber LIMUN: razmutiti u \u010da\u0161i vode, pola sata pre obilnijeg obroka. Nakon toga popiti jo\u0161 1 \u010da\u0161u vode. Prva tri dana primene proizvoda uzimati po jednu kesicu dnevno, nakon toga uzimati jednu do dve kesice dnevno.<\/p>\n","protected":false},"excerpt":{"rendered":"<p><span class=\"opis-proizvoda\"><i class=\"fa-solid fa-circle-check check-opis-proizvoda\"><\/i> Kombinacija Herbafast\u00ae proizvoda za detoksikaciju, podr\u0161ku regulaciji metabolizma masti i ugljenih hidrata, i kontrolu apetita<\/span><br \/>\n<span class=\"opis-proizvoda\"><i class=\"fa-solid fa-circle-check check-opis-proizvoda\"><\/i> Zdrava regulacija te\u017eine i fit izgled tokom cele godine<\/span><br \/>\n<span class=\"opis-proizvoda\"><i class=\"fa-solid fa-circle-check check-opis-proizvoda\"><\/i> Plus personalizovan plan ishrane <\/span><\/p>\n","protected":false},"featured_media":257316,"comment_status":"open","ping_status":"closed","template":"","meta":{"_acf_changed":false},"product_brand":[],"product_cat":[101,90],"product_tag":[],"class_list":{"0":"post-257315","1":"product","2":"type-product","3":"status-publish","4":"has-post-thumbnail","6":"product_cat-paketi","7":"product_cat-regulisanje-telesne-tezine","9":"first","10":"instock","11":"sale","12":"shipping-taxable","13":"purchasable","14":"product-type-simple"},"acf":[],"jetpack_sharing_enabled":true,"_links":{"self":[{"href":"https:\/\/abela.shop\/rs\/en\/wp-json\/wp\/v2\/product\/257315","targetHints":{"allow":["GET"]}}],"collection":[{"href":"https:\/\/abela.shop\/rs\/en\/wp-json\/wp\/v2\/product"}],"about":[{"href":"https:\/\/abela.shop\/rs\/en\/wp-json\/wp\/v2\/types\/product"}],"replies":[{"embeddable":true,"href":"https:\/\/abela.shop\/rs\/en\/wp-json\/wp\/v2\/comments?post=257315"}],"version-history":[{"count":1,"href":"https:\/\/abela.shop\/rs\/en\/wp-json\/wp\/v2\/product\/257315\/revisions"}],"predecessor-version":[{"id":257318,"href":"https:\/\/abela.shop\/rs\/en\/wp-json\/wp\/v2\/product\/257315\/revisions\/257318"}],"wp:featuredmedia":[{"embeddable":true,"href":"https:\/\/abela.shop\/rs\/en\/wp-json\/wp\/v2\/media\/257316"}],"wp:attachment":[{"href":"https:\/\/abela.shop\/rs\/en\/wp-json\/wp\/v2\/media?parent=257315"}],"wp:term":[{"taxonomy":"product_brand","embeddable":true,"href":"https:\/\/abela.shop\/rs\/en\/wp-json\/wp\/v2\/product_brand?post=257315"},{"taxonomy":"product_cat","embeddable":true,"href":"https:\/\/abela.shop\/rs\/en\/wp-json\/wp\/v2\/product_cat?post=257315"},{"taxonomy":"product_tag","embeddable":true,"href":"https:\/\/abela.shop\/rs\/en\/wp-json\/wp\/v2\/product_tag?post=257315"}],"curies":[{"name":"wp","href":"https:\/\/api.w.org\/{rel}","templated":true}]}}