{"id":258026,"date":"2025-11-13T15:07:44","date_gmt":"2025-11-13T13:07:44","guid":{"rendered":"https:\/\/abela.shop\/rs\/?post_type=product&#038;p=258026"},"modified":"2025-12-26T08:57:11","modified_gmt":"2025-12-26T07:57:11","slug":"exedol-zglobex-paket","status":"publish","type":"product","link":"https:\/\/abela.shop\/rs\/en\/proizvod\/exedol-zglobex-paket\/","title":{"rendered":"EXEDOL\u00ae ZGLOBEX paket"},"content":{"rendered":"","protected":false},"excerpt":{"rendered":"<p><span class=\"opis-proizvoda\"><i class=\"fa-solid fa-circle-check check-opis-proizvoda\"><\/i>Bioaktivni kompleks koji efikasno smanjuje i olak\u0161ava bolove u mi\u0161i\u0107ima i kostima<\/span><br \/>\n<span class=\"opis-proizvoda\"><i class=\"fa-solid fa-circle-check check-opis-proizvoda\"><\/i>Poma\u017ee u smanjenju uko\u010denosti i pobolj\u0161ava pokretljivost va\u0161ih zglobova<\/span><br \/>\n<span class=\"opis-proizvoda\"><i class=\"fa-solid fa-circle-check check-opis-proizvoda\"><\/i>Olak\u0161ava stanje kod bolnih zglobova<\/span><br \/>\n<span class=\"opis-proizvoda\"><i class=\"fa-solid fa-circle-check check-opis-proizvoda\"><\/i>Doprinosi smanjenju upalnih procesa i reumatskih bolova<\/span><br \/>\n<span class=\"opis-proizvoda\"><i class=\"fa-solid fa-circle-check check-opis-proizvoda\"><\/i>Ubla\u017eava bol i gr\u010deve u mi\u0161i\u0107ima<\/span><br \/>\n<span class=\"opis-proizvoda\"><i class=\"fa-solid fa-circle-check check-opis-proizvoda\"><\/i>Prvi izbor za prevenciju i le\u010denje osteoartritisa<\/span><\/p>\n","protected":false},"featured_media":258028,"comment_status":"open","ping_status":"closed","template":"","meta":{"_acf_changed":false},"product_brand":[],"product_cat":[133,75,101],"product_tag":[],"class_list":{"0":"post-258026","1":"product","2":"type-product","3":"status-publish","4":"has-post-thumbnail","6":"product_cat-akcije","7":"product_cat-kosti-zglobovi-i-misici","8":"product_cat-paketi","10":"first","11":"instock","12":"shipping-taxable","13":"purchasable","14":"product-type-woosb"},"acf":[],"jetpack_sharing_enabled":true,"_links":{"self":[{"href":"https:\/\/abela.shop\/rs\/en\/wp-json\/wp\/v2\/product\/258026","targetHints":{"allow":["GET"]}}],"collection":[{"href":"https:\/\/abela.shop\/rs\/en\/wp-json\/wp\/v2\/product"}],"about":[{"href":"https:\/\/abela.shop\/rs\/en\/wp-json\/wp\/v2\/types\/product"}],"replies":[{"embeddable":true,"href":"https:\/\/abela.shop\/rs\/en\/wp-json\/wp\/v2\/comments?post=258026"}],"version-history":[{"count":2,"href":"https:\/\/abela.shop\/rs\/en\/wp-json\/wp\/v2\/product\/258026\/revisions"}],"predecessor-version":[{"id":258887,"href":"https:\/\/abela.shop\/rs\/en\/wp-json\/wp\/v2\/product\/258026\/revisions\/258887"}],"wp:featuredmedia":[{"embeddable":true,"href":"https:\/\/abela.shop\/rs\/en\/wp-json\/wp\/v2\/media\/258028"}],"wp:attachment":[{"href":"https:\/\/abela.shop\/rs\/en\/wp-json\/wp\/v2\/media?parent=258026"}],"wp:term":[{"taxonomy":"product_brand","embeddable":true,"href":"https:\/\/abela.shop\/rs\/en\/wp-json\/wp\/v2\/product_brand?post=258026"},{"taxonomy":"product_cat","embeddable":true,"href":"https:\/\/abela.shop\/rs\/en\/wp-json\/wp\/v2\/product_cat?post=258026"},{"taxonomy":"product_tag","embeddable":true,"href":"https:\/\/abela.shop\/rs\/en\/wp-json\/wp\/v2\/product_tag?post=258026"}],"curies":[{"name":"wp","href":"https:\/\/api.w.org\/{rel}","templated":true}]}}