{"id":259403,"date":"2025-12-22T13:47:48","date_gmt":"2025-12-22T12:47:48","guid":{"rendered":"https:\/\/abela.shop\/rs\/?post_type=product&#038;p=259403"},"modified":"2026-04-16T04:59:59","modified_gmt":"2026-04-16T03:59:59","slug":"bulardi-direct-10-kesica","status":"publish","type":"product","link":"https:\/\/abela.shop\/rs\/en\/proizvod\/bulardi-direct-10-kesica\/","title":{"rendered":"Bulardi\u00ae Direct, 10 kesica"},"content":{"rendered":"<h2><strong>BULARDI <sup>\u00ae<\/sup>Direct<\/strong><\/h2>\n<p><strong>BULARDI<sup>\u00ae<\/sup>Direct<\/strong>je probiotski dodatak ishrani sa aktivnom kulturom <em>Saccharomyces boulardii<\/em>, namenjen brzoj i jednostavnoj primeni. Zahvaljuju\u0107i direct formi, sadr\u017eaj kesice se mo\u017ee direktno sipati u usta, \u0161to omogu\u0107ava brzu dostupnost aktivne supstance.<br \/>\nPrakti\u010dno on the go re\u0161enje, prijatan ukus jagode<\/p>\n<p>Posebno je pogodan u situacijama kada je potrebna jednostavna primena, kao \u0161to su putovanja ili upotreba uz antibiotsku terapiju. Proizvod je razvijen i proizveden u skladu sa standardima <strong>Probiotic Excellence Center\u00ae<\/strong>, koji garantuju kvalitet i stabilnost probiotske kulture.<\/p>\n<h2>Sastav proizvoda:<\/h2>\n<p><em>Saccharomyces boulardii<\/em><\/p>\n<h2>Na\u010din upotrebe:<\/h2>\n<p>Sadr\u017eaj jedne kesice mo\u017ee se direktno sipati u usta ili razmutiti u vodi.<\/p>\n","protected":false},"excerpt":{"rendered":"<p><strong>Bulardi\u00ae Direct je<\/strong> probiotski dodatak ishrani u prahu sa <em>Saccharomyces boulardii<\/em>. Sadr\u017eaj kesice mo\u017ee se direktno sipati u usta ili razmutiti u vodi. Prakti\u010dno re\u0161enje za svakodnevnu upotrebu.<\/p>\n<p><strong>Bulardi\u00ae Direct doprinosi:<\/strong><\/p>\n<p><span class=\"opis-proizvoda\"><i class=\"fa-solid fa-circle-check check-opis-proizvoda\"><\/i>odr\u017eavanju ravnote\u017ee crevne mikrobiote<\/span><br \/>\n<span class=\"opis-proizvoda\"><i class=\"fa-solid fa-circle-check check-opis-proizvoda\"><\/i>normalnoj funkciji digestivnog sistema<\/span><br \/>\n<span class=\"opis-proizvoda\"><i class=\"fa-solid fa-circle-check check-opis-proizvoda\"><\/i>prakti\u010dnoj primeni probiotika u svakodnevnim situacijama <\/span><\/p>\n","protected":false},"featured_media":259404,"comment_status":"open","ping_status":"closed","template":"","meta":{"_acf_changed":false},"product_brand":[],"product_cat":[320,72],"product_tag":[],"class_list":{"0":"post-259403","1":"product","2":"type-product","3":"status-publish","4":"has-post-thumbnail","6":"product_cat-creva-u-balansu","7":"product_cat-probiotici","9":"first","10":"instock","11":"shipping-taxable","12":"purchasable","13":"product-type-simple"},"acf":[],"jetpack_sharing_enabled":true,"_links":{"self":[{"href":"https:\/\/abela.shop\/rs\/en\/wp-json\/wp\/v2\/product\/259403","targetHints":{"allow":["GET"]}}],"collection":[{"href":"https:\/\/abela.shop\/rs\/en\/wp-json\/wp\/v2\/product"}],"about":[{"href":"https:\/\/abela.shop\/rs\/en\/wp-json\/wp\/v2\/types\/product"}],"replies":[{"embeddable":true,"href":"https:\/\/abela.shop\/rs\/en\/wp-json\/wp\/v2\/comments?post=259403"}],"version-history":[{"count":9,"href":"https:\/\/abela.shop\/rs\/en\/wp-json\/wp\/v2\/product\/259403\/revisions"}],"predecessor-version":[{"id":259414,"href":"https:\/\/abela.shop\/rs\/en\/wp-json\/wp\/v2\/product\/259403\/revisions\/259414"}],"wp:featuredmedia":[{"embeddable":true,"href":"https:\/\/abela.shop\/rs\/en\/wp-json\/wp\/v2\/media\/259404"}],"wp:attachment":[{"href":"https:\/\/abela.shop\/rs\/en\/wp-json\/wp\/v2\/media?parent=259403"}],"wp:term":[{"taxonomy":"product_brand","embeddable":true,"href":"https:\/\/abela.shop\/rs\/en\/wp-json\/wp\/v2\/product_brand?post=259403"},{"taxonomy":"product_cat","embeddable":true,"href":"https:\/\/abela.shop\/rs\/en\/wp-json\/wp\/v2\/product_cat?post=259403"},{"taxonomy":"product_tag","embeddable":true,"href":"https:\/\/abela.shop\/rs\/en\/wp-json\/wp\/v2\/product_tag?post=259403"}],"curies":[{"name":"wp","href":"https:\/\/api.w.org\/{rel}","templated":true}]}}