{"id":260468,"date":"2026-02-06T11:42:15","date_gmt":"2026-02-06T10:42:15","guid":{"rendered":"https:\/\/abela.shop\/rs\/?post_type=product&#038;p=260468"},"modified":"2026-04-16T01:59:29","modified_gmt":"2026-04-16T00:59:29","slug":"enterobiotik-slim","status":"publish","type":"product","link":"https:\/\/abela.shop\/rs\/en\/proizvod\/enterobiotik-slim\/","title":{"rendered":"EnteroBiotik\u00ae Slim"},"content":{"rendered":"<p><strong>EnteroBiotik\u00ae Slim<\/strong> je inovativan probiotski preparat nove generacije, formulisan za podr\u0161ku regulaciji telesne te\u017eine kroz delovanje na crevnu mikrobiotu. Kombinuje pa\u017eljivo odabrane probiotske sojeve, biljna vlakna i bioaktivne komponente koje doprinose boljoj kontroli apetita, regulaciji metabolizma masti i ugljenih hidrata, kao i smanjenju nakupljanja masnog tkiva. Deluje kroz osovinu creva\u2013metabolizam i namenjen je osobama koje \u017eele dugoro\u010dnu i prirodnu podr\u0161ku u kontroli telesne te\u017eine.<\/p>\n<h4>Sastav proizvoda:<\/h4>\n<ul>\n<li>Probiotski sojevi (selektovani za podr\u0161ku metabolizmu i regulaciji telesne te\u017eine)<\/li>\n<li>Biljna vlakna<\/li>\n<li>Bioaktivne komponente za podr\u0161ku kontroli telesne mase<\/li>\n<\/ul>\n","protected":false},"excerpt":{"rendered":"<p><span class=\"opis-proizvoda\"><i class=\"fa-solid fa-circle-check check-opis-proizvoda\"><\/i>Doprinosi regulaciji telesne te\u017eine<\/span><br \/>\n<span class=\"opis-proizvoda\"><i class=\"fa-solid fa-circle-check check-opis-proizvoda\"><\/i>Podr\u017eava zdrav metabolizam masti i ugljenih hidrata<\/span><br \/>\n<span class=\"opis-proizvoda\"><i class=\"fa-solid fa-circle-check check-opis-proizvoda\"><\/i>Poma\u017ee u kontroli apetita i ose\u0107aja sitost<\/span><br \/>\n<span class=\"opis-proizvoda\"><i class=\"fa-solid fa-circle-check check-opis-proizvoda\"><\/i>Deluje kroz balansiranje crevne mikrobiote<\/span><\/p>\n","protected":false},"featured_media":260469,"comment_status":"open","ping_status":"closed","template":"","meta":{"_acf_changed":false},"product_brand":[],"product_cat":[320,72,90],"product_tag":[],"class_list":{"0":"post-260468","1":"product","2":"type-product","3":"status-publish","4":"has-post-thumbnail","6":"product_cat-creva-u-balansu","7":"product_cat-probiotici","8":"product_cat-regulisanje-telesne-tezine","10":"first","11":"instock","12":"shipping-taxable","13":"purchasable","14":"product-type-simple"},"acf":[],"jetpack_sharing_enabled":true,"_links":{"self":[{"href":"https:\/\/abela.shop\/rs\/en\/wp-json\/wp\/v2\/product\/260468","targetHints":{"allow":["GET"]}}],"collection":[{"href":"https:\/\/abela.shop\/rs\/en\/wp-json\/wp\/v2\/product"}],"about":[{"href":"https:\/\/abela.shop\/rs\/en\/wp-json\/wp\/v2\/types\/product"}],"replies":[{"embeddable":true,"href":"https:\/\/abela.shop\/rs\/en\/wp-json\/wp\/v2\/comments?post=260468"}],"version-history":[{"count":4,"href":"https:\/\/abela.shop\/rs\/en\/wp-json\/wp\/v2\/product\/260468\/revisions"}],"predecessor-version":[{"id":260481,"href":"https:\/\/abela.shop\/rs\/en\/wp-json\/wp\/v2\/product\/260468\/revisions\/260481"}],"wp:featuredmedia":[{"embeddable":true,"href":"https:\/\/abela.shop\/rs\/en\/wp-json\/wp\/v2\/media\/260469"}],"wp:attachment":[{"href":"https:\/\/abela.shop\/rs\/en\/wp-json\/wp\/v2\/media?parent=260468"}],"wp:term":[{"taxonomy":"product_brand","embeddable":true,"href":"https:\/\/abela.shop\/rs\/en\/wp-json\/wp\/v2\/product_brand?post=260468"},{"taxonomy":"product_cat","embeddable":true,"href":"https:\/\/abela.shop\/rs\/en\/wp-json\/wp\/v2\/product_cat?post=260468"},{"taxonomy":"product_tag","embeddable":true,"href":"https:\/\/abela.shop\/rs\/en\/wp-json\/wp\/v2\/product_tag?post=260468"}],"curies":[{"name":"wp","href":"https:\/\/api.w.org\/{rel}","templated":true}]}}