{"id":235829,"date":"2025-02-03T13:22:24","date_gmt":"2025-02-03T13:22:24","guid":{"rendered":"https:\/\/abela.shop\/rs\/?page_id=235829"},"modified":"2025-03-30T17:50:27","modified_gmt":"2025-03-30T16:50:27","slug":"internet-prodavnica","status":"publish","type":"page","link":"https:\/\/abela.shop\/rs\/internet-prodavnica\/","title":{"rendered":"Internet prodavnica"},"content":{"rendered":"\t\t<div data-elementor-type=\"wp-page\" data-elementor-id=\"235829\" class=\"elementor elementor-235829\" data-elementor-post-type=\"page\">\n\t\t\t\t<div class=\"wd-negative-gap elementor-element elementor-element-f9806a4 e-flex e-con-boxed e-con e-parent\" data-id=\"f9806a4\" data-element_type=\"container\" data-e-type=\"container\">\n\t\t\t\t\t<div class=\"e-con-inner\">\n\t\t\t\t<div class=\"elementor-element elementor-element-a00c62e elementor-widget elementor-widget-heading\" data-id=\"a00c62e\" data-element_type=\"widget\" data-e-type=\"widget\" data-widget_type=\"heading.default\">\n\t\t\t\t<div class=\"elementor-widget-container\">\n\t\t\t\t\t<h2 class=\"elementor-heading-title elementor-size-default\">Uputstvo za online kupovinu\n<\/h2>\t\t\t\t<\/div>\n\t\t\t\t<\/div>\n\t\t\t\t<div class=\"elementor-element elementor-element-fa754ef color-scheme-inherit text-left elementor-widget elementor-widget-text-editor\" data-id=\"fa754ef\" data-element_type=\"widget\" data-e-type=\"widget\" data-widget_type=\"text-editor.default\">\n\t\t\t\t<div class=\"elementor-widget-container\">\n\t\t\t\t\t\t\t\t\t<p>Cene proizvoda navedene na Sajtu su izra\u017eene u dinarima, sa ura\u010dunatim PDV-om.<\/p><p>Kupac snosi odgovornost za ta\u010dnost i potpunost unesenih podataka prilikom kupovine, te porud\u017ebinom artikala smatra se da kupac prihvata uslove poslovanja navedene na \u00a0Sajtu.<\/p><p>Sadr\u017eaj \u00a0na\u0161e internet stranice mo\u017eete pregledati i koristiti \u00a0za Va\u0161u privatnu upotrebu bez ikakvih naknada za kori\u0161\u0107enje. Proton System nije odgovoran za tro\u0161kove telefona, prometa podataka ili bilo koje druge tro\u0161kove koji mogu biti prouzrokovani kreiranjem porud\u017ebine ili pregledom\/pretra\u017eivanjem ove \u00a0web stranice.<\/p><p>Porud\u017ebinu \u00a0na\u0161ih proizvoda mo\u017eete\u00a0 izvr\u0161iti na sede\u0107i na\u010din:<\/p><ul><li>kod \u017eeljenog proizvoda kliknite na ikonicu \u201cdodaj u korpu, te nakon \u0161to ste dodali sve \u017eeljene proizvode u korpu, porud\u017ebinu mo\u017eete dovr\u0161iti klikom na ikonu \u201eporu\u010dite\u201d.<\/li><li>na online obrascu unesite svoje li\u010dne podatke i to: ime, prezime, adresa za isporuku, dr\u017eava, grad, po\u0161tanski broj, e-mail adresu, broj mobilnog telefona;<\/li><li>odaberite na\u010din pla\u0107anja;<\/li><li>da biste zaklju\u010dili porud\u017ebinu, kliknite na dugme \u201ePoru\u010dite\u201c.<\/li><\/ul><p>Molimo Vas da prilikom porud\u017ebine pro\u010ditate i prihvatite ove Uslove kao i Pravila za\u0161tite podataka o li\u010dnosti.<\/p><p>Tokom porud\u017ebine imate mogu\u0107nost da samostalno ispravite podatke \/ ili da unosite ili uklanjate proizvode iz korpe, sve do zaklju\u010denja porud\u017ebine.<\/p><p>Po zavr\u0161etku procesa kupovine dobi\u0107ete potvrdu porud\u017ebine na e-mail adresu koju ste naveli u obrascu za kupovinu. Potvrda porud\u017ebine se \u0161alje automatski putem e-maila te ne predstavlja obavezuju\u0107e prihvatanje Va\u0161e ponude. Ugovor je sklopljen kada Vam zasebnim e-mailom potvrdimo otpremu robe. U slu\u010daju da iznimno nismo u mogu\u0107nosti isporu\u010diti neki od naru\u010denih proizvoda iz bilo kog razloga, na\u0161 operater \u0107e Vas kontaktirati telefonski ili e-mailom kako bi se dogovorila isporuka zamenskog proizvoda ili eventualno otkazivanje naru\u010denog proizvoda.<\/p><p>Kupac ima pravo da odustane od ugovora u skladu sa \u010dl. 28. i \u010dl. 35. Zakona o za\u0161titi potro\u0161a\u010da (Sl. glasnik RS, br. 62\/2014), u roku i na na\u010din predvi\u0111en zakonom. Ukoliko \u017eelite jednostrano da raskinete ugovor ili izvr\u0161ite reklamaciju na isporu\u010deni proizvod, mo\u017eete u\u010dinite tako \u0161to \u0107ete poslati zahtev na email adresu\u00a0<a href=\"mailto:reklamacije@proton.rs\">reklamacije@proton.rs<\/a><\/p><p>Proton System mo\u017ee porud\u017ebinu da odbaci, odnosno da ne isporu\u010di robu, ukoliko ustanovi da je do\u0161lo do zloupotrebe Sajta ili utvrdi da su podaci na porud\u017ebini nepotpuni, neta\u010dni,\u00a0posebno ukoliko sa kupcem ne mo\u017ee da stupi u kontakt telefonskim putem radi potvrde porud\u017ebine i dobijanja validnih podataka.<\/p><p><i>A\u017eurirano dana: 01.11.2024.<\/i><\/p>\t\t\t\t\t\t\t\t<\/div>\n\t\t\t\t<\/div>\n\t\t\t\t\t<\/div>\n\t\t\t\t<\/div>\n\t\t\t\t<\/div>\n\t\t","protected":false},"excerpt":{"rendered":"<p>Uputstvo za online kupovinu Cene proizvoda navedene na Sajtu su izra\u017eene u dinarima, sa ura\u010dunatim PDV-om. Kupac snosi odgovornost za<\/p>\n","protected":false},"author":3,"featured_media":0,"parent":0,"menu_order":0,"comment_status":"closed","ping_status":"closed","template":"elementor_header_footer","meta":{"_acf_changed":false,"footnotes":""},"class_list":["post-235829","page","type-page","status-publish","hentry"],"acf":[],"jetpack_sharing_enabled":true,"_links":{"self":[{"href":"https:\/\/abela.shop\/rs\/wp-json\/wp\/v2\/pages\/235829","targetHints":{"allow":["GET"]}}],"collection":[{"href":"https:\/\/abela.shop\/rs\/wp-json\/wp\/v2\/pages"}],"about":[{"href":"https:\/\/abela.shop\/rs\/wp-json\/wp\/v2\/types\/page"}],"author":[{"embeddable":true,"href":"https:\/\/abela.shop\/rs\/wp-json\/wp\/v2\/users\/3"}],"replies":[{"embeddable":true,"href":"https:\/\/abela.shop\/rs\/wp-json\/wp\/v2\/comments?post=235829"}],"version-history":[{"count":7,"href":"https:\/\/abela.shop\/rs\/wp-json\/wp\/v2\/pages\/235829\/revisions"}],"predecessor-version":[{"id":238356,"href":"https:\/\/abela.shop\/rs\/wp-json\/wp\/v2\/pages\/235829\/revisions\/238356"}],"wp:attachment":[{"href":"https:\/\/abela.shop\/rs\/wp-json\/wp\/v2\/media?parent=235829"}],"curies":[{"name":"wp","href":"https:\/\/api.w.org\/{rel}","templated":true}]}}