{"id":235839,"date":"2025-02-03T13:27:33","date_gmt":"2025-02-03T13:27:33","guid":{"rendered":"https:\/\/abela.shop\/rs\/?page_id=235839"},"modified":"2025-05-21T14:36:29","modified_gmt":"2025-05-21T13:36:29","slug":"reklamacije","status":"publish","type":"page","link":"https:\/\/abela.shop\/rs\/reklamacije\/","title":{"rendered":"Reklamacije"},"content":{"rendered":"\t\t<div data-elementor-type=\"wp-page\" data-elementor-id=\"235839\" class=\"elementor elementor-235839\" data-elementor-post-type=\"page\">\n\t\t\t\t<div class=\"wd-negative-gap elementor-element elementor-element-f9806a4 e-flex e-con-boxed e-con e-parent\" data-id=\"f9806a4\" data-element_type=\"container\" data-e-type=\"container\">\n\t\t\t\t\t<div class=\"e-con-inner\">\n\t\t\t\t<div class=\"elementor-element elementor-element-fa754ef color-scheme-inherit text-left elementor-widget elementor-widget-text-editor\" data-id=\"fa754ef\" data-element_type=\"widget\" data-e-type=\"widget\" data-widget_type=\"text-editor.default\">\n\t\t\t\t<div class=\"elementor-widget-container\">\n\t\t\t\t\t\t\t\t\t<p>Potro\u0161a\u010d mo\u017ee da izjavi reklamaciju prodavcu radi ostvarivanja svojih prava iz \u010dlana 51. i \u010dlana 80. Zakona o za\u0161titi potro\u0161a\u010da, kao i zbog pogre\u0161no obra\u010dunate cene i drugih nedostataka.<\/p><p>Potro\u0161a\u010d mo\u017ee izjaviti reklamaciju\u00a0 putem maila na adresu <a href=\"mailto:reklamacije@proton.rs\">reklamacije@proton.rs<\/a>\u00a0ili\u00a0putem po\u0161te, \u00a0na adresu Viline vode bb, Beograd, Proton System doo Beograd, uz dostavu\u00a0ra\u010duna na uvid ili drugog dokaza o kupovini (kopija ra\u010duna, slip i sl.).<\/p><p>Na izjavljenu reklamaciju koja mora sadr\u017eati i Va\u0161 predlog na koji na\u010din \u017eelite da istu re\u0161imo, odgovori\u0107emo, pisanim ili elektronskim putem, a najksnije u roku od 15 dana od dana prijema reklamacije. Realizacija reklamacije u skladu sa Va\u0161im predlogom za re\u0161avanje reklamacije bi\u0107e izvr\u0161ena nakon \u0161to dobijemo Va\u0161u prethodnu saglasnost za istu, u roku 3 dana od prijema na\u0161eg odgovora. Ako se u tom roku ne izjasnite, smatra\u0107emo da niste saglasani sa predlogom.<\/p><p>Ukoliko odbijemo Va\u0161u reklamaciju, imate mogu\u0107nost da u roku od godinu dana od izjavljivanja reklamacije pokrenete vansudski postupak re\u0161avanja potro\u0161a\u010dkog spora pred nadle\u017enim telom, imenovanim od strane Ministarstva unutra\u0161nje i spoljne trgovine u skladu s Zakonom o za\u0161titi potro\u0161a\u010da. Potro\u0161a\u010d se obra\u0107a na adresu \u201eInformati\u010dke platforme za vansudsko re\u0161avanje potro\u0161a\u010dkih sporova ADR (mtt.gov.rs) nakon \u010dega se predlog za pokretanje vansudskog postupka dostavlja trgovcu, koji ima 15 dana da se izjasni da li priznaje ili osporava predlog potro\u0161a\u010da. Na osnovu \u010dl. 151. st. 2. Zakona o za\u0161titi potro\u0161a\u010da, trgovac je obvezan\u00a0\u00a0da u\u010destvuje u vansudskom re\u0161avanju potro\u0161a\u010dkog spora.<\/p><p>U slu\u010daju prihvata reklamacije prodavac \u0107e obezbediti preuzimanje robe,\u00a0posredstvom dostavlja\u010da ovla\u0161\u0107ene kurirske slu\u017ebe sa kojom ima uspostavljenu saradnju. Tro\u0161kove kod takvog povra\u0107aja u potpunosti \u0107e preuzeti Prodavac, nakon \u010dega \u0107e bez ikakve naknade poslati kupcu zamenski proizvod prvom mogu\u0107om dostavom ili mu odobriti povra\u0107aj novca, prema izboru kupca.<\/p>\t\t\t\t\t\t\t\t<\/div>\n\t\t\t\t<\/div>\n\t\t\t\t\t<\/div>\n\t\t\t\t<\/div>\n\t\t<div class=\"wd-negative-gap elementor-element elementor-element-418e06a e-flex e-con-boxed e-con e-parent\" data-id=\"418e06a\" data-element_type=\"container\" data-e-type=\"container\">\n\t\t\t\t\t<div class=\"e-con-inner\">\n\t\t\t\t<div class=\"elementor-element elementor-element-673f3ea elementor-widget elementor-widget-heading\" data-id=\"673f3ea\" data-element_type=\"widget\" data-e-type=\"widget\" data-widget_type=\"heading.default\">\n\t\t\t\t<div class=\"elementor-widget-container\">\n\t\t\t\t\t<h2 class=\"elementor-heading-title elementor-size-default\">Pravo na odustanak od ugovora zaklju\u010denog na daljinu\n<\/h2>\t\t\t\t<\/div>\n\t\t\t\t<\/div>\n\t\t\t\t<div class=\"elementor-element elementor-element-3b45063 color-scheme-inherit text-left elementor-widget elementor-widget-text-editor\" data-id=\"3b45063\" data-element_type=\"widget\" data-e-type=\"widget\" data-widget_type=\"text-editor.default\">\n\t\t\t\t<div class=\"elementor-widget-container\">\n\t\t\t\t\t\t\t\t\t<p>Va\u0161u porud\u017ebinu, u skladu sa \u010dl. 27. Zakona o za\u0161titi potro\u0161a\u010da (Sl. glasnik RS, br. 88\/2021) mo\u017eete otkazati i od nje odustati bez navo\u0111enja razloga i dodatnih tro\u0161kova, u roku od 14 dana od dana preuzimanja proizvoda u dr\u017eavinu. U tom slu\u010daju, proizvod \u0107emo preuzeti posredstvom dostavlja\u010da ovla\u0161\u0107ene kurirske slu\u017ebe sa kojom imamo uspostavljenu saradnju, uz povra\u0107aj novca ili zamenu za drugi proizvod, prema Va\u0161em izboru. Tro\u0161kove jednog povra\u0107aja i slanja zamenskih proizvoda snosi Prodavac, a direktne tro\u0161kove eventualnih naknadnih povra\u0107aja snosi kupac.<\/p><p>U skladu sa \u010dl. 36. Zakona o za\u0161tite potro\u0161a\u010da, ne\u0107ete imati pravo da odustanete od ugovora posebno u slu\u010daju:<\/p><ul><li>isporuke robe koja je podlo\u017ena pogor\u0161anju kvaliteta ili ima kratak rok trajanja;<\/li><li>isporuke zape\u010da\u0107ene robe koja se ne mo\u017ee vratiti zbog za\u0161tite zdravlja ili higijenskih razloga i koja je otpe\u010da\u0107ena nakon isporuke<\/li><li>isporuke robe koja se, nakon isporuke, zbog svoje prirode neodvojivo me\u0161a sa drugom robom;<\/li><\/ul><p>Ukoliko \u017eelite odustati od ugovora zaklju\u010denog na daljinu i vratiti jedan ili vi\u0161e proizvoda, to mo\u017eete u\u010diniti tako \u0161to \u0107ete popunite\u00a0<a href=\"https:\/\/abela.shop\/wp-content\/uploads\/2025\/02\/Obrazac-za-odustanak-od-ugovora.pdf\" target=\"_blank\" rel=\"noopener\"><strong>Izjavu o odustanku od ugovora zaklju\u010denog na daljinu<\/strong><\/a>\u00a0u elektronskoj formi (kliknite na link kako bi vas odveo do obrasca \u2013\u00a0<strong><a href=\"https:\/\/abela.shop\/wp-content\/uploads\/2025\/02\/Obrazac-za-odustanak-od-ugovora.pdf\" target=\"_blank\" rel=\"noopener\">link<\/a><\/strong>) pri \u010demu \u0107emo Vas o prijemu obrasca bez odlaganja obavestiti elektronskom po\u0161tom.<\/p><p>Ako odustanete od ugovora zaklju\u010denog na daljinu, povra\u0107aj novca, uklju\u010duju\u0107i i tro\u0161kove isporuke, izvr\u0161i\u0107emo najkasnije u roku od 14 dana od dana kada smo primili obrazac za odustanak od ugovora, uz prethodno preuzimanje u dr\u017eavinu vra\u0107ene robe, koriste\u0107i ista sredstva pla\u0107anja koja ste Vi koristili u prvobitnoj transakciji.<\/p><p>U slu\u010daju vra\u0107anja robe i povra\u0107aja sredstava kupcu koji je prethodno platio nekom od platnih kartica, delimi\u010dno ili u celosti, a bez obzira na razlog vra\u0107anja, Proton System \u0107e izvr\u0161iti povra\u0107aj isklju\u010divo preko VISA, EC\/MC, Maestro i DINA metoda pla\u0107anja, \u0161to zna\u010di da \u0107e banka na zahtev prodavca obaviti povra\u0107aj sredstava na ra\u010dun korisnika kartice.<\/p><p>Napominjemo da je Kupac odgovoran za umanjenje vrednosti robe koje nastane kao posledica rukovanja robom na na\u010din koji nije adekvatan ka oi usled postupanja kojim je naru\u0161ena priroda, karakteristike i funkcionalnost robe.<\/p><p><i>A\u017eurirano dana: 01.11.2024.<\/i><\/p>\t\t\t\t\t\t\t\t<\/div>\n\t\t\t\t<\/div>\n\t\t\t\t\t<\/div>\n\t\t\t\t<\/div>\n\t\t\t\t<\/div>\n\t\t","protected":false},"excerpt":{"rendered":"<p>Potro\u0161a\u010d mo\u017ee da izjavi reklamaciju prodavcu radi ostvarivanja svojih prava iz \u010dlana 51. i \u010dlana 80. Zakona o za\u0161titi potro\u0161a\u010da,<\/p>\n","protected":false},"author":3,"featured_media":0,"parent":0,"menu_order":0,"comment_status":"closed","ping_status":"closed","template":"elementor_header_footer","meta":{"_acf_changed":false,"footnotes":""},"class_list":["post-235839","page","type-page","status-publish","hentry"],"acf":[],"jetpack_sharing_enabled":true,"_links":{"self":[{"href":"https:\/\/abela.shop\/rs\/wp-json\/wp\/v2\/pages\/235839","targetHints":{"allow":["GET"]}}],"collection":[{"href":"https:\/\/abela.shop\/rs\/wp-json\/wp\/v2\/pages"}],"about":[{"href":"https:\/\/abela.shop\/rs\/wp-json\/wp\/v2\/types\/page"}],"author":[{"embeddable":true,"href":"https:\/\/abela.shop\/rs\/wp-json\/wp\/v2\/users\/3"}],"replies":[{"embeddable":true,"href":"https:\/\/abela.shop\/rs\/wp-json\/wp\/v2\/comments?post=235839"}],"version-history":[{"count":13,"href":"https:\/\/abela.shop\/rs\/wp-json\/wp\/v2\/pages\/235839\/revisions"}],"predecessor-version":[{"id":241866,"href":"https:\/\/abela.shop\/rs\/wp-json\/wp\/v2\/pages\/235839\/revisions\/241866"}],"wp:attachment":[{"href":"https:\/\/abela.shop\/rs\/wp-json\/wp\/v2\/media?parent=235839"}],"curies":[{"name":"wp","href":"https:\/\/api.w.org\/{rel}","templated":true}]}}