{"id":239566,"date":"2025-04-24T11:09:40","date_gmt":"2025-04-24T10:09:40","guid":{"rendered":"https:\/\/abela.shop\/rs\/?page_id=239566"},"modified":"2025-09-30T13:22:41","modified_gmt":"2025-09-30T11:22:41","slug":"izaberi-nalog","status":"publish","type":"page","link":"https:\/\/abela.shop\/rs\/izaberi-nalog\/","title":{"rendered":"Izaberi nalog"},"content":{"rendered":"\t\t<div data-elementor-type=\"wp-page\" data-elementor-id=\"239566\" class=\"elementor elementor-239566\" data-elementor-post-type=\"page\">\n\t\t\t\t<div class=\"wd-negative-gap elementor-element elementor-element-83d9adc e-flex e-con-boxed e-con e-parent\" data-id=\"83d9adc\" data-element_type=\"container\" data-e-type=\"container\">\n\t\t\t\t\t<div class=\"e-con-inner\">\n\t\t<div class=\"elementor-element elementor-element-0a76246 e-con-full e-flex e-con e-child\" data-id=\"0a76246\" data-element_type=\"container\" data-e-type=\"container\">\n\t\t\t\t<\/div>\n\t\t<div class=\"elementor-element elementor-element-69a5235 e-con-full e-flex e-con e-child\" data-id=\"69a5235\" data-element_type=\"container\" data-e-type=\"container\" data-settings=\"{&quot;background_background&quot;:&quot;classic&quot;}\">\n\t\t\t\t<div class=\"elementor-element elementor-element-fdd1fda elementor-widget elementor-widget-heading\" data-id=\"fdd1fda\" data-element_type=\"widget\" data-e-type=\"widget\" data-widget_type=\"heading.default\">\n\t\t\t\t<div class=\"elementor-widget-container\">\n\t\t\t\t\t<h2 class=\"elementor-heading-title elementor-size-default\">Kupovina bez registracije <\/h2>\t\t\t\t<\/div>\n\t\t\t\t<\/div>\n\t\t\t\t<div class=\"elementor-element elementor-element-b72e939 color-scheme-inherit text-left elementor-widget elementor-widget-text-editor\" data-id=\"b72e939\" data-element_type=\"widget\" data-e-type=\"widget\" data-widget_type=\"text-editor.default\">\n\t\t\t\t<div class=\"elementor-widget-container\">\n\t\t\t\t\t\t\t\t\t<p class=\"\" data-start=\"69\" data-end=\"135\">Nije vam neophodan nalog da biste obavili kupovinu na na\u0161em sajtu.<\/p>\t\t\t\t\t\t\t\t<\/div>\n\t\t\t\t<\/div>\n\t\t\t\t<div class=\"elementor-element elementor-element-d910955 o-nama-button elementor-widget elementor-widget-wd_button\" data-id=\"d910955\" data-element_type=\"widget\" data-e-type=\"widget\" data-widget_type=\"wd_button.default\">\n\t\t\t\t<div class=\"elementor-widget-container\">\n\t\t\t\t\t\t\t<div class=\"wd-button-wrapper text-left\" >\n\t\t\t<a class=\"btn btn-style-default btn-shape-round btn-size-default btn-color-primary btn-full-width btn-icon-pos-right\"  href=\"\/placanje\/?guest_checkout=1\">\n\t\t\t\t<span class=\"wd-btn-text\" data-elementor-setting-key=\"text\">\n\t\t\t\t\tNASTAVI BEZ NALOGA\t\t\t\t<\/span>\n\n\t\t\t\t\t\t\t<\/a>\n\t\t<\/div>\n\t\t\t\t\t\t<\/div>\n\t\t\t\t<\/div>\n\t\t\t\t<div class=\"elementor-element elementor-element-9781439 elementor-widget elementor-widget-heading\" data-id=\"9781439\" data-element_type=\"widget\" data-e-type=\"widget\" data-widget_type=\"heading.default\">\n\t\t\t\t<div class=\"elementor-widget-container\">\n\t\t\t\t\t<h2 class=\"elementor-heading-title elementor-size-default\">Napravite nalog<\/h2>\t\t\t\t<\/div>\n\t\t\t\t<\/div>\n\t\t\t\t<div class=\"elementor-element elementor-element-cf311c8 elementor-widget elementor-widget-shortcode\" data-id=\"cf311c8\" data-element_type=\"widget\" data-e-type=\"widget\" data-widget_type=\"shortcode.default\">\n\t\t\t\t<div class=\"elementor-widget-container\">\n\t\t\t\t\t\t\t<div class=\"elementor-shortcode\">        <form method=\"post\" class=\"woocommerce-form woocommerce-form-register register\">\r\n\r\n            \r\n            <p class=\"woocommerce-form-row woocommerce-form-row--wide form-row form-row-wide\">\r\n                <label for=\"reg_email\">Adresa e-po\u0161te&nbsp;<span class=\"required\">*<\/span><\/label>\r\n                <input type=\"email\" name=\"email\" id=\"reg_email\" autocomplete=\"email\" \/>\r\n            <\/p>\r\n\r\n                            <p>Link za postavljanje nove lozinke bi\u0107e poslat na va\u0161u email adresu.<\/p>\r\n            \r\n            <p class=\"woocommerce-form-row form-row\">\r\n                <button type=\"submit\" class=\"woocommerce-Button button\" name=\"custom_register_action\">Registruj se<\/button>\r\n            <\/p>\r\n        <\/form>\r\n        \n<\/div>\n\t\t\t\t\t\t<\/div>\n\t\t\t\t<\/div>\n\t\t\t\t<\/div>\n\t\t<div class=\"elementor-element elementor-element-f81975c e-con-full e-flex e-con e-child\" data-id=\"f81975c\" data-element_type=\"container\" data-e-type=\"container\" data-settings=\"{&quot;background_background&quot;:&quot;classic&quot;}\">\n\t\t\t\t<div class=\"elementor-element elementor-element-3176635 elementor-widget elementor-widget-heading\" data-id=\"3176635\" data-element_type=\"widget\" data-e-type=\"widget\" data-widget_type=\"heading.default\">\n\t\t\t\t<div class=\"elementor-widget-container\">\n\t\t\t\t\t<h2 class=\"elementor-heading-title elementor-size-default\">Imate korisni\u010dki nalog?<\/h2>\t\t\t\t<\/div>\n\t\t\t\t<\/div>\n\t\t\t\t<div class=\"elementor-element elementor-element-bba0033 color-scheme-inherit text-left elementor-widget elementor-widget-text-editor\" data-id=\"bba0033\" data-element_type=\"widget\" data-e-type=\"widget\" data-widget_type=\"text-editor.default\">\n\t\t\t\t<div class=\"elementor-widget-container\">\n\t\t\t\t\t\t\t\t\t<p class=\"\" data-start=\"69\" data-end=\"135\">Prijavite se da biste kupovali br\u017ee, lak\u0161e pla\u0107ali i imali uvid u status svojih porud\u017ebina.<\/p>\t\t\t\t\t\t\t\t<\/div>\n\t\t\t\t<\/div>\n\t\t\t\t<div class=\"elementor-element elementor-element-6ef97ea elementor-widget elementor-widget-shortcode\" data-id=\"6ef97ea\" data-element_type=\"widget\" data-e-type=\"widget\" data-widget_type=\"shortcode.default\">\n\t\t\t\t<div class=\"elementor-widget-container\">\n\t\t\t\t\t\t\t<div class=\"elementor-shortcode\">    <style>\r\n        \/* Custom CSS za login i register stranicu *\/\r\n        .page-id-239566 .main-page-wrapper { background: #f2f2f2; }\r\n        .page-id-239566 .wd-page-title { background: #f2f2f2; }\r\n        .page-id-239566 .wd-prefooter { background: #f2f2f2; }\r\n        .page-id-239566 .wd-page-title .container { margin: auto; display: block; text-align: center; }\r\n        .page-id-239566 .wd-page-title .container .entry-title { padding-bottom: 5px; }\r\n        .page-id-239566 .form-row .button { width: 100%; background: rgb(227,0,15); }\r\n        .page-id-239566 .woocommerce-form-row .button { width: 100%; background: #1a1a1a; }\r\n        .page-id-239566 .wd-login-divider { display: flex; align-items: center; text-transform: uppercase; margin: 20px 0; }\r\n        .page-id-239566 .wd-login-divider:after, .page-id-239566 .wd-login-divider:before { content: \"\"; flex: 1 0 0; border-bottom: 1px solid var(--brdcolor-gray-300); }\r\n        .page-id-239566 .wd-login-divider span { margin-inline: 20px; }\r\n        .page-id-239566 .login-form-footer { display: flex; justify-content: space-between; align-items: center; gap: 10px; flex-wrap: wrap; }\r\n        .page-id-239566 .woocommerce-form__label { margin-top: 4px; }\r\n    <\/style>\r\n\r\n    \r\n    \t\t\t<form method=\"post\" class=\"login woocommerce-form woocommerce-form-login\" action=\"https:\/\/abela.shop\/rs\/moj-nalog\/?action=login\">\n\n\t\t\t\t\n\t\t\t\t\n\t\t\t\t<p class=\"woocommerce-FormRow woocommerce-FormRow--wide form-row form-row-wide form-row-username\">\n\t\t\t\t\t<label for=\"username\">Korisni\u010dko ime ili email adresa&nbsp;<span class=\"required\" aria-hidden=\"true\">*<\/span><span class=\"screen-reader-text\">Required<\/span><\/label>\n\t\t\t\t\t<input type=\"text\" class=\"woocommerce-Input woocommerce-Input--text input-text\" name=\"username\" id=\"username\" autocomplete=\"username\" value=\"\" \/>\t\t\t\t<\/p>\n\t\t\t\t<p class=\"woocommerce-FormRow woocommerce-FormRow--wide form-row form-row-wide form-row-password\">\n\t\t\t\t\t<label for=\"password\">Lozinka&nbsp;<span class=\"required\" aria-hidden=\"true\">*<\/span><span class=\"screen-reader-text\">Required<\/span><\/label>\n\t\t\t\t\t<input class=\"woocommerce-Input woocommerce-Input--text input-text\" type=\"password\" name=\"password\" id=\"password\" autocomplete=\"current-password\" \/>\n\t\t\t\t<\/p>\n\n\t\t\t\t\n\t\t\t\t<p class=\"form-row form-row-btn\">\n\t\t\t\t\t<input type=\"hidden\" id=\"woocommerce-login-nonce\" name=\"woocommerce-login-nonce\" value=\"d7095bcbb6\" \/><input type=\"hidden\" name=\"_wp_http_referer\" value=\"\/rs\/wp-json\/wp\/v2\/pages\/239566\" \/>\t\t\t\t\t\t\t\t\t\t<button type=\"submit\" class=\"button btn btn-accent woocommerce-button woocommerce-form-login__submit\" name=\"login\" value=\"Prijava\">Prijava<\/button>\n\t\t\t\t<\/p>\n\n\t\t\t\t<p class=\"login-form-footer\">\n\t\t\t\t\t<a href=\"https:\/\/abela.shop\/rs\/moj-nalog\/lost-password\/\" class=\"woocommerce-LostPassword lost_password\">Zaboravljena lozinka?<\/a>\n\t\t\t\t\t<label class=\"woocommerce-form__label woocommerce-form__label-for-checkbox woocommerce-form-login__rememberme\">\n\t\t\t\t\t\t<input class=\"woocommerce-form__input woocommerce-form__input-checkbox\" name=\"rememberme\" type=\"checkbox\" value=\"forever\" title=\"Zapamti me\" aria-label=\"Zapamti me\" \/> <span>Zapamti me<\/span>\n\t\t\t\t\t<\/label>\n\t\t\t\t<\/p>\n\n\t\t\t\t\t\t\t\t\t\t\t\t\t\t<p class=\"title wd-login-divider\"><span>Ili se prijavite pomo\u0107u<\/span><\/p>\n\t\t\t\t\t<div class=\"wd-social-login\">\n\t\t\t\t\t\t\t\t\t\t\t\t\t\t\t\t\t\t\t<a href=\"https:\/\/abela.shop\/rs\/moj-nalog\/?social_auth=google\" class=\"login-goo-link btn\">\n\t\t\t\t\t\t\t\tGoogle\t\t\t\t\t\t\t<\/a>\n\t\t\t\t\t\t\t\t\t\t\t\t\t\t\t\t\t<\/div>\n\t\t\t\t\n\t\t\t\t\t\t\t<\/form>\n\n\t\t\r\n    \n<\/div>\n\t\t\t\t\t\t<\/div>\n\t\t\t\t<\/div>\n\t\t\t\t<\/div>\n\t\t<div class=\"elementor-element elementor-element-7512a7f e-con-full e-flex e-con e-child\" data-id=\"7512a7f\" data-element_type=\"container\" data-e-type=\"container\">\n\t\t\t\t<\/div>\n\t\t\t\t\t<\/div>\n\t\t\t\t<\/div>\n\t\t\t\t<\/div>\n\t\t","protected":false},"excerpt":{"rendered":"<p>Kupovina bez registracije Nije vam neophodan nalog da biste obavili kupovinu na na\u0161em sajtu. NASTAVI BEZ NALOGA Napravite nalog Imate<\/p>\n","protected":false},"author":3,"featured_media":0,"parent":0,"menu_order":0,"comment_status":"closed","ping_status":"closed","template":"","meta":{"_acf_changed":false,"footnotes":""},"class_list":["post-239566","page","type-page","status-publish","hentry"],"acf":[],"jetpack_sharing_enabled":true,"_links":{"self":[{"href":"https:\/\/abela.shop\/rs\/wp-json\/wp\/v2\/pages\/239566","targetHints":{"allow":["GET"]}}],"collection":[{"href":"https:\/\/abela.shop\/rs\/wp-json\/wp\/v2\/pages"}],"about":[{"href":"https:\/\/abela.shop\/rs\/wp-json\/wp\/v2\/types\/page"}],"author":[{"embeddable":true,"href":"https:\/\/abela.shop\/rs\/wp-json\/wp\/v2\/users\/3"}],"replies":[{"embeddable":true,"href":"https:\/\/abela.shop\/rs\/wp-json\/wp\/v2\/comments?post=239566"}],"version-history":[{"count":0,"href":"https:\/\/abela.shop\/rs\/wp-json\/wp\/v2\/pages\/239566\/revisions"}],"wp:attachment":[{"href":"https:\/\/abela.shop\/rs\/wp-json\/wp\/v2\/media?parent=239566"}],"curies":[{"name":"wp","href":"https:\/\/api.w.org\/{rel}","templated":true}]}}