{"id":234642,"date":"2024-11-28T14:57:44","date_gmt":"2024-11-28T14:57:44","guid":{"rendered":"https:\/\/abela.shop\/rs\/?post_type=product&#038;p=234642"},"modified":"2026-04-30T11:00:01","modified_gmt":"2026-04-30T10:00:01","slug":"bulardi-junior-10-kapsula","status":"publish","type":"product","link":"https:\/\/abela.shop\/rs\/proizvod\/bulardi-junior-10-kapsula\/","title":{"rendered":"BULARDI\u00ae junior, 10 kapsula"},"content":{"rendered":"<p><strong>BULARDI<sup>\u00ae <\/sup>junior<\/strong> je dodatak ishrani koji sadr\u017ei probiotsku kulturu <em>Saccharomyces boulardii<\/em> i cink, koji doprinosi normalnoj funkciji imunog sistema. Efikasna kombinacija probiotske kulture <em>Saccharomyces boulardii<\/em> i <a href=\"https:\/\/abela.shop\/rs\/proizvod\/bivits-activa-cink-60-tableta\/\"><strong>cinka<\/strong> <\/a>u rekordnom roku normalizuje rad creva, ubla\u017eava tegobe i skra\u0107uje trajanje dijareje kod dece.<\/p>\n<p><strong>BULARDI<sup>\u00ae <\/sup>junior<\/strong> je potpuno prirodan preparat koji skra\u0107uje trajanje dijareje i normalizuje rad creva, elimini\u0161e lo\u0161e bakterije i njihove toksine iz organizma, a istovremeno reguli\u0161e kiselost, obnavlja sluzoko\u017eu i poja\u010dava lokalni <a href=\"https:\/\/bivits.com\/proizvod\/immunity-booster\/\" target=\"_blank\" rel=\"noopener\"><strong>imunitet<\/strong><\/a> u crevima. Cink u sastavu probiotika BULARDI<sup>\u00ae<\/sup> junior skra\u0107uje trajanje dijareje i spre\u010dava dehidrataciju tokom dijareje.<\/p>\n<h2>Indikacije za upotrebu BULARDI<strong><sup>\u00ae<\/sup><\/strong> junior-a:<\/h2>\n<p>\u2022 Akutne dijareje svih uzroka &#8211;\u00a0skra\u0107uje trajanje dijareje i normalizuje rad creva.<br \/>\n\u2022 Uzimanje antibiotika &#8211;\u00a0pru\u017ea za\u0161titu od \u0161tetnog dejstva antibiotika.<br \/>\n\u2022 Dijareja na putovanju &#8211;\u00a0spre\u010dava pojavu dijareja na putovanju.<br \/>\n\u2022 Ja\u010danje imuniteta &#8211;\u00a0ja\u010da imunitet i podi\u017ee odbrambenu sposobnost digestivnog trakta.<\/p>\n<h2>Sastav proizvoda:<\/h2>\n<p><em>Saccharomyces boulardii<\/em>, kapsula (hipromeloza, boja: kalcijum-karbonat, skrob-natrijum-oktenilsukcinat), sredstvo za pove\u0107anje zapremine: mikrokristalna celuloza, sredstvo protiv zgrudnjavanja: talk, cink-citrat.<\/p>\n<h2>Na\u010din upotrebe:<\/h2>\n<p>Odrasli i deca starija od 3 godine: 1-2 kapsule dnevno. Po potrebi, kapsula se mo\u017ee otvoriti, sadr\u017eaj isprazniti u ka\u0161i\u010dicu sa malo te\u010dnosti i odmah popiti.<\/p>\n","protected":false},"excerpt":{"rendered":"<p><span class=\"opis-proizvoda\"><i class=\"fa-solid fa-circle-check check-opis-proizvoda\"><\/i>Probiotik za decu koji u rekordnom roku re\u0161ava problem dijareja svih uzroka kod dece<\/span><br \/>\n<span class=\"opis-proizvoda\"><i class=\"fa-solid fa-circle-check check-opis-proizvoda\"><\/i>Prvi izbor kod akutne dijareje, putni\u010dke dijareje i dijareje izazvane antibioticima kod dece<\/span><br \/>\n<span class=\"opis-proizvoda\"><i class=\"fa-solid fa-circle-check check-opis-proizvoda\"><\/i>Efikasna kombinacija probiotske kulture Saccharomyces boulardii i cinka u rekordnom roku normalizuje rad creva, ubla\u017eava tegobe i skra\u0107uje trajanje dijareje kod dece<\/span><br \/>\n<span class=\"opis-proizvoda\"><i class=\"fa-solid fa-circle-check check-opis-proizvoda\"><\/i>a-TECH inovativno pakovanje obezbe\u0111uje potpunu za\u0161titu proizvoda od spolja\u0161njih faktora<\/span><br \/>\n<span class=\"opis-proizvoda\"><i class=\"fa-solid fa-circle-check check-opis-proizvoda\"><\/i>Jedini probiotski preparat na tr\u017ei\u0161tu koji se mo\u017ee koristiti istovremeno sa antibioticima<\/span><\/p>\n","protected":false},"featured_media":234672,"comment_status":"open","ping_status":"closed","template":"","meta":{"_acf_changed":false},"product_brand":[],"product_cat":[320,72],"product_tag":[],"class_list":{"0":"post-234642","1":"product","2":"type-product","3":"status-publish","4":"has-post-thumbnail","6":"product_cat-creva-u-balansu","7":"product_cat-probiotici","9":"first","10":"instock","11":"shipping-taxable","12":"purchasable","13":"product-type-simple"},"acf":[],"jetpack_sharing_enabled":true,"_links":{"self":[{"href":"https:\/\/abela.shop\/rs\/wp-json\/wp\/v2\/product\/234642","targetHints":{"allow":["GET"]}}],"collection":[{"href":"https:\/\/abela.shop\/rs\/wp-json\/wp\/v2\/product"}],"about":[{"href":"https:\/\/abela.shop\/rs\/wp-json\/wp\/v2\/types\/product"}],"replies":[{"embeddable":true,"href":"https:\/\/abela.shop\/rs\/wp-json\/wp\/v2\/comments?post=234642"}],"version-history":[{"count":0,"href":"https:\/\/abela.shop\/rs\/wp-json\/wp\/v2\/product\/234642\/revisions"}],"wp:featuredmedia":[{"embeddable":true,"href":"https:\/\/abela.shop\/rs\/wp-json\/wp\/v2\/media\/234672"}],"wp:attachment":[{"href":"https:\/\/abela.shop\/rs\/wp-json\/wp\/v2\/media?parent=234642"}],"wp:term":[{"taxonomy":"product_brand","embeddable":true,"href":"https:\/\/abela.shop\/rs\/wp-json\/wp\/v2\/product_brand?post=234642"},{"taxonomy":"product_cat","embeddable":true,"href":"https:\/\/abela.shop\/rs\/wp-json\/wp\/v2\/product_cat?post=234642"},{"taxonomy":"product_tag","embeddable":true,"href":"https:\/\/abela.shop\/rs\/wp-json\/wp\/v2\/product_tag?post=234642"}],"curies":[{"name":"wp","href":"https:\/\/api.w.org\/{rel}","templated":true}]}}