{"id":234643,"date":"2024-11-28T14:57:44","date_gmt":"2024-11-28T14:57:44","guid":{"rendered":"https:\/\/abela.shop\/rs\/?post_type=product&#038;p=234643"},"modified":"2026-04-18T08:59:30","modified_gmt":"2026-04-18T07:59:30","slug":"bulardi-junior-10-kesica","status":"publish","type":"product","link":"https:\/\/abela.shop\/rs\/proizvod\/bulardi-junior-10-kesica\/","title":{"rendered":"BULARDI\u00ae junior, 10 kesica"},"content":{"rendered":"<p><strong>BULARDI<sup>\u00ae <\/sup>junior<\/strong>, pra\u0161ak za pripremu suspenzije za oralnu upotrebu je dodatak ishrani, koji sadr\u017ei probiotsku kulturu korisnih mikroorganizama <em>Saccharomyces boulardii<\/em> i <a href=\"https:\/\/bivits.com\/proizvod\/cink-25mg\/\" target=\"_blank\" rel=\"noopener\"><strong>cink<\/strong><\/a>, koji doprinosi normalnoj funkciji imunog sistema. Efikasna kombinacija probiotske kulture <em>Saccharomyces boulardii<\/em> i cinka u rekordnom roku normalizuje rad creva, ubla\u017eava tegobe i skra\u0107uje trajanje dijareje kod dece.<\/p>\n<p><strong>BULARDI\u00ae junior<\/strong> je potpuno prirodan preparat koji skra\u0107uje trajanje dijareje i normalizuje rad creva, elimini\u0161e lo\u0161e bakterije i njihove toksine iz organizma, a istovremeno reguli\u0161e kiselost, obnavlja sluzoko\u017eu i poja\u010dava lokalni <a href=\"https:\/\/abela.shop\/rs\/proizvod\/bivits-activa-immunity-junior-60-tableta-za-zvakanje\/\"><strong>imunitet<\/strong><\/a> u crevima. Cink u sastavu probiotika <strong>BULARDI<sup>\u00ae<\/sup> junior<\/strong> skra\u0107uje trajanje dijareje i spre\u010dava dehidrataciju tokom dijareje.<\/p>\n<h2>Indikacije za upotrebu BULARDI<sup>\u00ae<\/sup> junior-a:<\/h2>\n<p>\u2022 Akutne dijareje svih uzroka &#8211;\u00a0skra\u0107uje trajanje dijareje i normalizuje rad creva.<br \/>\n\u2022 Uzimanje antibiotika &#8211;\u00a0pru\u017ea za\u0161titu od \u0161tetnog dejstva antibiotika.<br \/>\n\u2022 Dijareja na putovanju &#8211;\u00a0spre\u010dava pojavu dijareja na putovanju.<br \/>\n\u2022 Ja\u010danje imuniteta &#8211;\u00a0ja\u010da imunitet i podi\u017ee odbrambenu sposobnost digestivnog trakta.<\/p>\n<h2>Sastav proizvoda:<\/h2>\n<p><em>Saccharomyces boulardii<\/em>, cink-citrat, sredstvo za pove\u0107anje zapremine: maltodekstrin, skrob (kukuruzni).<\/p>\n<h2>Na\u010din upotrebe:<\/h2>\n<p>Deca uzrasta do 6 godina: 1-2 puta dnevno sadr\u017eaj jedne kesice rastvoriti u \u010da\u0161i vode, prome\u0161ati i odmah popiti. Deca uzrasta 6-12 godina: 2-3 puta dnevno sadr\u017eaj jedne kesice rastvoriti u \u010da\u0161i vode, prome\u0161ati i odmah popiti.<\/p>\n","protected":false},"excerpt":{"rendered":"<p><span class=\"opis-proizvoda\"><i class=\"fa-solid fa-circle-check check-opis-proizvoda\"><\/i><strong>Probiotik za decu koji u rekordnom roku re\u0161ava problem dijareja svih uzroka kod dece<\/strong><\/span><br \/>\n<span class=\"opis-proizvoda\"><i class=\"fa-solid fa-circle-check check-opis-proizvoda\"><\/i>Prvi izbor kod akutne dijareje, putni\u010dke dijareje i dijareje izazvane antibioticima kod dece<\/span><br \/>\n<span class=\"opis-proizvoda\"><i class=\"fa-solid fa-circle-check check-opis-proizvoda\"><\/i>@TECH inovativno pakovanje obezbe\u0111uje potpunu za\u0161titu proizvoda od spolja\u0161njih faktora<\/span><br \/>\n<span class=\"opis-proizvoda\"><i class=\"fa-solid fa-circle-check check-opis-proizvoda\"><\/i>Jedini probiotski preparat na tr\u017ei\u0161tu koji se mo\u017ee koristiti istovremeno sa antibioticima<\/span><\/p>\n","protected":false},"featured_media":234674,"comment_status":"open","ping_status":"closed","template":"","meta":{"_acf_changed":false},"product_brand":[],"product_cat":[320,72],"product_tag":[],"class_list":{"0":"post-234643","1":"product","2":"type-product","3":"status-publish","4":"has-post-thumbnail","6":"product_cat-creva-u-balansu","7":"product_cat-probiotici","9":"first","10":"instock","11":"featured","12":"shipping-taxable","13":"purchasable","14":"product-type-simple"},"acf":[],"jetpack_sharing_enabled":true,"_links":{"self":[{"href":"https:\/\/abela.shop\/rs\/wp-json\/wp\/v2\/product\/234643","targetHints":{"allow":["GET"]}}],"collection":[{"href":"https:\/\/abela.shop\/rs\/wp-json\/wp\/v2\/product"}],"about":[{"href":"https:\/\/abela.shop\/rs\/wp-json\/wp\/v2\/types\/product"}],"replies":[{"embeddable":true,"href":"https:\/\/abela.shop\/rs\/wp-json\/wp\/v2\/comments?post=234643"}],"version-history":[{"count":26,"href":"https:\/\/abela.shop\/rs\/wp-json\/wp\/v2\/product\/234643\/revisions"}],"predecessor-version":[{"id":246989,"href":"https:\/\/abela.shop\/rs\/wp-json\/wp\/v2\/product\/234643\/revisions\/246989"}],"wp:featuredmedia":[{"embeddable":true,"href":"https:\/\/abela.shop\/rs\/wp-json\/wp\/v2\/media\/234674"}],"wp:attachment":[{"href":"https:\/\/abela.shop\/rs\/wp-json\/wp\/v2\/media?parent=234643"}],"wp:term":[{"taxonomy":"product_brand","embeddable":true,"href":"https:\/\/abela.shop\/rs\/wp-json\/wp\/v2\/product_brand?post=234643"},{"taxonomy":"product_cat","embeddable":true,"href":"https:\/\/abela.shop\/rs\/wp-json\/wp\/v2\/product_cat?post=234643"},{"taxonomy":"product_tag","embeddable":true,"href":"https:\/\/abela.shop\/rs\/wp-json\/wp\/v2\/product_tag?post=234643"}],"curies":[{"name":"wp","href":"https:\/\/api.w.org\/{rel}","templated":true}]}}