{"id":234644,"date":"2024-11-28T14:57:44","date_gmt":"2024-11-28T14:57:44","guid":{"rendered":"https:\/\/abela.shop\/rs\/?post_type=product&#038;p=234644"},"modified":"2026-05-01T15:00:40","modified_gmt":"2026-05-01T14:00:40","slug":"enterobiotik-junior-10-kapsula","status":"publish","type":"product","link":"https:\/\/abela.shop\/rs\/proizvod\/enterobiotik-junior-10-kapsula\/","title":{"rendered":"EnteroBiotik\u00ae JUNIOR, 10 kapsula"},"content":{"rendered":"<p><strong>EnteroBiotik<sup>\u00ae <\/sup>JUNIOR<\/strong> je dodatak ishrani koji u svom sastavu sadr\u017ei kombinaciju 2 soja probiotskih bakterija : <em>Lactiplantibacillus plantarum LP6595<\/em>, <em>Lacticaseibacillus rhamnosus GG<\/em> i probiotski kvasac <em>Saccharomyces boulardii<\/em>, kao i <a href=\"https:\/\/bivits.com\/proizvod\/cink-25mg\/\" target=\"_blank\" rel=\"noopener\"><strong>cink<\/strong><\/a>, koji pru\u017ea podr\u0161ku imunom sistemu deteta.<\/p>\n<p>Pru\u017ea jedinstvenu podr\u0161ku crevnoj flori deteta, sa \u010dak 15 milijardi probiotskih kultura u jednoj kapsuli. Preporu\u010duje se za obnovu i regulisanje crevne flore dece na dnevnom nivou, kao i <strong>ja\u010danje op\u0161teg <a href=\"https:\/\/abela.shop\/rs\/proizvod\/bivits-activa-immunity-junior-60-tableta-za-zvakanje\/\">imuniteta<\/a> deteta<\/strong>.<\/p>\n<p><strong>EnteroBiotik<sup>\u00ae <\/sup>JUNIOR je namenjen deci starijoj od 3 godine jer:<\/strong><br \/>\n\u2022 Probiotik za decu za kompletnu za\u0161titu i obnovu crevne flore i ja\u010danje imuniteta dece<br \/>\n\u2022 Kombinacija najvi\u0161e ispitivanih i preporu\u010denih probiotskih sojeva kod dece \u2013 Lactiplantibacillus plantarum LP6595, Lacticaseibacillus rhamnosus GG, Saccharomyces boulardii i cinka pru\u017ea jedinstvenu podr\u0161ku crevnoj flori deteta, sa \u010dak 15 milijardi probiotskih kultura u jednoj kapsuli<br \/>\n\u2022 Prva preporuka za svakodnevnu primenu, za\u0161titu i obnovu crevne flore i ja\u010danju imuniteta kod dece<br \/>\n\u2022 a-tech inovativno pakovanje garantuje potpunu za\u0161titu od spolja\u0161njih \u0161tetnih uticaja, o\u010duvanja broja \u017eivih \u0107elija i stabilnost probiotika do kraja roka upotrebe<\/p>\n<h2>Sastav proizvoda:<\/h2>\n<p>Liofolizovana kultura <em>Lactiplantibacillus plantarum LP6595<\/em>, liofolizovana kultura <em>Lacticaseibacillus rhamnosus GG<\/em>, <em>Saccharomyces boulardii<\/em>, kapsula (hipromeloza, boja: titan-dioksid), sredstvo za pove\u0107anje zapremine, mikrokristalna celuloza, sredstvo protiv zgrudvavanja, talk, cink-citrat.<\/p>\n<h2>Na\u010din upotrebe:<\/h2>\n<p>Deca starija od 3 godine: jednom do dva puta dnevno po jednu kapsulu.<\/p>\n","protected":false},"excerpt":{"rendered":"<p><span class=\"opis-proizvoda\"><i class=\"fa-solid fa-circle-check check-opis-proizvoda\"><\/i>Poma\u017ee u prevenciji infekcija<\/span><br \/>\n<span class=\"opis-proizvoda\"><i class=\"fa-solid fa-circle-check check-opis-proizvoda\"><\/i>poma\u017ee u odr\u017eavanju zdravog digestivnog trakta<\/span><br \/>\n<span class=\"opis-proizvoda\"><i class=\"fa-solid fa-circle-check check-opis-proizvoda\"><\/i>@TECH inovativno pakovanje obezbe\u0111uje potpunu za\u0161titu proizvoda od spolja\u0161njih faktora<\/span><br \/>\n<span class=\"opis-proizvoda\"><i class=\"fa-solid fa-circle-check check-opis-proizvoda\"><\/i>Poma\u017ee u o\u010duvanju zdravih desni i zuba<\/span><br \/>\n<span class=\"opis-proizvoda\"><i class=\"fa-solid fa-circle-check check-opis-proizvoda\"><\/i>Smanjuje nervozu u crevima<\/span><\/p>\n","protected":false},"featured_media":238088,"comment_status":"open","ping_status":"closed","template":"","meta":{"_acf_changed":false},"product_brand":[],"product_cat":[320,72],"product_tag":[],"class_list":{"0":"post-234644","1":"product","2":"type-product","3":"status-publish","4":"has-post-thumbnail","6":"product_cat-creva-u-balansu","7":"product_cat-probiotici","9":"first","10":"instock","11":"shipping-taxable","12":"purchasable","13":"product-type-simple"},"acf":[],"jetpack_sharing_enabled":true,"_links":{"self":[{"href":"https:\/\/abela.shop\/rs\/wp-json\/wp\/v2\/product\/234644","targetHints":{"allow":["GET"]}}],"collection":[{"href":"https:\/\/abela.shop\/rs\/wp-json\/wp\/v2\/product"}],"about":[{"href":"https:\/\/abela.shop\/rs\/wp-json\/wp\/v2\/types\/product"}],"replies":[{"embeddable":true,"href":"https:\/\/abela.shop\/rs\/wp-json\/wp\/v2\/comments?post=234644"}],"version-history":[{"count":0,"href":"https:\/\/abela.shop\/rs\/wp-json\/wp\/v2\/product\/234644\/revisions"}],"wp:featuredmedia":[{"embeddable":true,"href":"https:\/\/abela.shop\/rs\/wp-json\/wp\/v2\/media\/238088"}],"wp:attachment":[{"href":"https:\/\/abela.shop\/rs\/wp-json\/wp\/v2\/media?parent=234644"}],"wp:term":[{"taxonomy":"product_brand","embeddable":true,"href":"https:\/\/abela.shop\/rs\/wp-json\/wp\/v2\/product_brand?post=234644"},{"taxonomy":"product_cat","embeddable":true,"href":"https:\/\/abela.shop\/rs\/wp-json\/wp\/v2\/product_cat?post=234644"},{"taxonomy":"product_tag","embeddable":true,"href":"https:\/\/abela.shop\/rs\/wp-json\/wp\/v2\/product_tag?post=234644"}],"curies":[{"name":"wp","href":"https:\/\/api.w.org\/{rel}","templated":true}]}}