{"id":234650,"date":"2024-11-28T14:57:46","date_gmt":"2024-11-28T14:57:46","guid":{"rendered":"https:\/\/abela.shop\/rs\/?post_type=product&#038;p=234650"},"modified":"2026-04-15T23:00:13","modified_gmt":"2026-04-15T22:00:13","slug":"enterobiotik-10-kapsula","status":"publish","type":"product","link":"https:\/\/abela.shop\/rs\/proizvod\/enterobiotik-10-kapsula\/","title":{"rendered":"EnteroBiotik\u00ae, 10 kapsula"},"content":{"rendered":"<p><strong>EnteroBiotik<sup>\u00ae<\/sup><\/strong> je jedinstvena kombinacija probiotske gljivice <em>Saccharomyces boulardii<\/em> i dobrih bakterija <em>Lactiplantibacillus plantarum<\/em> 6595 i <em>Lactiplantibacillus plantarum Heal 9<\/em>, koja \u0161titi crevnu floru i ja\u010da imunitet. Kombinacija dobrih bakterija i <em>Saccharomyces boulardii<\/em> elimini\u0161e \u0161tetne bakterije i njihove toksine i na taj na\u010din doprinosi re\u0161avanju stoma\u010dnih tegoba i normalizaciji naru\u0161ene mikrobiotske ravnote\u017ee. Idealan kod putovanja kada se mogu javiti nespecifi\u010dne stoma\u010dne tegobe kao \u0161to su: mu\u010dnina povezana s povra\u0107anjem, gr\u010devi i<a href=\"https:\/\/abela.shop\/rs\/proizvod\/bulardi-30-kapsula\/\"> <strong>dijareja<\/strong><\/a>. Preporu\u010duje se za obnovu i regulisanje crevne flore odraslih na dnevnom nivou.<\/p>\n<p><strong>EnteroBiotik<sup>\u00ae<\/sup><\/strong> svojim jedinstvenim sastavom doprinosi:<br \/>\n\u2022 Za svakodnevnu za\u0161titu i obnovu crevne flore i digestivnog trakta kod odraslih<br \/>\n\u2022 Jedinstvena kombinacija probiotske gljivice Saccharomyces boulardii i dobrih bakterija Lactiplantibacillus plantarum LP 6595 i Lactiplantibacillus plantarum HEAL 9<br \/>\n\u2022 \u0160titi crevnu floru i doprinosi ja\u010danju <a href=\"https:\/\/bivits.com\/proizvod\/immunity-booster\/\" target=\"_blank\" rel=\"noopener\"><strong>imuniteta<\/strong><\/a>.<br \/>\nPreporu\u010den za svakodnevnu primenu, za\u0161titu i obnovu crevne flore i digestivnog trakta i prevenciju dijareje<br \/>\n\u2022 a-TECH inovativno pakovanje obezbe\u0111uje potpunu za\u0161titu proizvoda od spolja\u0161njih faktora, o\u010duvanje broja \u017eivih \u0107elija i obezbe\u0111uje efikasnost probiotika do kraja roka upotrebe<\/p>\n<h2>Sastav proizvoda:<\/h2>\n<p>Liofolizovana kultura <em>Lactiplantibacillus plantarum LP 6595<\/em>, liofolizovana kultura <em>Lactiplantibacillus plantarum HEAL 9<\/em> , <em>Saccharomyces boulardii<\/em>, kapsula (hipromeloza, boja: kalcijum-karbonat, stabilizator: skrob-natrijum-oktenilsukcinat), skrob kukuruzni, sredstvo za pove\u0107anje zapremine: mikrokristalna celuloza, sredstva protiv zgrudvavanja: talk i magnezijum stearat.<\/p>\n<h2>Na\u010din upotrebe:<\/h2>\n<p>Odrasli i deca iznad 3 godine: Popiti jednu do dve kapsule dnevno. Po potrebi kapsula se mo\u017ee otvoriti, sadr\u017eaj isprazniti u ka\u0161i\u010dicu sa malo te\u010dnosti i odmah popiti.<\/p>\n","protected":false},"excerpt":{"rendered":"<p><span class=\"opis-proizvoda\"><i class=\"fa-solid fa-circle-check check-opis-proizvoda\"><\/i><strong>Za\u0161titi crevne flore<\/strong><\/span><br \/>\n<span class=\"opis-proizvoda\"><i class=\"fa-solid fa-circle-check check-opis-proizvoda\"><\/i>Uspostavljanju ravnote\u017ee crevne flore<\/span><br \/>\n<span class=\"opis-proizvoda\"><i class=\"fa-solid fa-circle-check check-opis-proizvoda\"><\/i>Ja\u010danju imuniteta<\/span><br \/>\n<span class=\"opis-proizvoda\"><i class=\"fa-solid fa-circle-check check-opis-proizvoda\"><\/i>a-TECH inovativno pakovanje obezbe\u0111uje potpunu za\u0161titu proizvoda od spolja\u0161njih faktora<\/span><\/p>\n","protected":false},"featured_media":234688,"comment_status":"open","ping_status":"closed","template":"","meta":{"_acf_changed":false},"product_brand":[],"product_cat":[320,72],"product_tag":[],"class_list":{"0":"post-234650","1":"product","2":"type-product","3":"status-publish","4":"has-post-thumbnail","6":"product_cat-creva-u-balansu","7":"product_cat-probiotici","9":"first","10":"instock","11":"shipping-taxable","12":"purchasable","13":"product-type-simple"},"acf":[],"jetpack_sharing_enabled":true,"_links":{"self":[{"href":"https:\/\/abela.shop\/rs\/wp-json\/wp\/v2\/product\/234650","targetHints":{"allow":["GET"]}}],"collection":[{"href":"https:\/\/abela.shop\/rs\/wp-json\/wp\/v2\/product"}],"about":[{"href":"https:\/\/abela.shop\/rs\/wp-json\/wp\/v2\/types\/product"}],"replies":[{"embeddable":true,"href":"https:\/\/abela.shop\/rs\/wp-json\/wp\/v2\/comments?post=234650"}],"version-history":[{"count":24,"href":"https:\/\/abela.shop\/rs\/wp-json\/wp\/v2\/product\/234650\/revisions"}],"predecessor-version":[{"id":247681,"href":"https:\/\/abela.shop\/rs\/wp-json\/wp\/v2\/product\/234650\/revisions\/247681"}],"wp:featuredmedia":[{"embeddable":true,"href":"https:\/\/abela.shop\/rs\/wp-json\/wp\/v2\/media\/234688"}],"wp:attachment":[{"href":"https:\/\/abela.shop\/rs\/wp-json\/wp\/v2\/media?parent=234650"}],"wp:term":[{"taxonomy":"product_brand","embeddable":true,"href":"https:\/\/abela.shop\/rs\/wp-json\/wp\/v2\/product_brand?post=234650"},{"taxonomy":"product_cat","embeddable":true,"href":"https:\/\/abela.shop\/rs\/wp-json\/wp\/v2\/product_cat?post=234650"},{"taxonomy":"product_tag","embeddable":true,"href":"https:\/\/abela.shop\/rs\/wp-json\/wp\/v2\/product_tag?post=234650"}],"curies":[{"name":"wp","href":"https:\/\/api.w.org\/{rel}","templated":true}]}}